{"id":8081,"date":"2023-07-17T15:37:02","date_gmt":"2023-07-17T22:37:02","guid":{"rendered":"https:\/\/belalhamidehlaw.com\/?page_id=8081"},"modified":"2026-03-12T10:59:53","modified_gmt":"2026-03-12T17:59:53","slug":"politica-de-privacidad","status":"publish","type":"page","link":"https:\/\/belalhamidehlaw.com\/es\/politica-de-privacidad\/","title":{"rendered":"Pol\u00edtica de privacidad"},"content":{"rendered":"<h2>Pol\u00edtica de Privacidad del Abogado de Accidentes de California<\/h2>\n<p>Esta pol\u00edtica de privacidad ha sido compilada para servir mejor a aquellos que est\u00e1n preocupados por c\u00f3mo se usa en l\u00ednea su \u00abInformaci\u00f3n de identificaci\u00f3n personal\u00bb (PII). PII, como se describe en la ley de privacidad y seguridad de la informaci\u00f3n de los EE. UU., Es informaci\u00f3n que se puede usar por s\u00ed misma o con otra informaci\u00f3n para identificar, contactar o localizar a una sola persona o para identificar a una persona en su contexto. Lea detenidamente nuestra pol\u00edtica de privacidad para obtener una comprensi\u00f3n clara de c\u00f3mo recopilamos, usamos, protegemos o manejamos su Informaci\u00f3n de identificaci\u00f3n personal de acuerdo con nuestro sitio web.<\/p>\n<p>\u00bfQu\u00e9 informaci\u00f3n personal recopilamos de las personas que visitan nuestro blog, sitio web o aplicaci\u00f3n?<\/p>\n<p>Al realizar un pedido o registrarse en nuestro sitio, seg\u00fan corresponda, se le puede solicitar que ingrese su nombre, direcci\u00f3n de correo electr\u00f3nico, n\u00famero de tel\u00e9fono u otros detalles para ayudarlo con su experiencia.<\/p>\n<p>\u00bfCu\u00e1ndo recopilamos informaci\u00f3n?<\/p>\n<p>Recopilamos informaci\u00f3n de usted cuando completa un formulario o ingresa informaci\u00f3n en nuestro sitio.<\/p>\n<p>\u00bfC\u00f3mo usamos su informaci\u00f3n?<\/p>\n<p>Podemos utilizar la informaci\u00f3n que recopilamos de usted cuando se registra, hace una compra, se registra en nuestro bolet\u00edn informativo, responde a una encuesta o comunicaci\u00f3n de marketing, navega por el sitio web o utiliza otras caracter\u00edsticas del sitio de las siguientes maneras:<\/p>\n<p>Para seguir con ellos despu\u00e9s de la correspondencia (chat en vivo, correo electr\u00f3nico o consultas telef\u00f3nicas)<br \/>\n\u00bfC\u00f3mo protegemos tu informaci\u00f3n?<\/p>\n<p>No utilizamos el an\u00e1lisis y \/ o escaneo de vulnerabilidades a est\u00e1ndares PCI.<\/p>\n<p>Solo proporcionamos art\u00edculos e informaci\u00f3n. Nunca pedimos n\u00fameros de tarjetas de cr\u00e9dito.<\/p>\n<p>No utilizamos el Malware Scanning.<\/p>\n<p>Su informaci\u00f3n personal est\u00e1 contenida detr\u00e1s de redes seguras y solo es accesible para un n\u00famero limitado de personas que tienen derechos especiales de acceso a dichos sistemas, y se les exige mantener la confidencialidad de la informaci\u00f3n. Adem\u00e1s, toda la informaci\u00f3n sensible \/ crediticia que usted suministra est\u00e1 encriptada a trav\u00e9s de la tecnolog\u00eda Secure Socket Layer (SSL).<\/p>\n<p>Implementamos una variedad de medidas de seguridad cuando un usuario ingresa, env\u00eda o accede a su informaci\u00f3n para mantener la seguridad de su informaci\u00f3n personal.<\/p>\n<p>Todas las transacciones se procesan a trav\u00e9s de un proveedor de puerta de enlace y no se almacenan ni procesan en nuestros servidores.<\/p>\n<p>\u00bfUsamos &#8216;cookies&#8217;?<\/p>\n<p>S\u00ed. Las cookies son peque\u00f1os archivos que un sitio o su proveedor de servicios transfiere al disco duro de su computadora a trav\u00e9s de su navegador web (si lo permite) que permite que los sistemas del sitio o del proveedor de servicios reconozcan su navegador y capturen y recuerden cierta informaci\u00f3n. Por ejemplo, usamos cookies para ayudarnos a recordar y procesar los art\u00edculos en su carrito de compras. Tambi\u00e9n se utilizan para ayudarnos a comprender sus preferencias en funci\u00f3n de la actividad del sitio anterior o actual, lo que nos permite brindarle mejores servicios. Tambi\u00e9n utilizamos cookies para ayudarnos a recopilar datos agregados sobre el tr\u00e1fico del sitio y la interacci\u00f3n del sitio para que podamos ofrecer mejores experiencias y herramientas del sitio en el futuro.<\/p>\n<p>Usamos cookies para:<\/p>\n<p>Comprenda y guarde las preferencias del usuario para futuras visitas.<br \/>\nPuede optar por que su computadora lo advierta cada vez que se env\u00eda una cookie, o puede optar por desactivar todas las cookies. Lo haces a trav\u00e9s de la configuraci\u00f3n de tu navegador. Como el navegador es un poco diferente, consulte el Men\u00fa de Ayuda de su navegador para conocer la forma correcta de modificar sus cookies.<\/p>\n<p>Si desactiva las cookies, es posible que algunas de las funciones que hacen que su sitio sea m\u00e1s eficiente no funcionen correctamente. No afectar\u00e1 la experiencia del usuario que hace que la experiencia de su sitio sea m\u00e1s eficiente y puede que no funcione correctamente.<\/p>\n<p>Revelaci\u00f3n de terceros<\/p>\n<p>No vendemos, comercializamos ni transferimos a terceros su informaci\u00f3n de identificaci\u00f3n personal.<\/p>\n<p>Enlaces de terceros<\/p>\n<p>No incluimos ni ofrecemos productos o servicios de terceros en nuestro sitio web.<\/p>\n<p>Google<\/p>\n<p>Los requisitos de publicidad de Google se pueden resumir en los Principios de publicidad de Google. Se ponen en marcha para proporcionar una experiencia positiva para los usuarios. https:\/\/support.google.com\/adwordspolicy\/answer\/1316548?hl=en<\/p>\n<p>Utilizamos Google AdSense Advertising en nuestro sitio web.<\/p>\n<p>Google, como proveedor externo, utiliza cookies para publicar anuncios en nuestro sitio. El uso de Google de la cookie de DART le permite publicar avisos para nuestros usuarios sobre la base de visitas anteriores a nuestro sitio y otros sitios en Internet. Los usuarios pueden optar por no utilizar el cookie de DART visitando la pol\u00edtica de privacidad de Google Ad y Content Network.<\/p>\n<p>Hemos implementado lo siguiente:<\/p>\n<p>Nosotros, junto con terceros proveedores como Google, utilizamos cookies de origen (como las cookies de Google Analytics) y de terceros (como la cookie de DoubleClick) u otros identificadores de terceros para recopilar datos sobre las interacciones de los usuarios con impresiones de anuncios y otras funciones del servicio de anuncios relacionadas con nuestro sitio web.<\/p>\n<p>Optar por salir:<br \/>\nLos usuarios pueden establecer preferencias sobre c\u00f3mo Google se anuncia a trav\u00e9s de la p\u00e1gina de configuraci\u00f3n de anuncios de Google. Alternativamente, puede optar por no participar visitando la p\u00e1gina de exclusi\u00f3n de la iniciativa de publicidad en red o usando el complemento de exclusi\u00f3n de Google Analytics.<\/p>\n<p>Ley de Protecci\u00f3n de Privacidad en L\u00ednea de California<\/p>\n<p>CalOPPA i<\/p>\n","protected":false},"excerpt":{"rendered":"<p>Pol\u00edtica de Privacidad del Abogado de Accidentes de California Esta pol\u00edtica de privacidad ha sido compilada para servir mejor a aquellos que est\u00e1n preocupados por c\u00f3mo se usa en l\u00ednea su \u00abInformaci\u00f3n de identificaci\u00f3n personal\u00bb (PII). PII, como se describe en la ley de privacidad y seguridad de la informaci\u00f3n de los EE. UU., Es&#8230; <\/p>\n<p class=\"excerpt-read-more-container pull-right\"><a class=\"excerpt-read-more btn btn-primary\" href=\"https:\/\/belalhamidehlaw.com\/es\/politica-de-privacidad\/\" title=\"Read Pol\u00edtica de privacidad\">Leer M\u00e1s<\/a><\/p>\n","protected":false},"author":25,"featured_media":0,"parent":0,"menu_order":0,"comment_status":"closed","ping_status":"closed","template":"template-service.php","meta":{"footnotes":""},"class_list":["post-8081","page","type-page","status-publish","hentry"],"_links":{"self":[{"href":"https:\/\/belalhamidehlaw.com\/es\/wp-json\/wp\/v2\/pages\/8081","targetHints":{"allow":["GET"]}}],"collection":[{"href":"https:\/\/belalhamidehlaw.com\/es\/wp-json\/wp\/v2\/pages"}],"about":[{"href":"https:\/\/belalhamidehlaw.com\/es\/wp-json\/wp\/v2\/types\/page"}],"author":[{"embeddable":true,"href":"https:\/\/belalhamidehlaw.com\/es\/wp-json\/wp\/v2\/users\/25"}],"replies":[{"embeddable":true,"href":"https:\/\/belalhamidehlaw.com\/es\/wp-json\/wp\/v2\/comments?post=8081"}],"version-history":[{"count":0,"href":"https:\/\/belalhamidehlaw.com\/es\/wp-json\/wp\/v2\/pages\/8081\/revisions"}],"wp:attachment":[{"href":"https:\/\/belalhamidehlaw.com\/es\/wp-json\/wp\/v2\/media?parent=8081"}],"curies":[{"name":"wp","href":"https:\/\/api.w.org\/{rel}","templated":true}]}}