{"id":4293,"date":"2026-03-05T15:37:32","date_gmt":"2026-03-05T23:37:32","guid":{"rendered":"https:\/\/belalhamidehlaw.com\/?page_id=4293"},"modified":"2026-03-16T12:03:14","modified_gmt":"2026-03-16T19:03:14","slug":"lesiones-catastroficas","status":"publish","type":"page","link":"https:\/\/belalhamidehlaw.com\/es\/lesiones-catastroficas\/","title":{"rendered":"Abogado de lesiones catastr\u00f3ficas en Los Angeles"},"content":{"rendered":"<p><img loading=\"lazy\" decoding=\"async\" class=\"alignnone wp-image-41134 size-full\" src=\"https:\/\/belalhamidehlaw.com\/es\/wp-content\/uploads\/sites\/3\/2026\/03\/abogado-de-lesiones-catastroficas-en-los-angeles.png\" alt=\"abogado de lesiones catastroficas en los angeles\" width=\"1200\" height=\"628\" srcset=\"https:\/\/belalhamidehlaw.com\/es\/wp-content\/uploads\/sites\/3\/2026\/03\/abogado-de-lesiones-catastroficas-en-los-angeles.png 1200w, https:\/\/belalhamidehlaw.com\/es\/wp-content\/uploads\/sites\/3\/2026\/03\/abogado-de-lesiones-catastroficas-en-los-angeles-300x157.png 300w, https:\/\/belalhamidehlaw.com\/es\/wp-content\/uploads\/sites\/3\/2026\/03\/abogado-de-lesiones-catastroficas-en-los-angeles-1024x536.png 1024w, https:\/\/belalhamidehlaw.com\/es\/wp-content\/uploads\/sites\/3\/2026\/03\/abogado-de-lesiones-catastroficas-en-los-angeles-768x402.png 768w\" sizes=\"auto, (max-width: 1200px) 100vw, 1200px\" \/><\/p>\n<h2><b>Lesiones catastr\u00f3ficas: un camino dif\u00edcil que no tiene que recorrer solo<\/b><\/h2>\n<p><span style=\"font-weight: 400;\">Sufrir una lesi\u00f3n catastr\u00f3fica puede cambiar la vida en un instante. Los accidentes automovil\u00edsticos, una ca\u00edda grave, los accidentes de motocicleta, un accidente laboral en Los Angeles pueden dejar secuelas devastadoras.<\/span><\/p>\n<p><span style=\"font-weight: 400;\">Estas pueden afectar no solo la salud f\u00edsica, sino tambi\u00e9n la emocional, social y financiera de la v\u00edctima y sus seres queridos. En estos momentos de incertidumbre y dolor, contar con el apoyo de un abogado de lesiones personales especializado en lesiones catastr\u00f3ficas en Los Angeles puede marcar la diferencia en el camino hacia la recuperaci\u00f3n y la justicia.<\/span><\/p>\n<p><span style=\"font-weight: 400;\">Si usted o un ser querido han sufrido una lesi\u00f3n catastr\u00f3fica en Los \u00c1ngeles, es importante comprender sus derechos y<\/span><a href=\"https:\/\/selfhelp.courts.ca.gov\/es\/demanda-civil\/lesion-personal#:~:text=En%20los%20casos%20de%20lesiones,las%20lesiones%20y%20el%20tratamiento\" target=\"_blank\" rel=\"noopener\"> <span style=\"font-weight: 400;\">opciones legales<\/span><\/a><span style=\"font-weight: 400;\">. Los abogados de accidentes y lesiones personales en Los Angeles pueden ayudarle a comprender sus opciones legales y as\u00ed obtener la compensaci\u00f3n que merece.<\/span><\/p>\n<p><span style=\"font-weight: 400;\">Entre ellos, destaca <\/span><b>Oficinas Legal de Belal Hamideh, abogados experimentados en lesiones personales.<\/b><span style=\"font-weight: 400;\"> Con una tasa de \u00e9xito espectacular del 99%, <\/span><a href=\"https:\/\/belalhamidehlaw.com\/es\/testimonios\/\"><span style=\"font-weight: 400;\">brindan a sus clientes la compensaci\u00f3n<\/span><\/a><span style=\"font-weight: 400;\"> que merecen.<\/span><\/p>\n<h2><b>\u00bfQu\u00e9 son las lesiones catastr\u00f3ficas?<\/b><\/h2>\n<p><span style=\"font-weight: 400;\">Las lesiones catastr\u00f3ficas se definen como aquellas que causan un da\u00f1o significativo y permanente a una persona. Afectan gravemente su capacidad para llevar una vida normal e independiente. Estas lesiones a menudo requieren atenci\u00f3n m\u00e9dica extensa y rehabilitaci\u00f3n a largo plazo. Tambi\u00e9n pueden resultar en discapacidades permanentes.<\/span><\/p>\n<h3><b>Ejemplos de lesiones catastr\u00f3ficas:<\/b><\/h3>\n<ul>\n<li style=\"font-weight: 400;\" aria-level=\"1\"><span style=\"font-weight: 400;\">Lesiones cerebrales traum\u00e1ticas: pueden causar una variedad de discapacidades cognitivas, f\u00edsicas y emocionales.<\/span><\/li>\n<li style=\"font-weight: 400;\" aria-level=\"1\"><span style=\"font-weight: 400;\">Lesiones de la m\u00e9dula espinal:<\/span> <span style=\"font-weight: 400;\">pueden resultar en par\u00e1lisis parcial o completa.<\/span><\/li>\n<li style=\"font-weight: 400;\" aria-level=\"1\"><span style=\"font-weight: 400;\">Amputaciones:<\/span> <span style=\"font-weight: 400;\">pueden tener un impacto devastador en la vida de una persona.<\/span><\/li>\n<li style=\"font-weight: 400;\" aria-level=\"1\"><span style=\"font-weight: 400;\">Quemaduras graves:<\/span> <span style=\"font-weight: 400;\">pueden causar dolor cr\u00f3nico, desfiguraci\u00f3n y complicaciones m\u00e9dicas graves.<\/span><\/li>\n<li style=\"font-weight: 400;\" aria-level=\"1\"><span style=\"font-weight: 400;\">Fracturas m\u00faltiples:<\/span> <span style=\"font-weight: 400;\">pueden requerir cirug\u00edas complejas y largos per\u00edodos de rehabilitaci\u00f3n.<\/span><\/li>\n<li style=\"font-weight: 400;\" aria-level=\"1\"><span style=\"font-weight: 400;\">Da\u00f1o a \u00f3rganos internos: puede poner en peligro la vida y requerir atenci\u00f3n m\u00e9dica intensiva.<\/span><\/li>\n<\/ul>\n<h3><b>\u00bfC\u00f3mo saber si sufr\u00ed una lesi\u00f3n catastr\u00f3fica?<\/b><\/h3>\n<p><span style=\"font-weight: 400;\">Si usted ha sufrido un accidente o lesi\u00f3n grave en Los Angeles, es crucial buscar atenci\u00f3n m\u00e9dica inmediata. Algunos signos y s\u00edntomas que pueden indicar una lesi\u00f3n catastr\u00f3fica incluyen:<\/span><\/p>\n<ul>\n<li style=\"font-weight: 400;\" aria-level=\"1\"><span style=\"font-weight: 400;\">P\u00e9rdida del conocimiento<\/span><\/li>\n<li style=\"font-weight: 400;\" aria-level=\"1\"><span style=\"font-weight: 400;\">Confusi\u00f3n o desorientaci\u00f3n<\/span><\/li>\n<li style=\"font-weight: 400;\" aria-level=\"1\"><span style=\"font-weight: 400;\">Dificultad para hablar o moverse<\/span><\/li>\n<li style=\"font-weight: 400;\" aria-level=\"1\"><span style=\"font-weight: 400;\">Dolor intenso<\/span><\/li>\n<li style=\"font-weight: 400;\" aria-level=\"1\"><span style=\"font-weight: 400;\">Sangrado profuso<\/span><\/li>\n<li style=\"font-weight: 400;\" aria-level=\"1\"><span style=\"font-weight: 400;\">Fracturas o deformidades visibles<\/span><\/li>\n<li style=\"font-weight: 400;\" aria-level=\"1\"><span style=\"font-weight: 400;\">Cambios en la visi\u00f3n o el o\u00eddo<\/span><\/li>\n<\/ul>\n<p><span style=\"font-weight: 400;\">Es importante recordar que algunas lesiones catastr\u00f3ficas pueden no ser evidentes de inmediato. Si experimenta alg\u00fan s\u00edntoma inusual despu\u00e9s de un accidente, busque atenci\u00f3n m\u00e9dica lo antes posible.<\/span><\/p>\n<h2><b>\u00bfQu\u00e9 hacer tras sufrir una lesi\u00f3n catastr\u00f3fica en Los Angeles?<\/b><\/h2>\n<p><span style=\"font-weight: 400;\">Sufrir una lesi\u00f3n catastr\u00f3fica es un desaf\u00edo abrumador. Adem\u00e1s del dolor f\u00edsico y emocional, hay que lidiar con las consecuencias a largo plazo. Estas pueden incluir discapacidades permanentes, p\u00e9rdida de ingresos y dificultades para realizar actividades cotidianas. En este momento dif\u00edcil, es crucial tomar las medidas siguientes:<\/span><\/p>\n<ul>\n<li style=\"font-weight: 400;\" aria-level=\"1\"><b>Busque atenci\u00f3n m\u00e9dica inmediata<\/b><span style=\"font-weight: 400;\">, incluso si no cree que sus lesiones sean graves. Algunas lesiones graves pueden no mostrar s\u00edntomas de inmediato.<\/span><\/li>\n<li style=\"font-weight: 400;\" aria-level=\"1\"><b>Siga las indicaciones de su m\u00e9dico<\/b><span style=\"font-weight: 400;\"> y asista a todas las citas de seguimiento. La rehabilitaci\u00f3n y la terapia son esenciales para maximizar su recuperaci\u00f3n.<\/span><\/li>\n<li style=\"font-weight: 400;\" aria-level=\"1\"><b>Documente todo <\/b><span style=\"font-weight: 400;\">y mantenga un registro detallado de sus lesiones, tratamientos, gastos m\u00e9dicos y cualquier otro gasto relacionado con su lesi\u00f3n. Esto ser\u00e1 crucial para respaldar su reclamo de compensaci\u00f3n frente a las compa\u00f1\u00edas de seguros.<\/span><\/li>\n<li style=\"font-weight: 400;\" aria-level=\"1\"><b>Re\u00fana evidencia<\/b><span style=\"font-weight: 400;\">, como fotograf\u00edas del lugar del accidente, informes policiales y declaraciones de testigos. Esta es la tarea habitual de los abogados de lesiones personales<\/span><\/li>\n<li style=\"font-weight: 400;\" aria-level=\"1\"><b>Contacte a un abogado de lesiones catastr\u00f3ficas <\/b><span style=\"font-weight: 400;\">que podr\u00e1 ayudarle\u00a0 a comprender sus derechos y opciones legales, y a navegar el complejo proceso de obtener una compensaci\u00f3n.<\/span><\/li>\n<\/ul>\n<h2><b>\u00bfQu\u00e9 NO hacer despu\u00e9s de una lesi\u00f3n catastr\u00f3fica?<\/b><\/h2>\n<p><span style=\"font-weight: 400;\">Despu\u00e9s de una lesi\u00f3n catastr\u00f3fica, es importante proteger sus derechos y evitar cometer errores que podr\u00edan perjudicar su caso. Aqu\u00ed hay algunos consejos clave:<\/span><\/p>\n<ul>\n<li style=\"font-weight: 400;\" aria-level=\"1\"><b>No hable con la compa\u00f1\u00eda de seguros del otro conductor sin un abogado: <\/b><span style=\"font-weight: 400;\">Las compa\u00f1\u00edas de seguros a menudo intentan minimizar los pagos. Un abogado puede proteger sus intereses y negociar en su nombre.<\/span><\/li>\n<li style=\"font-weight: 400;\" aria-level=\"1\"><b>No firme ning\u00fan documento sin consultar con un abogado:<\/b> <span style=\"font-weight: 400;\">Aseg\u00farese de comprender completamente cualquier documento que firme, ya que podr\u00eda afectar sus derechos.<\/span><\/li>\n<li style=\"font-weight: 400;\" aria-level=\"1\"><b>No publique nada sobre su accidente en las redes sociales: <\/b><span style=\"font-weight: 400;\">Cualquier informaci\u00f3n que publique\u00a0 podr\u00eda ser utilizada en su contra por la aseguradora.<\/span><\/li>\n<li style=\"font-weight: 400;\" aria-level=\"1\"><b>No se demore en buscar ayuda legal:<\/b> <span style=\"font-weight: 400;\">El<\/span><a href=\"https:\/\/selfhelp.courts.ca.gov\/es\/demanda-civil\/ley-de-prescripcion\" target=\"_blank\" rel=\"noopener\"> <span style=\"font-weight: 400;\">estatuto de limitaciones<\/span><\/a><span style=\"font-weight: 400;\"> puede limitar el tiempo que tiene para presentar una demanda. Contacte a un abogado lo antes posible para proteger sus derechos.<\/span><\/li>\n<\/ul>\n<h2><b>El impacto devastador de las lesiones catastr\u00f3ficas<\/b><\/h2>\n<p><span style=\"font-weight: 400;\">Ya sea que haya sufrido lesiones personales catastr\u00f3ficas como consecuencia de un<\/span><a href=\"https:\/\/belalhamidehlaw.com\/es\/abogado-de-accidentes-de-autos\/\"> <span style=\"font-weight: 400;\">accidente automovil\u00edstico<\/span><\/a><span style=\"font-weight: 400;\">, un<\/span><a href=\"https:\/\/belalhamidehlaw.com\/es\/compensacion-laboral\/\"> <span style=\"font-weight: 400;\">accidente de trabajo<\/span><\/a><span style=\"font-weight: 400;\">, un<\/span><a href=\"https:\/\/belalhamidehlaw.com\/es\/abogado-de-accidentes-de-construccion-en-long-beach\/\"> <span style=\"font-weight: 400;\">accidente de construcci\u00f3n<\/span><\/a><span style=\"font-weight: 400;\"> o cualquier otro tipo de accidente, las<\/span><a href=\"https:\/\/tuteorica.com\/blog\/siniestros-viales\/consecuencias-personales-y-economicas-de-los-accidentes-viales\/\" target=\"_blank\" rel=\"noopener\"> <span style=\"font-weight: 400;\">repercusiones<\/span><\/a> <span style=\"font-weight: 400;\">a largo plazo de unas pueden ser abrumadoras. Estas afectan a la persona tanto<\/span><a href=\"https:\/\/copcantabria.es\/consecuencias-psicologicas-fisicas-y-socioeconomicas-de-los-accidentes-de-trafico\/\" target=\"_blank\" rel=\"noopener\"> <span style=\"font-weight: 400;\">f\u00edsica como mental, emocional y financieramente<\/span><\/a><span style=\"font-weight: 400;\">.<\/span><\/p>\n<h3><b>Consecuencias f\u00edsicas:<\/b><\/h3>\n<ul>\n<li style=\"font-weight: 400;\" aria-level=\"1\"><span style=\"font-weight: 400;\">Discapacidad permanente: par\u00e1lisis, p\u00e9rdida de extremidades, ceguera o lesi\u00f3n cerebral. Pueden requerir adaptaciones significativas en el estilo de vida.<\/span><\/li>\n<li style=\"font-weight: 400;\" aria-level=\"1\"><span style=\"font-weight: 400;\">Dolor cr\u00f3nico:<\/span> <span style=\"font-weight: 400;\">puede interferir con el sue\u00f1o, el trabajo y las relaciones personales.<\/span><\/li>\n<li style=\"font-weight: 400;\" aria-level=\"1\"><span style=\"font-weight: 400;\">Problemas de salud adicionales: pueden aumentar el riesgo de infecciones, co\u00e1gulos de sangre, problemas card\u00edacos y depresi\u00f3n.<\/span><\/li>\n<\/ul>\n<h3><b>Consecuencias mentales:<\/b><\/h3>\n<ul>\n<li style=\"font-weight: 400;\" aria-level=\"1\"><span style=\"font-weight: 400;\">Trauma psicol\u00f3gico: puede provocar ansiedad, depresi\u00f3n, trastorno de estr\u00e9s postraum\u00e1tico (TEPT) y otros problemas de salud mental.<\/span><\/li>\n<li style=\"font-weight: 400;\" aria-level=\"1\"><span style=\"font-weight: 400;\">P\u00e9rdida de independencia:<\/span> <span style=\"font-weight: 400;\">puede afectar la autoestima y la sensaci\u00f3n de control de una persona.<\/span><\/li>\n<li style=\"font-weight: 400;\" aria-level=\"1\"><span style=\"font-weight: 400;\">Aislamiento social: pueden afectar la vida social y llevar al aislamiento.<\/span><\/li>\n<\/ul>\n<h3><b>Consecuencias econ\u00f3micas:<\/b><\/h3>\n<ul>\n<li style=\"font-weight: 400;\" aria-level=\"1\"><span style=\"font-weight: 400;\">Gastos m\u00e9dicos:<\/span> <span style=\"font-weight: 400;\">a menudo requieren atenci\u00f3n m\u00e9dica costosa, incluyendo hospitalizaci\u00f3n, cirug\u00edas, medicamentos y rehabilitaci\u00f3n.<\/span><\/li>\n<li style=\"font-weight: 400;\" aria-level=\"1\"><span style=\"font-weight: 400;\">P\u00e9rdida de salarios: la incapacidad para trabajar puede generar dificultades financieras para la v\u00edctima y su familia.<\/span><\/li>\n<li style=\"font-weight: 400;\" aria-level=\"1\"><span style=\"font-weight: 400;\">Adaptaciones en el hogar: pueden generar gastos adicionales.<\/span><\/li>\n<\/ul>\n<h3><b>Consecuencias para la familia:<\/b><\/h3>\n<ul>\n<li style=\"font-weight: 400;\" aria-level=\"1\"><span style=\"font-weight: 400;\">Estr\u00e9s y agotamiento: cuidar a un ser querido con una lesi\u00f3n catastr\u00f3fica puede ser agotador f\u00edsica y emocionalmente.<\/span><\/li>\n<li style=\"font-weight: 400;\" aria-level=\"1\"><span style=\"font-weight: 400;\">Dificultades financieras: por p\u00e9rdida de ingresos y gastos m\u00e9dicos.<\/span><\/li>\n<li style=\"font-weight: 400;\" aria-level=\"1\"><span style=\"font-weight: 400;\">Cambios en las relaciones:<\/span> <span style=\"font-weight: 400;\">debido a la adaptaci\u00f3n a las nuevas necesidades y desaf\u00edos.<\/span><\/li>\n<\/ul>\n<h2><b>\u00bfCu\u00e1l ser\u00e1 mi compensaci\u00f3n por mis lesiones personales?<\/b><\/h2>\n<p><a href=\"https:\/\/calawyers.org\/workers-compensation\/wcab-defines-catastrophic-injury\/\" target=\"_blank\" rel=\"noopener\"><span style=\"font-weight: 400;\">En California, la ley reconoce la gravedad de las lesiones catastr\u00f3ficas<\/span><\/a><span style=\"font-weight: 400;\"> y ofrece protecciones y recursos legales para las v\u00edctimas. Contar con un abogado de lesiones personales en Los Angeles es esencial para buscar la compensaci\u00f3n y el apoyo que necesita para reconstruir su vida. Esta compensaci\u00f3n tambi\u00e9n puede incluir da\u00f1os y perjuicios.<\/span><\/p>\n<h3><b>Beneficios por compensaci\u00f3n laboral<\/b><\/h3>\n<p><span style=\"font-weight: 400;\">Si su lesi\u00f3n catastr\u00f3fica ocurri\u00f3 en el trabajo, es probable que tenga derecho a beneficios de compensaci\u00f3n laboral. La asistencia que brindan los abogados de lesiones podr\u00eda serle muy \u00fatil para evitar cometer errores.<\/span><\/p>\n<h4><b>La compensaci\u00f3n laboral incluye:<\/b><\/h4>\n<ul>\n<li style=\"font-weight: 400;\" aria-level=\"1\"><span style=\"font-weight: 400;\">Cobertura de gastos m\u00e9dicos: Cubre todos los gastos m\u00e9dicos razonables y necesarios relacionados con su lesi\u00f3n, incluyendo hospitalizaci\u00f3n, cirug\u00edas, medicamentos y terapia.<\/span><\/li>\n<li style=\"font-weight: 400;\" aria-level=\"1\"><span style=\"font-weight: 400;\">Pagos por discapacidad: Proporciona pagos por discapacidad temporal o permanente, dependiendo de la gravedad de su lesi\u00f3n y su capacidad para regresar al trabajo.<\/span><\/li>\n<li style=\"font-weight: 400;\" aria-level=\"1\"><span style=\"font-weight: 400;\">Beneficios de rehabilitaci\u00f3n: Cubre los costos de rehabilitaci\u00f3n vocacional y f\u00edsica para ayudarlo a recuperar su capacidad de trabajar y realizar actividades cotidianas.<\/span><\/li>\n<li style=\"font-weight: 400;\" aria-level=\"1\"><span style=\"font-weight: 400;\">Beneficios por muerte: En caso de fallecimiento, la compensaci\u00f3n laboral proporciona beneficios por muerte a los dependientes del trabajador.<\/span><\/li>\n<\/ul>\n<h3><b>Lesiones personales, da\u00f1os y perjuicios<\/b><\/h3>\n<p><span style=\"font-weight: 400;\">Si su lesi\u00f3n catastr\u00f3fica fue causada por la negligencia de otra persona, y que esta le caus\u00f3 directamente su lesi\u00f3n catastr\u00f3fica, puede tener derecho a presentar una demanda por lesiones personales. Esto le permite cubrir da\u00f1os y perjuicios que no est\u00e1n cubiertos por la compensaci\u00f3n laboral.<\/span><\/p>\n<h4><b>Compensaci\u00f3n por da\u00f1os y perjuicios:<\/b><\/h4>\n<ul>\n<li style=\"font-weight: 400;\" aria-level=\"1\"><span style=\"font-weight: 400;\">Da\u00f1os econ\u00f3micos: gastos m\u00e9dicos, p\u00e9rdida de salarios, da\u00f1os materiales.<\/span><\/li>\n<li style=\"font-weight: 400;\" aria-level=\"1\"><span style=\"font-weight: 400;\">Da\u00f1os no econ\u00f3micos: dolor y sufrimiento.<\/span><\/li>\n<\/ul>\n<h2><b>\u00bfNecesito a un abogado de lesiones catastr\u00f3ficas en Los Angeles?<\/b><\/h2>\n<p><span style=\"font-weight: 400;\">Si usted o un ser querido ha sufrido una lesi\u00f3n catastr\u00f3fica, es fundamental buscar la ayuda de un <\/span><b>abogado de lesiones catastr\u00f3ficas<\/b><span style=\"font-weight: 400;\"> en Los Angeles. Un abogado puede:<\/span><\/p>\n<ul>\n<li style=\"font-weight: 400;\" aria-level=\"1\"><span style=\"font-weight: 400;\">Comprender sus derechos y opciones legales.<\/span><\/li>\n<li style=\"font-weight: 400;\" aria-level=\"1\"><span style=\"font-weight: 400;\">Reunir la evidencia necesaria para respaldar su reclamo.<\/span><\/li>\n<li style=\"font-weight: 400;\" aria-level=\"1\"><span style=\"font-weight: 400;\">Explicar el alcance de sus da\u00f1os y perjuicios sufridos.<\/span><\/li>\n<li style=\"font-weight: 400;\" aria-level=\"1\"><span style=\"font-weight: 400;\">Negociar con las compa\u00f1\u00edas de seguros.<\/span><\/li>\n<li style=\"font-weight: 400;\" aria-level=\"1\"><span style=\"font-weight: 400;\">Presentar una demanda y representarlo en la corte.<\/span><\/li>\n<li style=\"font-weight: 400;\" aria-level=\"1\"><span style=\"font-weight: 400;\">Obtener la m\u00e1xima compensaci\u00f3n posible por sus lesiones.<\/span><\/li>\n<\/ul>\n<h3><b>\u00bfPor qu\u00e9 es crucial la representaci\u00f3n legal?<\/b><\/h3>\n<p><span style=\"font-weight: 400;\">Las lesiones catastr\u00f3ficas a menudo involucran casos legales complejos con mucho dinero en juego. Los abogados de accidentes en Los Angeles especializados en lesiones catastr\u00f3ficas pueden:<\/span><\/p>\n<ul>\n<li style=\"font-weight: 400;\" aria-level=\"1\"><span style=\"font-weight: 400;\">Investigar a fondo su caso para construir un caso s\u00f3lido en su nombre.<\/span><\/li>\n<li style=\"font-weight: 400;\" aria-level=\"1\"><span style=\"font-weight: 400;\">Negociar <\/span><span style=\"font-weight: 400;\">agresivamente <\/span><span style=\"font-weight: 400;\">con las compa\u00f1\u00edas de seguros para obtener la m\u00e1xima compensaci\u00f3n posible.<\/span><\/li>\n<li style=\"font-weight: 400;\" aria-level=\"1\"><span style=\"font-weight: 400;\">Presentar una demanda y representarlo en la corte para proteger sus derechos.<\/span><\/li>\n<li style=\"font-weight: 400;\" aria-level=\"1\"><span style=\"font-weight: 400;\">Brindarle apoyo y orientaci\u00f3n, ayud\u00e1ndole a comprender sus opciones.<\/span><\/li>\n<\/ul>\n<h3><b>\u00bfC\u00f3mo buscar a un abogado de lesiones catastr\u00f3ficas en Los Angeles?<\/b><\/h3>\n<p><span style=\"font-weight: 400;\">En todos los abogados de accidentes en Los Angeles que consulte, busque las siguientes cualidades:<\/span><\/p>\n<ul>\n<li style=\"font-weight: 400;\" aria-level=\"1\"><b>Experiencia: <\/b><span style=\"font-weight: 400;\">historial comprobado de \u00e9xito en casos de lesiones catastr\u00f3ficas.<\/span><\/li>\n<li style=\"font-weight: 400;\" aria-level=\"1\"><b>Conocimiento:<\/b><span style=\"font-weight: 400;\"> conocimiento profundo de las leyes de lesiones personales y compensaci\u00f3n laboral en California.<\/span><\/li>\n<li style=\"font-weight: 400;\" aria-level=\"1\"><b>Recursos:<\/b><span style=\"font-weight: 400;\"> debe tener los recursos necesarios para investigar a fondo su caso.<\/span><\/li>\n<li style=\"font-weight: 400;\" aria-level=\"1\"><b>Comunicaci\u00f3n:<\/b><span style=\"font-weight: 400;\"> es fundamental que se sienta c\u00f3modo comunic\u00e1ndose con su abogado y que responda a todas sus preguntas.<\/span><\/li>\n<li style=\"font-weight: 400;\" aria-level=\"1\"><b>Compasi\u00f3n: <\/b><span style=\"font-weight: 400;\">tambi\u00e9n mostrar\u00e1 empat\u00eda y comprensi\u00f3n por su situaci\u00f3n.<\/span><\/li>\n<\/ul>\n<h2><b>Oficinas Legal de Belal Hamideh: su aliado en la b\u00fasqueda de justicia<\/b><\/h2>\n<p><a href=\"https:\/\/belalhamidehlaw.com\/es\/\"><span style=\"font-weight: 400;\">Oficinas Legal de Belal Hamideh<\/span><\/a><span style=\"font-weight: 400;\"> son abogados de lesiones personales en Los \u00c1ngeles, con amplia experiencia en la representaci\u00f3n de v\u00edctimas de lesiones catastr\u00f3ficas\u00c9l comprende el impacto devastador que estas lesiones pueden tener en la vida de una persona y se dedica a brindar una representaci\u00f3n legal compasiva y efectiva.<\/span><\/p>\n<p><span style=\"font-weight: 400;\">Si usted o un ser querido han sufrido una lesi\u00f3n catastr\u00f3fica, no dude en contactar las Oficinas Legales de Belal Hamideh para una consulta gratuita. \u00c9l le brindar\u00e1 la orientaci\u00f3n y el apoyo que necesita para proteger sus derechos y obtener la justicia que merece.<\/span><\/p>\n<p><span style=\"font-weight: 400;\">\u00a1Y recuerde:<\/span> <span style=\"font-weight: 400;\">s\u00f3lo cobramos cuando ganemos su caso<\/span><span style=\"font-weight: 400;\">!<\/span><\/p>\n<p><b>Ll\u00e1menos hoy mismo para una consulta gratuita.<\/b><\/p>\n","protected":false},"excerpt":{"rendered":"<p>Lesiones catastr\u00f3ficas: un camino dif\u00edcil que no tiene que recorrer solo Sufrir una lesi\u00f3n catastr\u00f3fica puede cambiar la vida en un instante. Los accidentes automovil\u00edsticos, una ca\u00edda grave, los accidentes de motocicleta, un accidente laboral en Los Angeles pueden dejar secuelas devastadoras. Estas pueden afectar no solo la salud f\u00edsica, sino tambi\u00e9n la emocional, social&#8230; <\/p>\n<p class=\"excerpt-read-more-container pull-right\"><a class=\"excerpt-read-more btn btn-primary\" href=\"https:\/\/belalhamidehlaw.com\/es\/lesiones-catastroficas\/\" title=\"Read Abogado de lesiones catastr\u00f3ficas en Los Angeles\">Leer M\u00e1s<\/a><\/p>\n","protected":false},"author":3,"featured_media":41134,"parent":0,"menu_order":0,"comment_status":"closed","ping_status":"closed","template":"template-service.php","meta":{"footnotes":""},"class_list":["post-4293","page","type-page","status-publish","has-post-thumbnail","hentry"],"_links":{"self":[{"href":"https:\/\/belalhamidehlaw.com\/es\/wp-json\/wp\/v2\/pages\/4293","targetHints":{"allow":["GET"]}}],"collection":[{"href":"https:\/\/belalhamidehlaw.com\/es\/wp-json\/wp\/v2\/pages"}],"about":[{"href":"https:\/\/belalhamidehlaw.com\/es\/wp-json\/wp\/v2\/types\/page"}],"author":[{"embeddable":true,"href":"https:\/\/belalhamidehlaw.com\/es\/wp-json\/wp\/v2\/users\/3"}],"replies":[{"embeddable":true,"href":"https:\/\/belalhamidehlaw.com\/es\/wp-json\/wp\/v2\/comments?post=4293"}],"version-history":[{"count":4,"href":"https:\/\/belalhamidehlaw.com\/es\/wp-json\/wp\/v2\/pages\/4293\/revisions"}],"predecessor-version":[{"id":41210,"href":"https:\/\/belalhamidehlaw.com\/es\/wp-json\/wp\/v2\/pages\/4293\/revisions\/41210"}],"wp:featuredmedia":[{"embeddable":true,"href":"https:\/\/belalhamidehlaw.com\/es\/wp-json\/wp\/v2\/media\/41134"}],"wp:attachment":[{"href":"https:\/\/belalhamidehlaw.com\/es\/wp-json\/wp\/v2\/media?parent=4293"}],"curies":[{"name":"wp","href":"https:\/\/api.w.org\/{rel}","templated":true}]}}