{"id":40396,"date":"2025-04-18T16:58:28","date_gmt":"2025-04-18T23:58:28","guid":{"rendered":"https:\/\/bhlaccidentstg.wpenginepowered.com\/es\/?page_id=40396"},"modified":"2026-03-16T11:52:36","modified_gmt":"2026-03-16T18:52:36","slug":"conoce-a-belal","status":"publish","type":"page","link":"https:\/\/belalhamidehlaw.com\/es\/conoce-a-belal\/","title":{"rendered":"Conoce a Belal"},"content":{"rendered":"<p class=\"\" data-start=\"0\" data-end=\"408\">Belal Hamideh es un abogado apasionado y capacitado en lesiones personales que ha dedicado su carrera a ayudar a las personas a obtener justicia en casos de lesiones personales y compensaci\u00f3n laboral. Con una tasa de \u00e9xito del 99%, Belal ha logrado millones de d\u00f3lares en acuerdos y veredictos para sus clientes, siempre esforz\u00e1ndose por garantizar que reciban la compensaci\u00f3n que merecen.<\/p>\n<p data-start=\"0\" data-end=\"408\"><img loading=\"lazy\" decoding=\"async\" class=\"aligncenter size-large wp-image-40399\" src=\"https:\/\/belalhamidehlaw.com\/wp-content\/uploads\/sites\/3\/2025\/04\/conoce-a-belal-hamideh-683x1024.webp\" alt=\"conoce a belal hamideh\" width=\"683\" height=\"1024\" srcset=\"https:\/\/belalhamidehlaw.com\/es\/wp-content\/uploads\/sites\/3\/2025\/04\/conoce-a-belal-hamideh-683x1024.webp 683w, https:\/\/belalhamidehlaw.com\/es\/wp-content\/uploads\/sites\/3\/2025\/04\/conoce-a-belal-hamideh-200x300.webp 200w, https:\/\/belalhamidehlaw.com\/es\/wp-content\/uploads\/sites\/3\/2025\/04\/conoce-a-belal-hamideh-768x1152.webp 768w, https:\/\/belalhamidehlaw.com\/es\/wp-content\/uploads\/sites\/3\/2025\/04\/conoce-a-belal-hamideh.webp 800w\" sizes=\"auto, (max-width: 683px) 100vw, 683px\" \/><\/p>\n<h2 data-start=\"410\" data-end=\"684\"><strong data-start=\"467\" data-end=\"512\">Una Vida de Logros y de Ayuda a los Dem\u00e1s<\/strong><\/h2>\n<p data-start=\"410\" data-end=\"684\">Belal Hamideh ha representado exitosamente a sus clientes durante muchos a\u00f1os. Desde temprana edad, demostr\u00f3 el impulso y la determinaci\u00f3n que han definido su carrera.<\/p>\n<p class=\"\" data-start=\"686\" data-end=\"825\">Mientras muchos de sus compa\u00f1eros apenas se adaptaban a la vida escolar, Belal ya sobresal\u00eda, gradu\u00e1ndose de la secundaria a los 15 a\u00f1os.<\/p>\n<p class=\"\" data-start=\"827\" data-end=\"1006\">Esto lo llev\u00f3 a asistir a una de las universidades m\u00e1s prestigiosas del mundo. En UCLA, Belal se gradu\u00f3 con la distinci\u00f3n de la Lista del Decano. Adem\u00e1s, lo logr\u00f3 a los 19 a\u00f1os.<\/p>\n<p class=\"\" data-start=\"1008\" data-end=\"1244\">Siendo a\u00fan un adolescente, asisti\u00f3 a la Facultad de Derecho de Pepperdine, gradu\u00e1ndose con tan solo 22 a\u00f1os. Este logro lo convirti\u00f3 en el miembro m\u00e1s joven de su clase. Aun as\u00ed, Belal se gradu\u00f3 dentro del tercio superior de su clase.<\/p>\n<p class=\"\" data-start=\"1246\" data-end=\"1439\">Durante este tiempo, adquiri\u00f3 valiosa experiencia a trav\u00e9s de pr\u00e1cticas con jueces federales y estatales, perfeccionando a\u00fan m\u00e1s sus habilidades legales y su comprensi\u00f3n del sistema judicial.<\/p>\n<p class=\"\" data-start=\"1441\" data-end=\"1539\">Poco despu\u00e9s, Belal aprob\u00f3 el examen de la barra de abogados de California en su primer intento.<\/p>\n<p class=\"\" data-start=\"1541\" data-end=\"1710\">Hoy, Belal combina esta impresionante formaci\u00f3n acad\u00e9mica con a\u00f1os de experiencia pr\u00e1ctica, lo que lo convierte en un defensor formidable para quienes buscan justicia.<\/p>\n<h2 data-start=\"1712\" data-end=\"1869\"><strong data-start=\"1712\" data-end=\"1749\">Premios por Apoyar a sus Clientes<\/strong><\/h2>\n<p data-start=\"1712\" data-end=\"1869\">Desde el momento en que comenz\u00f3 a representar clientes, Belal los ha ayudado a obtener la compensaci\u00f3n que merecen.<\/p>\n<p class=\"\" data-start=\"1871\" data-end=\"2040\">La dedicaci\u00f3n y habilidad de Belal Hamideh le han valido un reconocimiento significativo dentro de la comunidad legal. Algunos de los premios que ha recibido incluyen:<\/p>\n<ul data-start=\"2042\" data-end=\"2540\">\n<li class=\"\" data-start=\"2042\" data-end=\"2202\">\n<p class=\"\" data-start=\"2044\" data-end=\"2202\">Nombrado uno de los 10 Mejores Abogados de Lesiones Personales por Satisfacci\u00f3n del Cliente por el American Institute of Personal Injury Attorneys (AIOPIA).<\/p>\n<\/li>\n<li class=\"\" data-start=\"2203\" data-end=\"2379\">\n<p class=\"\" data-start=\"2205\" data-end=\"2379\">Seleccionado por The National Trial Lawyers como parte de los \u201cTop 40 Under 40\u201d, una distinci\u00f3n otorgada a los abogados menores de 40 a\u00f1os m\u00e1s calificados a nivel nacional.<\/p>\n<\/li>\n<li class=\"\" data-start=\"2380\" data-end=\"2540\">\n<p class=\"\" data-start=\"2382\" data-end=\"2540\">Calificado en SuperLawyers.com como una \u201cEstrella en Ascenso\u201d, un reconocimiento reservado para abogados excepcionales en las primeras etapas de su carrera.<\/p>\n<\/li>\n<\/ul>\n<h3 data-start=\"2542\" data-end=\"2794\"><strong data-start=\"2542\" data-end=\"2579\">Un Enfoque Centrado en el Cliente<\/strong><\/h3>\n<p data-start=\"2542\" data-end=\"2794\">Belal pone a sus clientes en primer lugar, asegur\u00e1ndose de que cada caso reciba la atenci\u00f3n y el cuidado que merece. Ya sea un caso grande o peque\u00f1o, va m\u00e1s all\u00e1 para lograr resultados justos para sus clientes.<\/p>\n<p class=\"\" data-start=\"2796\" data-end=\"2990\">Conocido por su dedicaci\u00f3n a un servicio al cliente excepcional, Belal devuelve todas las llamadas de sus clientes, garantizando una comunicaci\u00f3n abierta y clara durante todo el proceso legal.<\/p>\n<p class=\"\" data-start=\"2992\" data-end=\"3369\">Belal lidera un equipo legal capacitado y amable que apoya a los clientes en cada paso del camino. Su pr\u00e1ctica opera bajo una base de honorarios de contingencia, lo que significa que los clientes solo pagan si \u00e9l gana su caso. Al contratar a Belal desde el inicio del proceso legal, los clientes pueden asegurarse de que su caso sea manejado correctamente de principio a fin.<\/p>\n<h3 data-start=\"3371\" data-end=\"3765\"><strong data-start=\"3371\" data-end=\"3402\">Sirviendo a Todo California<\/strong><\/h3>\n<p data-start=\"3371\" data-end=\"3765\">Aunque Belal Hamideh tiene su base en Long Beach, representa con orgullo a clientes en todo California. No importa d\u00f3nde se encuentre un cliente en el Estado Dorado, Belal representa con pasi\u00f3n a individuos sin importar el tama\u00f1o o la complejidad de su caso. Cada cliente puede contar con su experiencia, dedicaci\u00f3n y enfoque meticuloso para lograr justicia.<\/p>\n<h3 data-start=\"3767\" data-end=\"4169\"><strong data-start=\"3767\" data-end=\"3818\">M\u00e1s que un Abogado de Lesiones Personales Com\u00fan<\/strong><\/h3>\n<p data-start=\"3767\" data-end=\"4169\">Las responsabilidades de Belal van m\u00e1s all\u00e1 de la sala del tribunal. Tambi\u00e9n es un esposo dedicado y orgulloso padre de tres hijos, quienes le brindan la inspiraci\u00f3n y el impulso para superarse cada d\u00eda. Casado por m\u00e1s de 12 a\u00f1os, Belal valora el tiempo en familia y se asegura de que su \u00e9xito profesional nunca sea a costa de sus seres queridos.<\/p>\n<p class=\"\" data-start=\"4171\" data-end=\"4605\">Sus pasatiempos tambi\u00e9n reflejan su naturaleza en\u00e9rgica y enfocada. Es un entusiasta del ejercicio f\u00edsico y le encantan las actividades al aire libre, que lo ayudan a mantener la energ\u00eda y la claridad necesarias para apoyar tanto a su familia como a sus clientes. Ya sea haciendo senderismo, ejercicio o disfrutando del aire libre, su enfoque hacia la salud complementa su determinaci\u00f3n de tener \u00e9xito en todas las \u00e1reas de la vida.<\/p>\n<h2 data-start=\"4607\" data-end=\"4899\"><strong data-start=\"4607\" data-end=\"4654\">C\u00f3mo Ayuda Belal a las V\u00edctimas de Lesiones<\/strong><\/h2>\n<p data-start=\"4607\" data-end=\"4899\">La pr\u00e1ctica de Belal se enfoca en casos de lesiones personales y compensaci\u00f3n laboral, lo que lo convierte en un socio invaluable para individuos y familias que se recuperan de eventos devastadores. Algunos de los casos que maneja incluyen:<\/p>\n<ul>\n<li data-start=\"4901\" data-end=\"5016\"><a href=\"https:\/\/belalhamidehlaw.com\/es\/abogado-de-accidentes-de-autos\/\"><strong data-start=\"4901\" data-end=\"4932\">Accidentes Automovil\u00edsticos<\/strong><\/a><br data-start=\"4932\" data-end=\"4935\" \/>Ayuda a los clientes a recibir cada d\u00f3lar que merecen por sus lesiones y da\u00f1os.<\/li>\n<li data-start=\"5018\" data-end=\"5161\"><a href=\"https:\/\/belalhamidehlaw.com\/es\/compensacion-laboral\/\"><strong data-start=\"5018\" data-end=\"5042\">Compensaci\u00f3n Laboral<\/strong><\/a><br data-start=\"5042\" data-end=\"5045\" \/>Lucha por los trabajadores que han sido lesionados en el trabajo para asegurar que reciban una compensaci\u00f3n justa.<\/li>\n<li data-start=\"5163\" data-end=\"5302\"><a href=\"https:\/\/belalhamidehlaw.com\/es\/abogado-de-accidentes-de-camion\/\"><strong data-start=\"5163\" data-end=\"5189\">Accidentes de Camiones<\/strong><\/a><br data-start=\"5189\" data-end=\"5192\" \/>Aprovecha su amplia experiencia para ayudar a los clientes a recuperarse de accidentes con camiones grandes.<\/li>\n<li data-start=\"5304\" data-end=\"5433\"><a href=\"https:\/\/belalhamidehlaw.com\/es\/muerte-por-accidente-en-el-trabajo\/\"><strong>Casos de muerte por negligencia<\/strong><\/a><br data-start=\"5331\" data-end=\"5334\" \/>Apoya a las familias en duelo con cuidado y profesionalismo mientras busca justicia en su nombre.<\/li>\n<\/ul>\n<p class=\"\" data-start=\"5435\" data-end=\"5584\">Estos son solo algunos ejemplos de c\u00f3mo Belal puede ayudar. Si crees que puedes tener un caso, vale la pena contactar a un abogado con experiencia.<\/p>\n<p class=\"\" data-start=\"5586\" data-end=\"5726\">No importa el tama\u00f1o del caso, Belal aborda cada uno con pasi\u00f3n y dedicaci\u00f3n, asegurando que cada cliente reciba la asistencia que merece.<\/p>\n<h3 data-start=\"5728\" data-end=\"5891\"><strong data-start=\"5728\" data-end=\"5753\">Un Historial de \u00c9xito<\/strong><\/h3>\n<p data-start=\"5728\" data-end=\"5891\">Belal Hamideh fund\u00f3 su firma legal con un solo objetivo en mente: ayudar a sus clientes. Lo ha logrado de muchas maneras, incluyendo:<\/p>\n<ul>\n<li data-start=\"5893\" data-end=\"6002\"><strong data-start=\"5893\" data-end=\"5918\">Tasa de \u00c9xito del 99%<\/strong><br data-start=\"5918\" data-end=\"5921\" \/>Con un historial excepcional, Belal ha manejado exitosamente m\u00e1s de 1500 casos.<\/li>\n<li data-start=\"6004\" data-end=\"6212\"><strong data-start=\"6004\" data-end=\"6046\">Millones Recuperados para los Clientes<\/strong><br data-start=\"6046\" data-end=\"6049\" \/>Gracias a su dedicaci\u00f3n y defensa incansable, Belal ha ayudado a recuperar millones de d\u00f3lares para personas lesionadas debido a accidentes o acciones indebidas.<\/li>\n<li data-start=\"6214\" data-end=\"6464\"><strong data-start=\"6214\" data-end=\"6255\">Representaci\u00f3n Basada en Contingencia<\/strong><br data-start=\"6255\" data-end=\"6258\" \/>El compromiso de Belal con la justicia significa que no hay tarifas por adelantado para sus clientes. Solo cobra si gana el caso, asegurando que todos tengan acceso a representaci\u00f3n legal de alta calidad.<\/li>\n<\/ul>\n<h3 data-start=\"6466\" data-end=\"6869\"><strong data-start=\"6466\" data-end=\"6514\">Un Abogado en Long Beach Listo para Ayudarte<\/strong><\/h3>\n<p data-start=\"6466\" data-end=\"6869\">Desde sobresalir acad\u00e9micamente hasta lograr un \u00e9xito incomparable en el derecho de lesiones personales, la historia de Belal Hamideh es una de ambici\u00f3n, compasi\u00f3n y resultados. Si has sufrido un accidente automovil\u00edstico, una lesi\u00f3n en el trabajo, o has perdido a un ser querido por negligencia, Belal est\u00e1 aqu\u00ed para guiarte en cada paso del camino.<\/p>\n<p class=\"\" data-start=\"6871\" data-end=\"7063\">Contacta a Belal Hamideh hoy para una consulta gratuita y descubre c\u00f3mo su dedicaci\u00f3n, experiencia y enfoque centrado en el cliente pueden ayudarte a convertir tu lesi\u00f3n en una victoria.<\/p>\n<p class=\"\" data-start=\"7065\" data-end=\"7186\">Tu lesi\u00f3n puede convertirse en una victoria. Agenda una evaluaci\u00f3n gratuita de tu caso a trav\u00e9s de este sitio o llamando.<\/p>\n","protected":false},"excerpt":{"rendered":"<p>Belal Hamideh es un abogado apasionado y capacitado en lesiones personales que ha dedicado su carrera a ayudar a las personas a obtener justicia en casos de lesiones personales y compensaci\u00f3n laboral. Con una tasa de \u00e9xito del 99%, Belal ha logrado millones de d\u00f3lares en acuerdos y veredictos para sus clientes, siempre esforz\u00e1ndose por&#8230; <\/p>\n<p class=\"excerpt-read-more-container pull-right\"><a class=\"excerpt-read-more btn btn-primary\" href=\"https:\/\/belalhamidehlaw.com\/es\/conoce-a-belal\/\" title=\"Read Conoce a Belal\">Leer M\u00e1s<\/a><\/p>\n","protected":false},"author":25,"featured_media":0,"parent":0,"menu_order":0,"comment_status":"closed","ping_status":"closed","template":"","meta":{"footnotes":""},"class_list":["post-40396","page","type-page","status-publish","hentry"],"_links":{"self":[{"href":"https:\/\/belalhamidehlaw.com\/es\/wp-json\/wp\/v2\/pages\/40396","targetHints":{"allow":["GET"]}}],"collection":[{"href":"https:\/\/belalhamidehlaw.com\/es\/wp-json\/wp\/v2\/pages"}],"about":[{"href":"https:\/\/belalhamidehlaw.com\/es\/wp-json\/wp\/v2\/types\/page"}],"author":[{"embeddable":true,"href":"https:\/\/belalhamidehlaw.com\/es\/wp-json\/wp\/v2\/users\/25"}],"replies":[{"embeddable":true,"href":"https:\/\/belalhamidehlaw.com\/es\/wp-json\/wp\/v2\/comments?post=40396"}],"version-history":[{"count":3,"href":"https:\/\/belalhamidehlaw.com\/es\/wp-json\/wp\/v2\/pages\/40396\/revisions"}],"predecessor-version":[{"id":41202,"href":"https:\/\/belalhamidehlaw.com\/es\/wp-json\/wp\/v2\/pages\/40396\/revisions\/41202"}],"wp:attachment":[{"href":"https:\/\/belalhamidehlaw.com\/es\/wp-json\/wp\/v2\/media?parent=40396"}],"curies":[{"name":"wp","href":"https:\/\/api.w.org\/{rel}","templated":true}]}}