{"id":3850,"date":"2023-07-14T15:37:32","date_gmt":"2023-07-14T22:37:32","guid":{"rendered":"https:\/\/belalhamidehlaw.com\/?page_id=3850"},"modified":"2026-03-11T15:15:44","modified_gmt":"2026-03-11T22:15:44","slug":"mordidas-de-perros","status":"publish","type":"page","link":"https:\/\/belalhamidehlaw.com\/es\/mordidas-de-perros\/","title":{"rendered":"Abogado de Mordidas de Perros"},"content":{"rendered":"<p><img loading=\"lazy\" decoding=\"async\" class=\"aligncenter wp-image-10598 size-full\" title=\"abogado de accidente mordidas de perros\" src=\"https:\/\/belalhamidehlaw.com\/wp-content\/uploads\/sites\/3\/2019\/10\/abogado-de-accidente-mordidas-de-perros.jpg\" alt=\"abogado de accidente mordidas de perros\" width=\"1000\" height=\"500\" \/><\/p>\n<p>Abogado de Accidente Mordidas de Perros: <span style=\"font-weight: 400;\">si la negligencia o el descuido del due\u00f1o de un perro ajeno lleva a una mordida, hiri\u00e9ndolo a usted en el proceso, usted tiene derecho a lo siguiente<\/span><\/p>\n<ul>\n<li style=\"font-weight: 400;\"><span style=\"font-weight: 400;\">Todos los gastos m\u00e9dicos<\/span><\/li>\n<li style=\"font-weight: 400;\"><span style=\"font-weight: 400;\">Gastos m\u00e9dicos futuros<\/span><\/li>\n<li style=\"font-weight: 400;\"><span style=\"font-weight: 400;\">Dolor y sufrimiento<\/span><\/li>\n<li style=\"font-weight: 400;\"><span style=\"font-weight: 400;\">Futuro dolor y sufrimiento<\/span><\/li>\n<li style=\"font-weight: 400;\"><span style=\"font-weight: 400;\">Salarios perdidos<\/span><\/li>\n<\/ul>\n<h2><span style=\"font-weight: 400;\">\u00a1Est\u00e1 En Muy Buenas Manos Con Nuestro <a style=\"font-weight: 600; font-size: 32px; line-height: 40px; letter-spacing: -0.02em;\" href=\"https:\/\/belalhamidehlaw.com\/es\/abogado-de-accidentes-de-trabajo\/\" target=\"_blank\" rel=\"noopener noreferrer\">Abogado De Accidentes<\/a>!<\/span><\/h2>\n<p><span style=\"font-weight: 400;\">Si usted es v\u00edctima de una mordida de perro, puede estar seguro de que cuando usted contrata a nuestra oficina, est\u00e1 tomando el mejor paso que puede para asegurar que usted reciba toda la justicia y la compensaci\u00f3n para todos los dolores y sufrimientos causados por el accidente.<\/span><\/p>\n<h2><span style=\"font-weight: 400;\">\u00a1Si No Ganamos, No Cobramos!<\/span><\/h2>\n<p><span style=\"font-weight: 400;\">Usted no tiene que pagar por los gastos m\u00e9dicos o los abogados de su bolsillo.<\/span><\/p>\n<h2><span style=\"font-weight: 400;\">\u00a1Representaci\u00f3n Agresiva!<\/span><\/h2>\n<p><span style=\"font-weight: 400;\">Nuestra experiencia y nuestro compromiso con nuestros clientes hace que nuestra firma sea la mejor opci\u00f3n disponible. Usted no tiene por qu\u00e9 pelear su caso usted solo. Nuestra firma es agresiva a lo largo del caso para que podamos recibir la m\u00e1xima compensaci\u00f3n para nuestros clientes.<\/span><\/p>\n<h2><span style=\"font-weight: 400;\">\u00bfPor Qu\u00e9 Contratar a Nuestro Abogado de Accidente Mordidas de Perros?<\/span><\/h2>\n<ul>\n<li style=\"font-weight: 400;\"><span style=\"font-weight: 400;\">Nuestros abogados de mordidas de perros se asegurar\u00e1n de que usted reciba justicia y la compensaci\u00f3n que merece.<\/span><\/li>\n<li style=\"font-weight: 400;\"><span style=\"font-weight: 400;\">Nuestros abogados trabajan duro para obtener la compensaci\u00f3n m\u00e1xima en todos los casos de mordidas de perros.<\/span><\/li>\n<li style=\"font-weight: 400;\"><span style=\"font-weight: 400;\">Nuestros abogados tienen experiencia en todo tipo de casos de mordidas de perros.<\/span><\/li>\n<\/ul>\n<h2><span style=\"font-weight: 400;\">No Espere Para Tomar Acci\u00f3n<\/span><\/h2>\n<p><span style=\"font-weight: 400;\">La ley no est\u00e1 del lado de las personas que esperan. Llame hoy a nuestra oficina de Belal Hamideh para que la ley no lo deje atr\u00e1s. Es imperativo que usted tr\u00e1mite todo lo necesario antes de que pase demasiado tiempo tras la mordida de perro.<\/span><\/p>\n","protected":false},"excerpt":{"rendered":"<p>Abogado de Accidente Mordidas de Perros: si la negligencia o el descuido del due\u00f1o de un perro ajeno lleva a una mordida, hiri\u00e9ndolo a usted en el proceso, usted tiene derecho a lo siguiente Todos los gastos m\u00e9dicos Gastos m\u00e9dicos futuros Dolor y sufrimiento Futuro dolor y sufrimiento Salarios perdidos \u00a1Est\u00e1 En Muy Buenas Manos&#8230; <\/p>\n<p class=\"excerpt-read-more-container pull-right\"><a class=\"excerpt-read-more btn btn-primary\" href=\"https:\/\/belalhamidehlaw.com\/es\/mordidas-de-perros\/\" title=\"Read Abogado de Mordidas de Perros\">Leer M\u00e1s<\/a><\/p>\n","protected":false},"author":3,"featured_media":13985,"parent":0,"menu_order":0,"comment_status":"closed","ping_status":"closed","template":"template-service.php","meta":{"footnotes":""},"class_list":["post-3850","page","type-page","status-publish","has-post-thumbnail","hentry"],"_links":{"self":[{"href":"https:\/\/belalhamidehlaw.com\/es\/wp-json\/wp\/v2\/pages\/3850","targetHints":{"allow":["GET"]}}],"collection":[{"href":"https:\/\/belalhamidehlaw.com\/es\/wp-json\/wp\/v2\/pages"}],"about":[{"href":"https:\/\/belalhamidehlaw.com\/es\/wp-json\/wp\/v2\/types\/page"}],"author":[{"embeddable":true,"href":"https:\/\/belalhamidehlaw.com\/es\/wp-json\/wp\/v2\/users\/3"}],"replies":[{"embeddable":true,"href":"https:\/\/belalhamidehlaw.com\/es\/wp-json\/wp\/v2\/comments?post=3850"}],"version-history":[{"count":0,"href":"https:\/\/belalhamidehlaw.com\/es\/wp-json\/wp\/v2\/pages\/3850\/revisions"}],"wp:featuredmedia":[{"embeddable":true,"href":"https:\/\/belalhamidehlaw.com\/es\/wp-json\/wp\/v2\/media\/13985"}],"wp:attachment":[{"href":"https:\/\/belalhamidehlaw.com\/es\/wp-json\/wp\/v2\/media?parent=3850"}],"curies":[{"name":"wp","href":"https:\/\/api.w.org\/{rel}","templated":true}]}}