{"id":3846,"date":"2023-07-14T15:37:32","date_gmt":"2023-07-14T22:37:32","guid":{"rendered":"https:\/\/belalhamidehlaw.com\/?page_id=3846"},"modified":"2026-03-16T09:38:42","modified_gmt":"2026-03-16T16:38:42","slug":"accidentes-de-trabajo","status":"publish","type":"page","link":"https:\/\/belalhamidehlaw.com\/es\/accidentes-de-trabajo\/","title":{"rendered":"Abogado de Accidentes de Trabajo Long Beach"},"content":{"rendered":"<p><img loading=\"lazy\" decoding=\"async\" class=\"aligncenter wp-image-30980 size-full\" title=\"abogado de accidente de trabajo\" src=\"https:\/\/belalhamidehlaw.com\/wp-content\/uploads\/sites\/3\/2024\/05\/abogado-de-compensacion-al-trabajador.webp\" alt=\"abogado de accidente de trabajo\" width=\"1170\" height=\"390\" srcset=\"https:\/\/belalhamidehlaw.com\/es\/wp-content\/uploads\/sites\/3\/2024\/05\/abogado-de-compensacion-al-trabajador.webp 1170w, https:\/\/belalhamidehlaw.com\/es\/wp-content\/uploads\/sites\/3\/2024\/05\/abogado-de-compensacion-al-trabajador-300x100.webp 300w, https:\/\/belalhamidehlaw.com\/es\/wp-content\/uploads\/sites\/3\/2024\/05\/abogado-de-compensacion-al-trabajador-1024x341.webp 1024w, https:\/\/belalhamidehlaw.com\/es\/wp-content\/uploads\/sites\/3\/2024\/05\/abogado-de-compensacion-al-trabajador-768x256.webp 768w\" sizes=\"auto, (max-width: 1170px) 100vw, 1170px\" \/><br \/>\nLas personas que se han lesionado en accidentes de trabajo, tienen derecho a lo siguiente, incluso si el accidente fue culpa suya:<\/p>\n<ul>\n<li>Tratamiento m\u00e9dico gratuito<\/li>\n<li>Beneficios por incapacidad gratis<\/li>\n<li>La liquidaci\u00f3n de su <a href=\"https:\/\/es.wikipedia.org\/wiki\/Discapacidad\" target=\"_blank\" rel=\"noopener noreferrer\">discapacidad<\/a><\/li>\n<li>La liquidaci\u00f3n de los futuros gastos de atenci\u00f3n m\u00e9dica<\/li>\n<li>bono de Rehabilitacion<\/li>\n<li>El reembolso de los gastos de kilometraje<\/li>\n<li>\u00a1Y m\u00e1s!<\/li>\n<\/ul>\n<h2>Estas En Muy Buenas Manos Con Nuestros Abogados de Accidente de Trabajo!<\/h2>\n<p>Si usted es v\u00edctima de un accidente, puede estar seguro de que cuando usted contrata a nuestra oficina, va a recibir toda la justicia y la compensaci\u00f3n? para todos los dolores y sufrimientos de su accidente.<\/p>\n<h2>Si No Ganamos, No Cobramos!<\/h2>\n<p>Usted no tiene que pagar por los gastos m\u00e9dicos o los abogados de su bolsillo.<\/p>\n<h2>Representacion Agresivo!<\/h2>\n<p>Nuestra experiencia y compromiso con nuestros clientes hace que nuestra firma sea una opci\u00f3n superior. Las compa\u00f1\u00edas de seguros tienen equipos de abogados que los defienden en casos de accidentes. No luches contra la compa\u00f1\u00eda de seguros solo. Nuestros abogados de accidente de trabajo son agresivos con las compa\u00f1\u00edas de seguros para que podamos recibir la m\u00e1xima recuperaci\u00f3n para nuestros clientes!<\/p>\n<h2>\u00bfPor Que Contratar Uno De Nuestros Abogado De Accidentes de Trabajo?<\/h2>\n<ul>\n<li>Nuestros <a href=\"https:\/\/belalhamidehlaw.com\/es\/abogado-de-accidentes-de-trabajo\/\" target=\"_blank\" rel=\"noopener noreferrer\">abogado de accidentes<\/a> se asegurar\u00e1 de que usted reciba justicia.<\/li>\n<li>Nuestra oficina trabaja duro para obtener la compensacion m\u00e1xima para todos los casos de lesiones.<\/li>\n<li>Nuestros abogados tienen experiencia en todos los casos de \u00a0accidentes de trabajo y de auto.<\/li>\n<\/ul>\n<h2>No Esperes Para Tomar Accion<\/h2>\n<p>La ley no da recursos a personas que esperan. Ll\u00e1ma hoy mismo a nuestro oficina para que la ley no lo deje detr\u00e1s. Necesita tramitar todo los otros tipos de casos de danos personales tan pronto como seis (6) meses de su accidente!<\/p>\n","protected":false},"excerpt":{"rendered":"<p>Las personas que se han lesionado en accidentes de trabajo, tienen derecho a lo siguiente, incluso si el accidente fue culpa suya: Tratamiento m\u00e9dico gratuito Beneficios por incapacidad gratis La liquidaci\u00f3n de su discapacidad La liquidaci\u00f3n de los futuros gastos de atenci\u00f3n m\u00e9dica bono de Rehabilitacion El reembolso de los gastos de kilometraje \u00a1Y m\u00e1s!&#8230; <\/p>\n<p class=\"excerpt-read-more-container pull-right\"><a class=\"excerpt-read-more btn btn-primary\" href=\"https:\/\/belalhamidehlaw.com\/es\/accidentes-de-trabajo\/\" title=\"Read Abogado de Accidentes de Trabajo Long Beach\">Leer M\u00e1s<\/a><\/p>\n","protected":false},"author":3,"featured_media":0,"parent":0,"menu_order":0,"comment_status":"closed","ping_status":"closed","template":"","meta":{"footnotes":""},"class_list":["post-3846","page","type-page","status-publish","hentry"],"_links":{"self":[{"href":"https:\/\/belalhamidehlaw.com\/es\/wp-json\/wp\/v2\/pages\/3846","targetHints":{"allow":["GET"]}}],"collection":[{"href":"https:\/\/belalhamidehlaw.com\/es\/wp-json\/wp\/v2\/pages"}],"about":[{"href":"https:\/\/belalhamidehlaw.com\/es\/wp-json\/wp\/v2\/types\/page"}],"author":[{"embeddable":true,"href":"https:\/\/belalhamidehlaw.com\/es\/wp-json\/wp\/v2\/users\/3"}],"replies":[{"embeddable":true,"href":"https:\/\/belalhamidehlaw.com\/es\/wp-json\/wp\/v2\/comments?post=3846"}],"version-history":[{"count":1,"href":"https:\/\/belalhamidehlaw.com\/es\/wp-json\/wp\/v2\/pages\/3846\/revisions"}],"predecessor-version":[{"id":41156,"href":"https:\/\/belalhamidehlaw.com\/es\/wp-json\/wp\/v2\/pages\/3846\/revisions\/41156"}],"wp:attachment":[{"href":"https:\/\/belalhamidehlaw.com\/es\/wp-json\/wp\/v2\/media?parent=3846"}],"curies":[{"name":"wp","href":"https:\/\/api.w.org\/{rel}","templated":true}]}}