{"id":37448,"date":"2025-01-31T13:26:18","date_gmt":"2025-01-31T21:26:18","guid":{"rendered":"https:\/\/bhlaccidentstg.wpenginepowered.com\/es\/?page_id=37448"},"modified":"2026-03-11T15:11:25","modified_gmt":"2026-03-11T22:11:25","slug":"abogado-de-accidentes-de-scooter-electrico-en-long-beach","status":"publish","type":"page","link":"https:\/\/belalhamidehlaw.com\/es\/abogado-de-accidentes-de-scooter-electrico-en-long-beach\/","title":{"rendered":"Abogado de Accidentes de Scooter El\u00e9ctrico"},"content":{"rendered":"<p><img loading=\"lazy\" decoding=\"async\" class=\"size-full wp-image-37449\" src=\"https:\/\/belalhamidehlaw.com\/wp-content\/uploads\/sites\/3\/2025\/01\/electric-scooter-accident-1.webp\" alt=\"electric scooter accident\" width=\"1000\" height=\"500\" srcset=\"https:\/\/belalhamidehlaw.com\/es\/wp-content\/uploads\/sites\/3\/2025\/01\/electric-scooter-accident-1.webp 1000w, https:\/\/belalhamidehlaw.com\/es\/wp-content\/uploads\/sites\/3\/2025\/01\/electric-scooter-accident-1-300x150.webp 300w, https:\/\/belalhamidehlaw.com\/es\/wp-content\/uploads\/sites\/3\/2025\/01\/electric-scooter-accident-1-768x384.webp 768w\" sizes=\"auto, (max-width: 1000px) 100vw, 1000px\" \/><\/p>\n<p>\u00bfIba usted en un scooter el\u00e9ctrico cuando sufri\u00f3 un accidente? O, \u00bffue atropellado por alguien en un scooter el\u00e9ctrico y sufri\u00f3 una lesi\u00f3n? Si es as\u00ed, entonces es muy posible que usted tiene un caso. Belal Hamideh, un <a href=\"https:\/\/belalhamidehlaw.com\/es\/abogado-de-accidentes-de-scooter-electrico-en-long-beach\/\">abogado de accidentes de scooter el\u00e9ctrico<\/a> en Long Beach, puede ayudarle a recuperar la compensaci\u00f3n que se merece por todo lo que ha pasado.<\/p>\n<p>Belal ofrece una evaluaci\u00f3n gratuita de su caso. En ese momento, Belal se basar\u00e1 en sus a\u00f1os de experiencia, haci\u00e9ndole saber lo que vale su caso. A partir de ah\u00ed, \u00e9l y el resto del equipo luchar\u00e1n incansablemente para que usted reciba la m\u00e1xima compensaci\u00f3n. Hablamos Espa\u00f1ol.<\/p>\n<h2><strong>\u00bfSon peligrosos los scooter el\u00e9ctricos?<\/strong><\/h2>\n<p>Como cualquier otro veh\u00edculo, herramienta o producto, los scooter el\u00e9ctricos deben utilizarse de forma adecuada y concienzuda. La seguridad debe ser siempre primordial.<\/p>\n<p>Los e-scooters, scooter el\u00e9ctricos, o como quiera que se les llame, pueden ser una forma c\u00f3moda y f\u00e1cil de desplazarse. Sin embargo, tambi\u00e9n pueden ser peligrosos. Los scooter el\u00e9ctricos pueden llegar a 15 millas por hora, que puede no sonar como mucho en comparaci\u00f3n con un coche, sin embargo, cuando est\u00e1s en un scooter el\u00e9ctrico, usted tiene esencialmente ninguna protecci\u00f3n.<\/p>\n<p>Por desgracia, el n\u00famero de accidentes con scooter el\u00e9ctricos sigue aumentando. Seg\u00fan la Comisi\u00f3n para la Seguridad de los Productos de Consumo de Estados Unidos (CPSC), \u00abhubo m\u00e1s de 190,000 visitas a urgencias debidas a todos los productos de micromovilidad (e-scooter) entre 2017 y 2020\u00bb.<\/p>\n<p>Adem\u00e1s, se trata de un \u00abaumento constante del 70%\u00bb. Adem\u00e1s, la CPSC descubri\u00f3 que \u00ablas lesiones se produc\u00edan con mayor frecuencia en las extremidades superiores e inferiores, as\u00ed como en la cabeza y el cuello.\u00bb<\/p>\n<p>Si has sufrido lesiones en un accidente con un scooter el\u00e9ctrico, te conviene ponerte en contacto con Belal para una evaluaci\u00f3n gratuita de tu caso. En el peor de los casos, le dir\u00e1 que no cree que tenga un caso. Sin embargo, muchos que no estaban seguros de si ten\u00edan un caso de lesiones personales se reunieron con Belal s\u00f3lo para descubrir que ten\u00edan una fuerte y convincente. Como es gratuito, no tiene nada que perder.<\/p>\n<h2><strong>\u00bfC\u00f3mo s\u00e9 si tengo un caso de accidente de scooter el\u00e9ctrico?<\/strong><\/h2>\n<p>Cuando est\u00e1s en la carretera, ya sea en un scooter el\u00e9ctrico, en un veh\u00edculo o a pie, los dem\u00e1s tienen un \u00abdeber de cuidado\u00bb hacia ti. Eso significa que tienen la obligaci\u00f3n legal de tener un cuidado razonable para evitar lesionarte. Si incumplen esa obligaci\u00f3n y te lesionan, es muy posible que tengas un caso.<\/p>\n<p>Como equipo de abogados con experiencia en accidentes con scooter el\u00e9ctricos, tenemos un historial probado de demostrar c\u00f3mo nuestros clientes ten\u00edan un deber de cuidado por parte del demandado que \u00e9ste incumpli\u00f3. Adem\u00e1s, podemos demostrar c\u00f3mo ese incumplimiento provoc\u00f3 las lesiones de nuestros clientes.<\/p>\n<p>Adem\u00e1s, podemos demostrar que ha sufrido da\u00f1os y perjuicios como consecuencia de esta lesi\u00f3n, por lo que merece una indemnizaci\u00f3n.<\/p>\n<p>Una vez m\u00e1s, si usted cree que hay alguna posibilidad de que otra parte actu\u00f3 negligentemente en la conducci\u00f3n de su lesi\u00f3n, entonces vale la pena llegar a Belal para una evaluaci\u00f3n del caso.<\/p>\n<p><img loading=\"lazy\" decoding=\"async\" class=\"size-full wp-image-37452\" src=\"https:\/\/belalhamidehlaw.com\/wp-content\/uploads\/sites\/3\/2025\/01\/electric-scooter-accident-long-beach.webp\" alt=\"electric scooter accident long beach\" width=\"1000\" height=\"500\" srcset=\"https:\/\/belalhamidehlaw.com\/es\/wp-content\/uploads\/sites\/3\/2025\/01\/electric-scooter-accident-long-beach.webp 1000w, https:\/\/belalhamidehlaw.com\/es\/wp-content\/uploads\/sites\/3\/2025\/01\/electric-scooter-accident-long-beach-300x150.webp 300w, https:\/\/belalhamidehlaw.com\/es\/wp-content\/uploads\/sites\/3\/2025\/01\/electric-scooter-accident-long-beach-768x384.webp 768w\" sizes=\"auto, (max-width: 1000px) 100vw, 1000px\" \/><\/p>\n<h2><strong>\u00bfQu\u00e9 debo hacer si tengo un accidente con un scooter el\u00e9ctrico?<\/strong><\/h2>\n<p>En primer lugar, al\u00e9jate de posibles da\u00f1os mayores. Salga de la carretera, al\u00e9jese de la cornisa, al\u00e9jese de un incendio u otro peligro, etc. Compruebe si tiene lesiones. Haz lo mismo con los dem\u00e1s.<\/p>\n<p>Llame al 911. Afortunadamente, ni usted ni ninguna otra persona han sufrido lesiones. Sin embargo, es posible que algunas de las peores lesiones no se manifiesten hasta pasado un tiempo. Podr\u00edan ser internas, podr\u00edas estar en estado de shock, etc. Por eso es importante recibir atenci\u00f3n m\u00e9dica lo antes posible tras un accidente.<\/p>\n<p>Haga una declaraci\u00f3n a la polic\u00eda. Repita s\u00f3lo los hechos. No adornes ni redactes lo sucedido. La polic\u00eda elaborar\u00e1 un informe policial. Belal y el equipo pueden utilizarlo para tu posible caso.<\/p>\n<p>Recoge pruebas. Hazlo en la medida en que puedas sin ponerte en peligro. Haz fotos y graba en v\u00eddeo el accidente, los scooter, los da\u00f1os en las inmediaciones, tus lesiones, las de los dem\u00e1s, etc. Si tienes dudas sobre algo, docum\u00e9ntalo.<\/p>\n<p>Habla con la otra parte implicada. H\u00e1galo tanto si se trata de un conductor, un peat\u00f3n, un conductor de scooter, etc. Consigue su nombre, n\u00famero de carn\u00e9, direcci\u00f3n, n\u00famero de tel\u00e9fono, n\u00famero de seguro, etc. S\u00e9 educado pero no admitas la culpa.<\/p>\n<p>Si hay testigos, recopila tambi\u00e9n su informaci\u00f3n de contacto.<\/p>\n<p>Una vez que haya hecho todo lo anterior, p\u00f3ngase en contacto con Belal para una evaluaci\u00f3n gratuita de su caso.<\/p>\n<h2><strong>\u00bfQu\u00e9 tipo de indemnizaci\u00f3n puedo recibir por mi accidente con un scooter el\u00e9ctrico?<\/strong><\/h2>\n<p>Si sufres lesiones en un accidente con un scooter el\u00e9ctrico en California, podr\u00edas recibir una indemnizaci\u00f3n tanto econ\u00f3mica como no econ\u00f3mica.<\/p>\n<p>Los accidentes de scooter el\u00e9ctrico pueden, por desgracia, provocar lesiones graves. Estas lesiones pueden requerir tratamiento m\u00e9dico profesional, como medicamentos, rehabilitaci\u00f3n, terapia, visitas frecuentes al m\u00e9dico y mucho m\u00e1s. Usted puede recuperar los da\u00f1os econ\u00f3micos de su accidente para cubrir todas sus facturas m\u00e9dicas.<\/p>\n<p>A ra\u00edz de un accidente de scooter, es muy posible que tenga que faltar al trabajo. En algunos casos, es posible que no pueda volver a su trabajo en la misma capacidad o volver a su trabajo en absoluto. Belal y su equipo pueden ayudarle a recuperar los salarios perdidos que hubiera ganado.<\/p>\n<p>Adem\u00e1s, podemos luchar para conseguirle una indemnizaci\u00f3n por los salarios que perdi\u00f3 y que habr\u00eda ganado si hubiera podido seguir trabajando en el futuro.<\/p>\n<p>Un accidente en el que est\u00e9 implicado un scooter el\u00e9ctrico puede provocar dolor y sufrimiento, haci\u00e9ndole perder el disfrute de la vida, las cosas que le gustaban. Incluso podr\u00eda causar la p\u00e9rdida de consorcio y mucho m\u00e1s. Tambi\u00e9n podemos hacer todo lo posible para asegurarnos de que reciba estos da\u00f1os \u00abno econ\u00f3micos\u00bb tambi\u00e9n por todo lo que ha tenido que lidiar.<\/p>\n<p>Cuando usted se sienta con Belal durante una evaluaci\u00f3n gratuita de su caso, \u00e9l se basar\u00e1 en su experiencia para hacerle saber exactamente lo que su caso puede valer y qu\u00e9 da\u00f1os y perjuicios se merece. Luego, haremos todo lo posible para asegurarnos de que los obtenga.<\/p>\n<h2>\u00bfQui\u00e9n puede ser responsable de mi accidente con un scooter el\u00e9ctrico?<\/h2>\n<p>Si usted se lesiona en un accidente con un scooter el\u00e9ctrico, muchas partes diferentes podr\u00edan ser responsables de sus lesiones. Algunas de las partes m\u00e1s comunes responsables de un accidente de scooter el\u00e9ctrico incluyen:<\/p>\n<ul>\n<li>\n<h3><strong>Conductor<\/strong><\/h3>\n<\/li>\n<\/ul>\n<p>Muchos accidentes de e-scooter son culpa del conductor de un veh\u00edculo. Si el conductor de un coche, cami\u00f3n, SUV, o cualquier otro veh\u00edculo opera ese veh\u00edculo negligentemente de tal manera como para causar una lesi\u00f3n, es muy posible que tenga un caso.<\/p>\n<ul>\n<li>\n<h3><strong>Empresas de scooter el\u00e9ctricos<\/strong><\/h3>\n<\/li>\n<\/ul>\n<p>Las compa\u00f1\u00edas de scooter el\u00e9ctricos como Lime, Bird, Lyft, Spin y otras tienen el deber de proporcionarte un e-scooter seguro. En caso de que los scooter sean defectuosos de alguna manera, lo que provoca que usted se lesione, usted podr\u00eda ser elegible para una compensaci\u00f3n.<\/p>\n<p>Adem\u00e1s: Lime, Bird, Lyft, etc\u00e9tera, no son las \u00fanicas empresas que podr\u00edan ser responsables de tus lesiones en scooter. Tal vez los t\u00e9cnicos que fabricaron los scooter, los establecimientos que los vendieron, los que fabricaron las piezas, los dise\u00f1aron, etc\u00e9tera, fueron negligentes de alguna manera. En caso de que eso haya provocado tu lesi\u00f3n, encontraremos la verdad y la utilizaremos a tu favor.<\/p>\n<ul>\n<li>\n<h3><strong>El mantenimiento de las carreteras<\/strong><\/h3>\n<\/li>\n<\/ul>\n<p>Si usted conduc\u00eda un e-scooter por una acera y hab\u00eda un peligro que provoc\u00f3 su lesi\u00f3n, tambi\u00e9n podr\u00eda tener un caso aqu\u00ed. En este caso, el responsable del mantenimiento de la acera es culpable, ya sea un organismo p\u00fablico, el due\u00f1o de una propiedad colindante con la acera, etc.<\/p>\n<ul>\n<li>\n<h3><strong>Peatones<\/strong><\/h3>\n<\/li>\n<\/ul>\n<p>S\u00ed, puede parecer poco probable, pero los peatones pueden ser potencialmente elegibles para una lesi\u00f3n e-scooter. Recuerda: los e-scooters pueden circular por carriles bici. Si, por ejemplo, un peat\u00f3n sale a un paso de peatones sin mirar a su alrededor, golpeando un e-scooter, y causando una lesi\u00f3n, entonces el peat\u00f3n podr\u00eda ser responsable.<\/p>\n<p>Siempre hacemos lo necesario para descubrir la verdad y utilizarla para presentar el caso m\u00e1s convincente para nuestros clientes.<\/p>\n<h2><strong>\u00bfTengo un caso si alguien me lesiona con su scooter?<\/strong><\/h2>\n<p>S\u00ed, absolutamente. En muchos casos, los conductores de e-scooters son negligentes, incumplen su deber de cuidado y causan una lesi\u00f3n por la que la v\u00edctima merece una indemnizaci\u00f3n.<\/p>\n<p>Por ejemplo, tal vez est\u00e1s en la acera cuando alguien en un e-scooter, yendo demasiado r\u00e1pido (hasta 15 millas por hora) te golpea, caus\u00e1ndote una lesi\u00f3n. En ese caso, merecer\u00edas una indemnizaci\u00f3n por las lesiones sufridas por culpa del conductor del e-scooter.<\/p>\n<h2><strong>\u00bfTengo derecho a reclamar si sufro lesiones en un scooter el\u00e9ctrico y estoy solo?<\/strong><\/h2>\n<p>Muy bien. Los e-scooters se consideran c\u00f3modos por muchas razones, y una de las m\u00e1s importantes es que cuando los operadores llegan a su destino tienden a dejar los e-scooters en cualquier sitio. As\u00ed que, si vas caminando, tropiezas y te caes encima de un e-scooter, podr\u00edas tener derecho a una indemnizaci\u00f3n.<\/p>\n<p>En concreto, usted podr\u00eda ser indemnizado por la persona que dej\u00f3 el scooter en la calle. Alternativamente, el propietario del local podr\u00eda ser responsable si ocurri\u00f3 en su propiedad o incluso, en algunos casos, la empresa de e-scooter (en caso de que el scooter se haya dejado en la calle durante un periodo de tiempo muy largo).<\/p>\n<p>Como puede imaginar, estos casos pueden ser muy complicados. Tener un abogado con experiencia de su lado le da la mejor oportunidad posible de recibir toda la compensaci\u00f3n que se merece.<\/p>\n<h2><strong>\u00bfC\u00f3mo puede ayudar un abogado con experiencia en scooter el\u00e9ctricos?<\/strong><\/h2>\n<p>Los e-scooters no llevan mucho tiempo en el mercado. Como tal, hay una clara falta de regulaciones e-scooter en el estado de California. Si, los conductores de e-scooters estan obligados a conducirlos solo, por las aceras\/carriles bici\/zonas designadas, y a baja velocidad, etc. Pero, realmente no hay mucho en la forma de reglamentos, normas de trafico, y similares.<\/p>\n<p>Por lo tanto, determinar la responsabilidad, los da\u00f1os y perjuicios y dem\u00e1s despu\u00e9s de un accidente puede llegar a ser todo un reto. Es muy f\u00e1cil recibir menos compensaci\u00f3n de la que se merece (o incluso ninguna compensaci\u00f3n en absoluto) por sus lesiones. Incluso aquellos que son abogados con experiencia en lesiones personales (pero no espec\u00edficamente con experiencia en casos de accidentes de e-scooter) pueden no ser plenamente conscientes de todas las leyes existentes, reglamentos, y as\u00ed sucesivamente.<\/p>\n<p>Al tener un abogado que tiene experiencia real e-scooter de su lado, usted se da la mejor posibilidad de recibir toda la compensaci\u00f3n que debe.<\/p>\n<h2><strong>\u00bfPuedo recibir una indemnizaci\u00f3n por mi accidente de scooter aunque haya tenido parte de culpa?<\/strong><\/h2>\n<p>S\u00ed, puede hacerlo. En California, tenemos lo que se llama \u00abnegligencia comparativa\u00bb. En ella, puedes recibir una indemnizaci\u00f3n proporcional a la parte del accidente que sea culpa tuya. Por ejemplo, tal vez usted condujo su scooter por donde no deb\u00eda, lo que provoc\u00f3 un accidente. En ese caso, puede determinarse que el accidente fue en un 25% culpa tuya.<\/p>\n<p>Por lo tanto, a\u00fan podr\u00eda recibir el 75% de la indemnizaci\u00f3n que habr\u00eda recibido si el accidente no hubiera sido culpa suya en modo alguno. Con un abogado con experiencia a su lado, que sepa negociar agresivamente en nombre de los clientes, es posible recibir todo lo que deber\u00eda despu\u00e9s de un accidente.<\/p>\n<h2><strong>Belal Hamideh: Abogado con experiencia en accidentes de scooter el\u00e9ctrico<\/strong><\/h2>\n<p>El tiempo despu\u00e9s de sufrir un accidente de e-scooter puede ser uno de los m\u00e1s dif\u00edciles de su vida. Te est\u00e1s recuperando de las lesiones, potencialmente incapacitado para trabajar e inseguro sobre lo que sigue. Belal y su equipo pueden ayudarte.<\/p>\n<p>Trabajamos en r\u00e9gimen de contingencia. Como tal, usted no tiene que pagarnos a menos que ganemos. Sin embargo, ganamos el 99% de las veces. A\u00fan as\u00ed, cuando ganamos, nuestro pago sale de su eventual acuerdo. Todo esto se hace para ayudar a las v\u00edctimas de lesiones durante su tiempo de necesidad.<\/p>\n<p>Si has sufrido un accidente en el que se ha visto implicado un e-scooter, es muy posible que puedas convertir tus da\u00f1os personales en una victoria.<\/p>\n<p>Para programar una evaluaci\u00f3n gratuita de su caso con un abogado con experiencia en accidentes de scooter el\u00e9ctrico en Long Beach, complete el formulario en nuestro sitio o llame.<\/p>\n","protected":false},"excerpt":{"rendered":"<p>\u00bfIba usted en un scooter el\u00e9ctrico cuando sufri\u00f3 un accidente? O, \u00bffue atropellado por alguien en un scooter el\u00e9ctrico y sufri\u00f3 una lesi\u00f3n? Si es as\u00ed, entonces es muy posible que usted tiene un caso. Belal Hamideh, un abogado de accidentes de scooter el\u00e9ctrico en Long Beach, puede ayudarle a recuperar la compensaci\u00f3n que se&#8230; <\/p>\n<p class=\"excerpt-read-more-container pull-right\"><a class=\"excerpt-read-more btn btn-primary\" href=\"https:\/\/belalhamidehlaw.com\/es\/abogado-de-accidentes-de-scooter-electrico-en-long-beach\/\" title=\"Read Abogado de Accidentes de Scooter El\u00e9ctrico\">Leer M\u00e1s<\/a><\/p>\n","protected":false},"author":25,"featured_media":0,"parent":0,"menu_order":0,"comment_status":"closed","ping_status":"closed","template":"template-service.php","meta":{"footnotes":""},"class_list":["post-37448","page","type-page","status-publish","hentry"],"_links":{"self":[{"href":"https:\/\/belalhamidehlaw.com\/es\/wp-json\/wp\/v2\/pages\/37448","targetHints":{"allow":["GET"]}}],"collection":[{"href":"https:\/\/belalhamidehlaw.com\/es\/wp-json\/wp\/v2\/pages"}],"about":[{"href":"https:\/\/belalhamidehlaw.com\/es\/wp-json\/wp\/v2\/types\/page"}],"author":[{"embeddable":true,"href":"https:\/\/belalhamidehlaw.com\/es\/wp-json\/wp\/v2\/users\/25"}],"replies":[{"embeddable":true,"href":"https:\/\/belalhamidehlaw.com\/es\/wp-json\/wp\/v2\/comments?post=37448"}],"version-history":[{"count":0,"href":"https:\/\/belalhamidehlaw.com\/es\/wp-json\/wp\/v2\/pages\/37448\/revisions"}],"wp:attachment":[{"href":"https:\/\/belalhamidehlaw.com\/es\/wp-json\/wp\/v2\/media?parent=37448"}],"curies":[{"name":"wp","href":"https:\/\/api.w.org\/{rel}","templated":true}]}}