{"id":31064,"date":"2024-05-13T17:40:58","date_gmt":"2024-05-14T00:40:58","guid":{"rendered":"https:\/\/bhlaccidentstg.wpenginepowered.com\/es\/?page_id=31064"},"modified":"2026-03-11T15:12:12","modified_gmt":"2026-03-11T22:12:12","slug":"abogado-de-accidentes-long-beach-ca","status":"publish","type":"page","link":"https:\/\/belalhamidehlaw.com\/es\/abogado-de-accidentes-long-beach-ca\/","title":{"rendered":"Abogado de Accidentes en Long Beach"},"content":{"rendered":"<p><span style=\"font-weight: 400;\">\u00bfHa sufrido lesiones en un accidente? \u00bfNo est\u00e1 seguro de qu\u00e9 hacer a continuaci\u00f3n? Mientras se recupera, las facturas se acumulan y las preocupaciones pueden aumentar, generando m\u00e1s problemas y estr\u00e9s. Belal Hamideh, un experimentado <a href=\"https:\/\/belalhamidehlaw.com\/es\/abogado-de-accidentes-long-beach-ca\/\">abogado de accidentes en Long Beach<\/a>, puede brindarle apoyo de varias maneras. Utilizando su experiencia, \u00e9l y nuestro dedicado equipo legal se esfuerzan por ayudarle a obtener la m\u00e1xima compensaci\u00f3n a la que tiene derecho.<\/span><\/p>\n<p><span style=\"font-weight: 400;\">Si existe la m\u00e1s m\u00ednima posibilidad de que se haya lesionado en un accidente, vale la pena comunicarse con Belal para una evaluaci\u00f3n gratuita de su caso. Durante esta consulta, le informaremos definitivamente sobre las posibilidades de su caso.<\/span><\/p>\n<p><span style=\"font-weight: 400;\">Muchos han acudido a Belal sin estar seguros de tener un caso s\u00f3lido, solo para descubrir, despu\u00e9s de una conversaci\u00f3n inicial, que su caso es muy concreto. Belal le explicar\u00e1 muy claramente lo que se merece por sus lesiones y c\u00f3mo puede ayudarle.<\/span><\/p>\n<p><span style=\"font-weight: 400;\">No win, no fee &#8211; con Belal, es as\u00ed. Perm\u00edtanos representarlo sin ning\u00fan pago por adelantado. Trabajamos con honorarios contingentes, por lo que solo tendr\u00e1 que pagar una tarifa si ganamos su caso.<\/span><\/p>\n<p><span style=\"font-weight: 400;\">Nuestro pago es un porcentaje de su acuerdo, asegur\u00e1ndonos de que no pague a menos que tengamos \u00e9xito. Con una tasa de \u00e9xito del 99%, nuestro conocimiento y tenacidad nos hacen competentes para representar a clientes como usted con determinaci\u00f3n y \u00e9xito.<\/span><\/p>\n<h2><b>Compensaci\u00f3n A La Que Podr\u00eda Tener Derecho Despu\u00e9s De Un Accidente<\/b><\/h2>\n<p><span style=\"font-weight: 400;\">Cada accidente es \u00fanico. Su compensaci\u00f3n se determinar\u00e1 seg\u00fan varios factores. En California, estos da\u00f1os incluyen los econ\u00f3micos y no econ\u00f3micos. Los da\u00f1os econ\u00f3micos cubren gastos m\u00e9dicos, costos de rehabilitaci\u00f3n, salarios perdidos por incapacidad y futuros ingresos perdidos a causa del accidente.<\/span><\/p>\n<p><span style=\"font-weight: 400;\">Los da\u00f1os no econ\u00f3micos abarcan p\u00e9rdidas intangibles como dolor, sufrimiento, angustia emocional y p\u00e9rdida de calidad de vida debido al accidente. A trav\u00e9s de una representaci\u00f3n legal tenaz, podemos ayudarle a reclamar todos los beneficios que le corresponden. Adem\u00e1s, si es necesario, podemos ponerle en contacto con proveedores de atenci\u00f3n m\u00e9dica de confianza que trabajen tambi\u00e9n a base de honorarios contingentes.<\/span><\/p>\n<h2><b>Belal Aborda Todo Tipo De Casos De Accidentes<\/b><\/h2>\n<p><span style=\"font-weight: 400;\">Nuestra experiencia legal abarca todo tipo de casos de accidentes. Ya sea un accidente de coche, autob\u00fas, motocicleta o cami\u00f3n, o si ha resultado lesionado como peat\u00f3n, pasajero o ciclista, podemos gestionar su caso. Nuestra pericia se extiende a accidentes en servicios de transporte compartido como Uber y Lyft, sin importar si era pasajero o conductor.<\/span><\/p>\n<p><span style=\"font-weight: 400;\">Por supuesto, no es necesario que haya resultado herido en un accidente de tr\u00e1fico para tener un caso s\u00f3lido. Belal ha representado con \u00e9xito a personas lesionadas en accidentes en obras de construcci\u00f3n, cruceros, aviones, por defectos en productos, resbalones y ca\u00eddas, mordeduras de perro y mucho m\u00e1s.<\/span><\/p>\n<p><span style=\"font-weight: 400;\">Si un ser querido sufri\u00f3 lesiones fatales, Belal tambi\u00e9n puede guiarle en el proceso de una demanda por homicidio culposo.<\/span><\/p>\n<p><span style=\"font-weight: 400;\">En pocas palabras, si ha resultado lesionado por la negligencia de otra persona, podemos ayudarle.<\/span><\/p>\n<h2><b>Responsabilidad Por Su Accidente<\/b><span style=\"font-weight: 400;\">\u00a0<\/span><\/h2>\n<p><span style=\"font-weight: 400;\">Identificar qui\u00e9n o qui\u00e9nes son responsables por su accidente puede ser complejo e involucrar a m\u00faltiples partes. Por ejemplo, en un accidente automovil\u00edstico, el otro conductor puede ser responsable, pero el mal estado de las carreteras o los defectos de su veh\u00edculo pueden contribuir, aunque sea parcialmente. En tales escenarios, los responsables del mantenimiento (o la falta del mismo) podr\u00edan ser considerados responsables.<\/span><\/p>\n<p><span style=\"font-weight: 400;\">Analizamos meticulosamente su caso para encontrar a todas las partes responsables y luego emprender las acciones legales correspondientes contra todas ellas. Al hacerlo, aseguramos la m\u00e1xima compensaci\u00f3n posible.<\/span><\/p>\n<h2><b>Pasos A Seguir Despu\u00e9s De Un Accidente<\/b><span style=\"font-weight: 400;\">\u00a0<\/span><\/h2>\n<p><span style=\"font-weight: 400;\">Tras un accidente, priorice su seguridad y la de los dem\u00e1s. Identifique cualquier lesi\u00f3n y trasl\u00e1dese a un lugar seguro. Re\u00fana datos de contacto y seguros de las otras partes implicadas, pero no admita culpa alguna. Documente la escena del accidente con fotograf\u00edas y v\u00eddeos, siempre y cuando pueda hacerlo de forma segura.<\/span><\/p>\n<p><span style=\"font-weight: 400;\">Notifique a las autoridades. Reciba atenci\u00f3n m\u00e9dica, aunque no crea que la necesite. Informe a su compa\u00f1\u00eda de seguros lo ocurrido de forma breve y veraz. Una vez realizados estos pasos, p\u00f3ngase en contacto con nosotros para obtener asesor\u00eda legal de un experto.<\/span><\/p>\n<h2><b>Es Posible Obtener Una Compensaci\u00f3n Incluso Con Culpabilidad Parcial<\/b><span style=\"font-weight: 400;\">\u00a0<\/span><\/h2>\n<p><span style=\"font-weight: 400;\">En California, el principio de negligencia comparativa le permite obtener una compensaci\u00f3n proporcional a su grado de culpa. Si tuviera una responsabilidad parcial (por ejemplo, del 30%), su compensaci\u00f3n se reducir\u00eda en ese mismo porcentaje. Por ello, consultar a un abogado para evaluar con precisi\u00f3n su caso es crucial. Es posible que tenga derecho a una importante compensaci\u00f3n.<\/span><\/p>\n<h2><b>\u00bfCu\u00e1les Son Las Causas Principales De Los Accidentes De Tr\u00e1nsito En California?<\/b><span style=\"font-weight: 400;\">\u00a0<\/span><\/h2>\n<p><span style=\"font-weight: 400;\">Los accidentes automovil\u00edsticos en California y sus alrededores se deben a diversos factores. Entre los principales culpables se encuentran:<\/span><\/p>\n<ul>\n<li style=\"font-weight: 400;\" aria-level=\"1\"><b>Exceso de velocidad:<\/b><span style=\"font-weight: 400;\"> Cuando los conductores superan el l\u00edmite, su capacidad de reacci\u00f3n se ve afectada, adem\u00e1s de complicar las maniobras de otros conductores y peatones.<\/span><\/li>\n<li style=\"font-weight: 400;\" aria-level=\"1\"><b>Conducir bajo los efectos del alcohol o de otras sustancias:<\/b><span style=\"font-weight: 400;\"> Sorprendentemente, un tercio de los accidentes mortales en EE.UU. se debe a conducir ebrio o bajo influencia de sustancias.<\/span><\/li>\n<li style=\"font-weight: 400;\" aria-level=\"1\"><b>Distracciones al volante:<\/b><span style=\"font-weight: 400;\"> Desde enviar mensajes de texto o revisar redes sociales hasta ajustar la navegaci\u00f3n, la abundancia de distracciones desv\u00eda la atenci\u00f3n de la carretera.<\/span><\/li>\n<li style=\"font-weight: 400;\" aria-level=\"1\"><b>Defectos del veh\u00edculo:<\/b><span style=\"font-weight: 400;\"> Fallos en componentes como cinturones de seguridad, motores y frenos son causa frecuente en accidentes<\/span><\/li>\n<li style=\"font-weight: 400;\" aria-level=\"1\"><b>Errores de conducci\u00f3n:<\/b><span style=\"font-weight: 400;\"> No respetar la distancia de seguridad, saltarse sem\u00e1foros, cambios de carril bruscos, etc., aumentan el riesgo en la carretera.<\/span><\/li>\n<\/ul>\n<h2><b>\u00bfCu\u00e1les Lesiones Son M\u00e1s Comunes En Accidentes?<\/b><\/h2>\n<p><span style=\"font-weight: 400;\">Los accidentes pueden provocar lesiones muy diversas. Belal ha tratado varios casos que incluyen:<\/span><\/p>\n<ul>\n<li style=\"font-weight: 400;\" aria-level=\"1\"><span style=\"font-weight: 400;\">Contusiones y hematomas<\/span><\/li>\n<li style=\"font-weight: 400;\" aria-level=\"1\"><span style=\"font-weight: 400;\">Traumatismo cervical<\/span><\/li>\n<li style=\"font-weight: 400;\" aria-level=\"1\"><span style=\"font-weight: 400;\">Laceraciones y cortes<\/span><\/li>\n<li style=\"font-weight: 400;\" aria-level=\"1\"><span style=\"font-weight: 400;\">Huesos rotos<\/span><\/li>\n<li style=\"font-weight: 400;\" aria-level=\"1\"><span style=\"font-weight: 400;\">Par\u00e1lisis<\/span><\/li>\n<li style=\"font-weight: 400;\" aria-level=\"1\"><span style=\"font-weight: 400;\">Lesiones de columna vertebral<\/span><\/li>\n<li style=\"font-weight: 400;\" aria-level=\"1\"><span style=\"font-weight: 400;\">Lesiones cerebrales traum\u00e1ticas<\/span><\/li>\n<li style=\"font-weight: 400;\" aria-level=\"1\"><span style=\"font-weight: 400;\">Trastornos emocionales, como TEPT y ansiedad<\/span><\/li>\n<li style=\"font-weight: 400;\" aria-level=\"1\"><span style=\"font-weight: 400;\">Lesiones de cabeza y cuello<\/span><\/li>\n<\/ul>\n<p><span style=\"font-weight: 400;\">Nuestro objetivo es conseguir la mayor compensaci\u00f3n posible por las dificultades a las que se ha enfrentado. Hacemos todo lo posible para garantizarlo.<\/span><\/p>\n<h2><b>Cuanto Antes Contacte Con Un Abogado De Accidentes, Mejor<\/b><span style=\"font-weight: 400;\">\u00a0<\/span><\/h2>\n<p><span style=\"font-weight: 400;\">El tiempo es esencial en materia de accidentes. En California, se concede un plazo de dos a\u00f1os para presentar su demanda. Sin embargo, hay excepciones, lo que subraya la necesidad de actuar con rapidez. Las compa\u00f1\u00edas de seguros act\u00faan con celeridad en un intento de minimizar su compensaci\u00f3n.<\/span><\/p>\n<p><span style=\"font-weight: 400;\">Poni\u00e9ndose en contacto con nosotros r\u00e1pidamente se coloca en la mejor posici\u00f3n posible para lograr un resultado positivo.<\/span><\/p>\n<h2><b>Convierta Su Accidente y Da\u00f1os En Una Victoria<\/b><\/h2>\n<p><span style=\"font-weight: 400;\">El per\u00edodo posterior a un accidente es sin duda desafiante. Sin embargo, contactar con un abogado experimentado puede cambiar su situaci\u00f3n. Belal Hamideh es tan compasivo como competente.<\/span><\/p>\n<p><span style=\"font-weight: 400;\">Si usted o un familiar ha sido v\u00edctima de un accidente, no se demore. Solicite una consulta gratuita por tel\u00e9fono o a trav\u00e9s de nuestro chat en l\u00ednea, hoy mismo. Perm\u00edtanos ayudarle a transformar sus lesiones y da\u00f1os sufridos, en la justicia e indemnizaci\u00f3n merecidos.<\/span><\/p>\n","protected":false},"excerpt":{"rendered":"<p>\u00bfHa sufrido lesiones en un accidente? \u00bfNo est\u00e1 seguro de qu\u00e9 hacer a continuaci\u00f3n? Mientras se recupera, las facturas se acumulan y las preocupaciones pueden aumentar, generando m\u00e1s problemas y estr\u00e9s. Belal Hamideh, un experimentado abogado de accidentes en Long Beach, puede brindarle apoyo de varias maneras. Utilizando su experiencia, \u00e9l y nuestro dedicado equipo&#8230; <\/p>\n<p class=\"excerpt-read-more-container pull-right\"><a class=\"excerpt-read-more btn btn-primary\" href=\"https:\/\/belalhamidehlaw.com\/es\/abogado-de-accidentes-long-beach-ca\/\" title=\"Read Abogado de Accidentes en Long Beach\">Leer M\u00e1s<\/a><\/p>\n","protected":false},"author":25,"featured_media":0,"parent":0,"menu_order":0,"comment_status":"closed","ping_status":"closed","template":"","meta":{"footnotes":""},"class_list":["post-31064","page","type-page","status-publish","hentry"],"_links":{"self":[{"href":"https:\/\/belalhamidehlaw.com\/es\/wp-json\/wp\/v2\/pages\/31064","targetHints":{"allow":["GET"]}}],"collection":[{"href":"https:\/\/belalhamidehlaw.com\/es\/wp-json\/wp\/v2\/pages"}],"about":[{"href":"https:\/\/belalhamidehlaw.com\/es\/wp-json\/wp\/v2\/types\/page"}],"author":[{"embeddable":true,"href":"https:\/\/belalhamidehlaw.com\/es\/wp-json\/wp\/v2\/users\/25"}],"replies":[{"embeddable":true,"href":"https:\/\/belalhamidehlaw.com\/es\/wp-json\/wp\/v2\/comments?post=31064"}],"version-history":[{"count":0,"href":"https:\/\/belalhamidehlaw.com\/es\/wp-json\/wp\/v2\/pages\/31064\/revisions"}],"wp:attachment":[{"href":"https:\/\/belalhamidehlaw.com\/es\/wp-json\/wp\/v2\/media?parent=31064"}],"curies":[{"name":"wp","href":"https:\/\/api.w.org\/{rel}","templated":true}]}}