{"id":30869,"date":"2024-03-26T10:57:14","date_gmt":"2024-03-26T17:57:14","guid":{"rendered":"https:\/\/bhlaccidentstg.wpenginepowered.com\/es\/?page_id=30869"},"modified":"2026-03-16T09:52:55","modified_gmt":"2026-03-16T16:52:55","slug":"oficinas-bhl-en-irvine","status":"publish","type":"page","link":"https:\/\/belalhamidehlaw.com\/es\/oficinas-bhl-en-irvine\/","title":{"rendered":"OFICINAS BHL EN IRVINE"},"content":{"rendered":"<h2><div class=\"ws-swappable-module social-custom-module\"><a class=\"facebook-icon\" href=\"https:\/\/www.facebook.com\/people\/BHL-Abogados-de-Accidentes\/61559874983709\/\" target=\"_blank\" rel=\"nofollow noopener\"><img decoding=\"async\" src=\"https:\/\/belalhamidehlaw.com\/es\/wp-content\/themes\/wordpress-shuttle-es\/includes\/images\/social\/fb.png\"><\/a><a class=\"instagram-icon\" href=\"https:\/\/www.instagram.com\/abogadobhl\/\" target=\"_blank\" rel=\"nofollow noopener\"><img decoding=\"async\" src=\"https:\/\/belalhamidehlaw.com\/es\/wp-content\/themes\/wordpress-shuttle-es\/includes\/images\/social\/instagram.png\"><\/a><a class=\"twitter-icon\" href=\"https:\/\/x.com\/AbogadoBhl\" target=\"_blank\" rel=\"nofollow\"><img decoding=\"async\" src=\"https:\/\/belalhamidehlaw.com\/es\/wp-content\/themes\/wordpress-shuttle-es\/includes\/images\/social\/twitter.png\"><\/a><a class=\"linkedin-icon\" href=\"https:\/\/www.linkedin.com\/in\/belal-hamideh-2ab489b3\/\" target=\"_blank\" rel=\"nofollow noopener\"><img decoding=\"async\" src=\"https:\/\/belalhamidehlaw.com\/es\/wp-content\/themes\/wordpress-shuttle-es\/includes\/images\/social\/linkedin.png\"><\/a><a class=\"pinterest-icon\" href=\"https:\/\/www.pinterest.com\/belalhamidehlaw\/\" target=\"_blank\" rel=\"nofollow noopener\"><img decoding=\"async\" src=\"https:\/\/belalhamidehlaw.com\/es\/wp-content\/themes\/wordpress-shuttle-es\/includes\/images\/social\/pinterest.png\"><\/a><a class=\"yelp-icon\" href=\"https:\/\/www.yelp.com\/biz\/belal-hamideh-law-accident-lawyers-long-beach\" target=\"_blank\" rel=\"nofollow noopener\"><img decoding=\"async\" src=\"https:\/\/belalhamidehlaw.com\/es\/wp-content\/themes\/wordpress-shuttle-es\/includes\/images\/social\/yelp.png\"><\/a><a class=\"youtube-icon\" href=\"https:\/\/www.youtube.com\/channel\/UCqLXwPWYQHFFijq0wdrVvnw\" target=\"_blank\" rel=\"nofollow noopener\"><img decoding=\"async\" src=\"https:\/\/belalhamidehlaw.com\/es\/wp-content\/themes\/wordpress-shuttle-es\/includes\/images\/social\/youtube.png\"><\/a><\/div><\/h2>\n<div class=\"clearfix-separator\" style=\"padding:; margin:2%;\"><\/div>\n<h2><b>Abogado De Accidentes en Irvine: Experiencia y Resultados en Casos de Lesiones<\/b><\/h2>\n<p><img loading=\"lazy\" decoding=\"async\" class=\"aligncenter size-full wp-image-28188\" src=\"https:\/\/belalhamidehlaw.com\/wp-content\/uploads\/2024\/03\/oficinas-de-irvine-1.jpg\" alt=\"oficinas de irvine \" width=\"1400\" height=\"500\" \/><\/p>\n<p><span style=\"font-weight: 400;\">Si resultaste herido en un accidente en Palos Verdes, necesitas un abogado con experiencia que luche por tus derechos. Belal Hamideh, con un historial comprobado de \u00e9xito en casos de lesiones personales, ha ayudado a innumerables personas a obtener la compensaci\u00f3n que merecen. Su compromiso con la justicia y su dedicaci\u00f3n a sus clientes lo convierten en el aliado ideal para enfrentar este desaf\u00edo. Hablamos espa\u00f1ol. Agenda una evaluaci\u00f3n gratuita de tu caso hoy mismo y descubre c\u00f3mo Belal Hamideh<\/span><span style=\"font-weight: 400;\">; un abogado de accidentes con experiencia en Irvine, puede ayudarte a convertir esta lesi\u00f3n en una victoria personal.<\/span><\/p>\n<p><span style=\"font-weight: 400;\">Si tienes la sospecha de que tu lesi\u00f3n fue resultado de la negligencia o imprudencia de otro, toma acci\u00f3n. Agenda una evaluaci\u00f3n gratuita de tu caso con Belal. En esta sesi\u00f3n sin compromiso, evaluaremos el valor de tu caso y revisaremos las mejores opciones para ayudarte con tu caso.<\/span><\/p>\n<h2>Aqu\u00ed\u00a0Comienza\u00a0Tu Camino a la Recuperaci\u00f3n: Consulta Gratuita<\/h2>\n<p><span style=\"font-weight: 400;\">Belal Hamideh ha sido un faro de esperanza para las personas que han sufrido lesiones en accidentes.<\/span><\/p>\n<p><span style=\"font-weight: 400;\">Habiendo recuperado m\u00e1s de $100 millones para sus clientes a lo largo de su carrera, Belal est\u00e1 listo para poner su experiencia a su servicio. Reconocido como un abogado de cinco estrellas y parte de <\/span><i><span style=\"font-weight: 400;\">The National Trial Lawyer Top 40 Under 40<\/span><\/i><span style=\"font-weight: 400;\">, permita que Belal y su equipo se dediquen a convertir su lesi\u00f3n en una victoria personal.<\/span><\/p>\n<p><span style=\"font-weight: 400;\">D\u00e9 el primer paso hacia la justicia: programe una evaluaci\u00f3n de caso gratuita ahora, puede hacerlo a trav\u00e9s de nuestro sitio web o llam\u00e1ndonos directamente.<\/span><\/p>\n<h2><b>Recupera tu Vida con Belal Hamideh: Abogado de Accidentes en Irvine<\/b><\/h2>\n<p><span style=\"font-weight: 400;\">El conocimiento de Belal Hamideh se extiende en el litigio de lesiones y derecho laboral.<\/span><\/p>\n<p><span style=\"font-weight: 400;\">Graduado de la Universidad de California, Irvine, y la Escuela de Derecho de Pepperdine, Belal cuenta con una tasa de \u00e9xito del 99% y ha recuperado millones en indemnizaciones para sus clientes. Belal combina experiencia y dedicaci\u00f3n para garantizar la justicia.<\/span><\/p>\n<p><span style=\"font-weight: 400;\">Manejando casos en un esquema de honorarios de contingencia, enfatiza un enfoque centrado en el cliente. Proporcionando as\u00ed, justo con su h\u00e1bil equipo legal, un servicio de primera clase.<\/span><\/p>\n<h2><b>Con Belal Hamideh a tu Lado: M\u00e1s que un Abogado<\/b><\/h2>\n<p>Elegir a Belal Hamideh como tu abogado despu\u00e9s de un accidente en Irvine significa elegir un equipo comprometido con tu bienestar. Desde el primer momento, te brindaremos la atenci\u00f3n personalizada y el apoyo que necesitas para superar este desaf\u00edo. Con Belal Hamideh a tu lado, puedes esperar:<\/p>\n<ul>\n<li aria-level=\"1\"><b>M\u00c1XIMA COMPENSACI\u00d3N:\u00a0<\/b><\/li>\n<\/ul>\n<p><span style=\"font-weight: 400;\">El dedicado equipo legal de Belal, con amplia experiencia,\u00a0 est\u00e1 a tu servicio, comprometido en asegurar la m\u00e1s alta compensaci\u00f3n para tus lesiones. Belal entiende los matices de los casos de lesiones y trabaja para maximizar\u00a0 los beneficios a los que tienes derecho.<\/span><\/p>\n<ul>\n<li aria-level=\"1\"><b>SIN HONORARIOS INICIALES:\u00a0\u00a0<\/b><\/li>\n<\/ul>\n<p><span style=\"font-weight: 400;\">Iniciar tu camino hacia la justicia no deber\u00eda generarte cargas financieras. Belal opera sin cobrar por adelantado; solo pagas cuando el caso es ganado. Adem\u00e1s, si tu caso concluye sin \u00e9xito, no tienes obligaci\u00f3n de pagar.\u00a0 Incluso tu primera consulta legal con nuestro abogado de lesiones personales en California es gratuita. Es un camino sin riesgos para buscar la compensaci\u00f3n que mereces.<\/span><\/p>\n<ul>\n<li aria-level=\"1\"><b>REFERENCIAS A LOS MEJORES M\u00c9DICOS:<\/b><span style=\"font-weight: 400;\">\u00a0<\/span><\/li>\n<\/ul>\n<p><span style=\"font-weight: 400;\">Tu bienestar es nuestra prioridad. El despacho de abogados de Belal asegura que recibas atenci\u00f3n m\u00e9dica de la mejor calidad para facilitar tu recuperaci\u00f3n. Te conectamos con los mejores profesionales para maximizar tus posibilidades de una total recuperaci\u00f3n.<\/span><\/p>\n<ul>\n<li aria-level=\"1\"><b>TRANQUILIDAD: <\/b><span style=\"font-weight: 400;\">\u00a0\u00a0<\/span><\/li>\n<\/ul>\n<p><span style=\"font-weight: 400;\">Navegar las\u00a0 complejidades legales de un caso de lesi\u00f3n puede ser abrumador. Belal y su equipo nos encargamos de ello, permiti\u00e9ndote as\u00ed centrarte en lo que realmente importa: tu recuperaci\u00f3n.<\/span><\/p>\n<ul>\n<li aria-level=\"1\"><b>SIN ARREPENTIMIENTO:<\/b><span style=\"font-weight: 400;\">\u00a0<\/span><\/li>\n<\/ul>\n<p><span style=\"font-weight: 400;\">Adoptamos un enfoque centrado en el cliente, asegurando que no te arrepentir\u00e1s de elegirnos como tus representantes. El inquebrantable compromiso de Belal con la justicia y la satisfacci\u00f3n de sus clientes lo distinguen de los dem\u00e1s.<\/span><\/p>\n<h2><b>No Pierdas tu Derecho: Plazos para Demandar por un Accidente en Irvine<\/b><\/h2>\n<p><span style=\"font-weight: 400;\">Es fundamental actuar con rapidez. Notifique al DMV de California en los primeros diez d\u00edas si hubo lesiones, muertes o da\u00f1os a la propiedad superiores a $1,000.<\/span><\/p>\n<p><span style=\"font-weight: 400;\">Para lesiones, tiene dos a\u00f1os a partir del accidente, y para da\u00f1os a la propiedad, tres a\u00f1os.<\/span><\/p>\n<p><span style=\"font-weight: 400;\">Los casos que involucren entidades gubernamentales tienen una ventana de seis meses para demandas y otros seis meses para presentar una querella despu\u00e9s de un reclamo denegado.<\/span><\/p>\n<p><span style=\"font-weight: 400;\">Lesiones de diverso tipo, como negligencia m\u00e9dica, se adhieren a un estatuto de limitaci\u00f3n de un a\u00f1o. Actuar de inmediato le brinda la mejor oportunidad de un resultado exitoso.<\/span><\/p>\n<h2><b>Un Abogado, M\u00faltiples \u00c1reas: Casos que Domina Belal Hamideh<\/b><\/h2>\n<p><span style=\"font-weight: 400;\">Belal ha manejado diversos tipos de casos en Irvine y alrededor. Estos incluyen:<\/span><\/p>\n<ul>\n<li aria-level=\"1\"><b>Accidentes automovil\u00edsticos:\u00a0<\/b><\/li>\n<\/ul>\n<p><span style=\"font-weight: 400;\">Exige una compensaci\u00f3n si una acci\u00f3n negligente y\/o imprudente de otro conductor te caus\u00f3 lesiones.<\/span><\/p>\n<ul>\n<li aria-level=\"1\"><b>Accidentes de peatones:\u00a0<\/b><\/li>\n<\/ul>\n<p><span style=\"font-weight: 400;\">Ser atropellado por un veh\u00edculo mientras caminas puede ser devastador. Belal puede ayudarte.<\/span><\/p>\n<ul>\n<li aria-level=\"1\"><b>Accidentes de bicicletas:\u00a0<\/b><\/li>\n<\/ul>\n<p><span style=\"font-weight: 400;\">Protege tus derechos si te lesionaste mientras ibas por un carril de ciclistas.<\/span><\/p>\n<ul>\n<li aria-level=\"1\"><b>Accidentes de motocicletas:\u00a0<\/b><\/li>\n<\/ul>\n<p><span style=\"font-weight: 400;\">En la gran mayor\u00eda de los accidentes de este tipo, el motociclista no tiene la culpa. Belal Hamideh descubre lo ocurrido y obtiene justicia para ti.<\/span><\/p>\n<ul>\n<li aria-level=\"1\"><b>Accidentes de camiones:\u00a0<\/b><\/li>\n<\/ul>\n<p><span style=\"font-weight: 400;\">Los accidentes que involucran grandes camiones comerciales suelen ser muy graves. Belal tiene un\u00a0 historial comprobado de \u00e9xitos frente a las empresas m\u00e1s grandes.<\/span><\/p>\n<ul>\n<li aria-level=\"1\"><b>Accidentes de resbalones y ca\u00eddas:\u00a0<\/b><\/li>\n<\/ul>\n<p><span style=\"font-weight: 400;\">Obt\u00e9n una compensaci\u00f3n por las lesiones sufridas dentro de la propiedad de otra persona.<\/span><\/p>\n<ul>\n<li aria-level=\"1\"><b>Accidentes de construcci\u00f3n:\u00a0<\/b><\/li>\n<\/ul>\n<p><span style=\"font-weight: 400;\">Presenta una demanda por lesiones personales contra las partes negligentes en entornos de construcci\u00f3n.<\/span><\/p>\n<ul>\n<li aria-level=\"1\"><b>Accidentes de Uber\/Lyft:\u00a0<\/b><\/li>\n<\/ul>\n<p><span style=\"font-weight: 400;\">Si sufriste un accidente ocasionado por el conductor de un servicio de transporte compartido, siendo su pasajero, o incluso si trabajas para uno de estos servicios, Belal puede ayudarte.<\/span><\/p>\n<ul>\n<li aria-level=\"1\"><b>Muerte por negligencia:\u00a0<\/b><\/li>\n<\/ul>\n<p><span style=\"font-weight: 400;\">Representaci\u00f3n dedicada en casos que buscan indemnizaci\u00f3n por la p\u00e9rdida de un ser querido.<\/span><\/p>\n<ul>\n<li aria-level=\"1\"><b>Compensaci\u00f3n de trabajadores:\u00a0<\/b><\/li>\n<\/ul>\n<p><span style=\"font-weight: 400;\">Defiende tus derechos si sufriste lesiones en el trabajo, a\u00fan si tu\u00a0 reclamo inicial fue denegado.<\/span><\/p>\n<ul>\n<li aria-level=\"1\"><b>Despido injustificado:\u00a0<\/b><\/li>\n<\/ul>\n<p><span style=\"font-weight: 400;\">Recupera una justa compensaci\u00f3n si fuiste despedido ilegalmente.<\/span><\/p>\n<p><span style=\"font-weight: 400;\">Esta lista incluye solo algunos de los casos que Belal puede manejar.\u00a0 Si crees tener un caso, te invitamos para que agendes una evaluaci\u00f3n gratuita del mismo.<\/span><\/p>\n<h2><b>Conocimiento es Poder: Gu\u00eda Para V\u00edctimas de Accidentes en Irvine<\/b><\/h2>\n<ul>\n<li aria-level=\"1\"><b>Permanecer en La Escena:<\/b><\/li>\n<\/ul>\n<p><span style=\"font-weight: 400;\">Puede ser ilegal marcharse del lugar del accidente. Aseg\u00farate de quedarte hasta que lleguen las autoridades. Sin embargo, puedes alejarte del riesgo de sufrir m\u00e1s da\u00f1os (salir del medio de la carretera, alejarte del\u00a0 borde de un acantilado, etc.) Advierte al tr\u00e1fico que se aproxima si es necesario, utilizando luces de emergencia o bengalas. Mant\u00e9n la calma, eval\u00faa las lesiones y comprueba los da\u00f1os de tu veh\u00edculo.<\/span><\/p>\n<ul>\n<li aria-level=\"1\"><b>Llamar Al 911:\u00a0<\/b><\/li>\n<\/ul>\n<p><span style=\"font-weight: 400;\">Incluso si las lesiones no parecen graves, solicita ayuda. Como m\u00ednimo, la asistencia policial brindar\u00e1 un importante respaldo para tu caso.\u00a0 Busca atenci\u00f3n m\u00e9dica incluso si te sientes bien, podr\u00edas estar en estado de shock y no reconocer s\u00edntomas latentes.<\/span><\/p>\n<ul>\n<li aria-level=\"1\"><b>Reunir Informaci\u00f3n:<\/b><\/li>\n<\/ul>\n<p><span style=\"font-weight: 400;\">Obt\u00e9n detalles de todas las partes involucradas incluidos nombres, matr\u00edculas y seguros. Recolecta testimonios de alg\u00fan testigo, y documenta la escena con fotos.<\/span><\/p>\n<ul>\n<li aria-level=\"1\"><b>No Admitir Culpa:\u00a0<\/b><\/li>\n<\/ul>\n<p><span style=\"font-weight: 400;\">Evita disculparte con terceros implicados. Limita las discusiones, \u00fanicamente comparte tu informaci\u00f3n de contacto y seguro.<\/span><\/p>\n<p><span style=\"font-weight: 400;\">Una vez hayas dado estos pasos, contacta a Belal para una evaluaci\u00f3n gratuita de tu caso.<\/span><\/p>\n<h2><b>Un Vistazo a la Seguridad Vial: Estad\u00edsticas de Accidentes en San Diego<\/b><\/h2>\n<p><span style=\"font-weight: 400;\">En 2021, Irvine registr\u00f3 467 accidentes con lesiones o muertes, 53 involucrando alcohol. La ciudad tuvo 248 arrestos por conducir bajo la influencia, una cifra elevada en el estado.<\/span><\/p>\n<p><span style=\"font-weight: 400;\">Todos estos n\u00fameros son altos. Belal Hamideh siempre recomendamos conducir sin haber bebido. Si toma una copa, use un taxi, un Uber\/Lyft\/transporte compartido, transporte p\u00fablico u otra forma de regresar a casa.<\/span><\/p>\n<h2><b>Compensaci\u00f3n Por Todo El Da\u00f1o<\/b><\/h2>\n<p><span style=\"font-weight: 400;\">Terceros individuos o entidades pueden ser culpables de causar da\u00f1os dan lugar a compensaciones econ\u00f3micas y no econ\u00f3micas por las lesiones sufridas.<\/span><\/p>\n<p><span style=\"font-weight: 400;\">La compensaci\u00f3n depender\u00e1 de factores como la gravedad de las lesiones y su contribuci\u00f3n al accidente.<\/span><\/p>\n<p><span style=\"font-weight: 400;\">Las lesiones provocadas por accidentes var\u00edan: lesi\u00f3n cervical, huesos rotos, lesiones cerebrales traum\u00e1ticas o angustia emocional.<\/span><\/p>\n<p><span style=\"font-weight: 400;\">Seg\u00fan sus circunstancias, podr\u00e1 acceder a diversas indemnizaciones. Belal aboga agresivamente, asegurando que reciba la compensaci\u00f3n m\u00e1xima para cubrir gastos m\u00e9dicos, atenci\u00f3n futura, dolor y sufrimiento, reparaciones del veh\u00edculo y salarios perdidos (tanto actuales como futuros).<\/span><\/p>\n<p><span style=\"font-weight: 400;\">Al reunirse con Belal, le informaremos a qu\u00e9 compensaci\u00f3n es elegible y c\u00f3mo planeamos ayudarlo para conseguirla. No espere ni un momento, p\u00f3ngase en contacto con nosotros ahora.<\/span><\/p>\n","protected":false},"excerpt":{"rendered":"<p>Abogado De Accidentes en Irvine: Experiencia y Resultados en Casos de Lesiones Si resultaste herido en un accidente en Palos Verdes, necesitas un abogado con experiencia que luche por tus derechos. Belal Hamideh, con un historial comprobado de \u00e9xito en casos de lesiones personales, ha ayudado a innumerables personas a obtener la compensaci\u00f3n que merecen&#8230;. <\/p>\n<p class=\"excerpt-read-more-container pull-right\"><a class=\"excerpt-read-more btn btn-primary\" href=\"https:\/\/belalhamidehlaw.com\/es\/oficinas-bhl-en-irvine\/\" title=\"Read OFICINAS BHL EN IRVINE\">Leer M\u00e1s<\/a><\/p>\n","protected":false},"author":25,"featured_media":0,"parent":0,"menu_order":0,"comment_status":"closed","ping_status":"closed","template":"template-location.php","meta":{"footnotes":""},"class_list":["post-30869","page","type-page","status-publish","hentry"],"_links":{"self":[{"href":"https:\/\/belalhamidehlaw.com\/es\/wp-json\/wp\/v2\/pages\/30869","targetHints":{"allow":["GET"]}}],"collection":[{"href":"https:\/\/belalhamidehlaw.com\/es\/wp-json\/wp\/v2\/pages"}],"about":[{"href":"https:\/\/belalhamidehlaw.com\/es\/wp-json\/wp\/v2\/types\/page"}],"author":[{"embeddable":true,"href":"https:\/\/belalhamidehlaw.com\/es\/wp-json\/wp\/v2\/users\/25"}],"replies":[{"embeddable":true,"href":"https:\/\/belalhamidehlaw.com\/es\/wp-json\/wp\/v2\/comments?post=30869"}],"version-history":[{"count":1,"href":"https:\/\/belalhamidehlaw.com\/es\/wp-json\/wp\/v2\/pages\/30869\/revisions"}],"predecessor-version":[{"id":41160,"href":"https:\/\/belalhamidehlaw.com\/es\/wp-json\/wp\/v2\/pages\/30869\/revisions\/41160"}],"wp:attachment":[{"href":"https:\/\/belalhamidehlaw.com\/es\/wp-json\/wp\/v2\/media?parent=30869"}],"curies":[{"name":"wp","href":"https:\/\/api.w.org\/{rel}","templated":true}]}}