{"id":30864,"date":"2024-03-26T10:53:01","date_gmt":"2024-03-26T17:53:01","guid":{"rendered":"https:\/\/bhlaccidentstg.wpenginepowered.com\/es\/?page_id=30864"},"modified":"2026-03-11T15:16:28","modified_gmt":"2026-03-11T22:16:28","slug":"oficinas-bhl-en-torrance","status":"publish","type":"page","link":"https:\/\/belalhamidehlaw.com\/es\/oficinas-bhl-en-torrance\/","title":{"rendered":"OFICINAS BHL EN TORRANCE"},"content":{"rendered":"<h2><div class=\"ws-swappable-module social-custom-module\"><a class=\"facebook-icon\" href=\"https:\/\/www.facebook.com\/people\/BHL-Abogados-de-Accidentes\/61559874983709\/\" target=\"_blank\" rel=\"nofollow noopener\"><img decoding=\"async\" src=\"https:\/\/belalhamidehlaw.com\/es\/wp-content\/themes\/wordpress-shuttle-es\/includes\/images\/social\/fb.png\"><\/a><a class=\"instagram-icon\" href=\"https:\/\/www.instagram.com\/abogadobhl\/\" target=\"_blank\" rel=\"nofollow noopener\"><img decoding=\"async\" src=\"https:\/\/belalhamidehlaw.com\/es\/wp-content\/themes\/wordpress-shuttle-es\/includes\/images\/social\/instagram.png\"><\/a><a class=\"twitter-icon\" href=\"https:\/\/x.com\/AbogadoBhl\" target=\"_blank\" rel=\"nofollow\"><img decoding=\"async\" src=\"https:\/\/belalhamidehlaw.com\/es\/wp-content\/themes\/wordpress-shuttle-es\/includes\/images\/social\/twitter.png\"><\/a><a class=\"linkedin-icon\" href=\"https:\/\/www.linkedin.com\/in\/belal-hamideh-2ab489b3\/\" target=\"_blank\" rel=\"nofollow noopener\"><img decoding=\"async\" src=\"https:\/\/belalhamidehlaw.com\/es\/wp-content\/themes\/wordpress-shuttle-es\/includes\/images\/social\/linkedin.png\"><\/a><a class=\"pinterest-icon\" href=\"https:\/\/www.pinterest.com\/belalhamidehlaw\/\" target=\"_blank\" rel=\"nofollow noopener\"><img decoding=\"async\" src=\"https:\/\/belalhamidehlaw.com\/es\/wp-content\/themes\/wordpress-shuttle-es\/includes\/images\/social\/pinterest.png\"><\/a><a class=\"yelp-icon\" href=\"https:\/\/www.yelp.com\/biz\/belal-hamideh-law-accident-lawyers-long-beach\" target=\"_blank\" rel=\"nofollow noopener\"><img decoding=\"async\" src=\"https:\/\/belalhamidehlaw.com\/es\/wp-content\/themes\/wordpress-shuttle-es\/includes\/images\/social\/yelp.png\"><\/a><a class=\"youtube-icon\" href=\"https:\/\/www.youtube.com\/channel\/UCqLXwPWYQHFFijq0wdrVvnw\" target=\"_blank\" rel=\"nofollow noopener\"><img decoding=\"async\" src=\"https:\/\/belalhamidehlaw.com\/es\/wp-content\/themes\/wordpress-shuttle-es\/includes\/images\/social\/youtube.png\"><\/a><\/div><\/h2>\n<div class=\"clearfix-separator\" style=\"padding:; margin:2%;\"><\/div>\n<h2><b>Abogado de Accidentes en Torrance<\/b><\/h2>\n<p><span style=\"font-weight: 400;\">Los accidentes en Torrance ocurren con demasiada frecuencia, dejando a las v\u00edctimas con lesiones, dolor y p\u00e9rdidas financieras. Si has sufrido un accidente debido a la negligencia de alguien m\u00e1s, Belal Hamideh, un abogado de accidentes en Torrance con un historial comprobado de \u00e9xito, puede luchar por tus derechos. Con un historial comprobado en ayudar a personas de diferentes or\u00edgenes a obtener la compensaci\u00f3n que merecen, est\u00e1 listo para ayudarle.<\/span><\/p>\n<p><img loading=\"lazy\" decoding=\"async\" class=\"aligncenter size-full wp-image-28180\" src=\"https:\/\/belalhamidehlaw.com\/wp-content\/uploads\/2024\/03\/oficinas-de-torrance.jpg\" alt=\"oficinas de torrance\" width=\"1400\" height=\"500\" \/><\/p>\n<h2><b>\u00bfPor Qu\u00e9 Elegir a Belal Hamideh?<\/b><\/h2>\n<h3><b>Sin honorarios por adelantado:\u00a0<\/b><\/h3>\n<p><span style=\"font-weight: 400;\">Comenzar su proceso legal con nosotros no tiene costo inicial. Cubrimos los gastos asociados con su caso. \u00a1Usted solo paga si ganamos! Esto asegura que la situaci\u00f3n financiera no limite su b\u00fasqueda de justicia. Adem\u00e1s, su consulta legal inicial es gratuita, ofreci\u00e9ndo la oportunidad de que usted pueda explorar sus opciones sin riesgos.<\/span><\/p>\n<h3><b>M\u00e1xima compensaci\u00f3n:\u00a0<\/b><\/h3>\n<p><span style=\"font-weight: 400;\">Nuestro equipo legal est\u00e1 comprometido a asegurar la mayor compensaci\u00f3n por sus lesiones. Entendemos el costo f\u00edsico, emocional y financiero que un accidente puede tener en su vida, y luchamos tenazmente para garantizar que reciba la indemnizaci\u00f3n que merece.<\/span><\/p>\n<h3><b>Referencia a los mejores m\u00e9dicos:\u00a0<\/b><\/h3>\n<p><span style=\"font-weight: 400;\">Su bienestar es nuestra prioridad. Nos encargamos de que reciba atenci\u00f3n m\u00e9dica de primer nivel para ayudarlo en su recuperaci\u00f3n. Nuestra red incluye m\u00e9dicos respetados que pueden contribuir a su proceso de recuperaci\u00f3n.<\/span><\/p>\n<h3><b>Tranquilidad:\u00a0<\/b><\/h3>\n<p><span style=\"font-weight: 400;\">Navegar por las complejidades legales puede ser abrumador. Perm\u00edtanos manejar los detalles de su caso, d\u00e1ndole espacio para concentrarse en su recuperaci\u00f3n con tranquilidad. Nuestro enfoque centrado en el cliente garantiza que no se arrepentir\u00e1 de elegirnos para representar sus intereses.<\/span><\/p>\n<h3><b>Libertad financiera:\u00a0<\/b><\/h3>\n<p><span style=\"font-weight: 400;\">Buscamos ayudarlo a recuperar el control de su vida sin la carga de dificultades financieras. Al obtener la compensaci\u00f3n que merece, nos esforzamos por brindarle los medios para seguir adelante despu\u00e9s de un accidente.<\/span><\/p>\n<h3><span style=\"font-weight: 400;\">D\u00e9 el primer paso hacia la justicia y la compensaci\u00f3n que le corresponde.<\/span><\/h3>\n<h2>M\u00e1s All\u00e1 de lo Com\u00fan: Casos que Maneja Belal Hamideh<\/h2>\n<p><span style=\"font-weight: 400;\">Belal maneja una amplia variedad de casos en Torrance. Estos incluyen (pero no est\u00e1n limitados a):<\/span><\/p>\n<ul>\n<li style=\"font-weight: 400;\" aria-level=\"1\"><b><a href=\"https:\/\/belalhamidehlaw.com\/es\/abogado-de-accidentes-de-automovil-en-torrance\/\">Accidentes automovil\u00edsticos<\/a>:<\/b><span style=\"font-weight: 400;\"> Hacemos responsables a los conductores que incumplen su deber de cuidado, ocasionando lesiones.<\/span><\/li>\n<li style=\"font-weight: 400;\" aria-level=\"1\"><b><a href=\"https:\/\/belalhamidehlaw.com\/es\/abogado-de-lesiones-personales-en-torrance\/\">Accidentes de peatones<\/a>:<\/b><span style=\"font-weight: 400;\"> Buscamos compensaci\u00f3n cuando alguien desobedece las normas de tr\u00e1nsito y causa da\u00f1o a los peatones.<\/span><\/li>\n<li style=\"font-weight: 400;\" aria-level=\"1\"><b>Accidentes de bicicleta:<\/b><span style=\"font-weight: 400;\"> Protegemos los derechos de los ciclistas cuando los accidentes ocurren debido a negligencia.<\/span><\/li>\n<li style=\"font-weight: 400;\" aria-level=\"1\"><b><a href=\"https:\/\/belalhamidehlaw.com\/es\/abogado-de-accidentes-de-motocicleta-en-torrance\/\">Accidentes de motocicleta<\/a>:<\/b><span style=\"font-weight: 400;\"> Representamos a motociclistas, quienes a menudo no tienen la culpa en accidentes que los involucran con otros veh\u00edculos.<\/span><\/li>\n<li style=\"font-weight: 400;\" aria-level=\"1\"><b><a href=\"https:\/\/belalhamidehlaw.com\/es\/abogado-de-accidentes-de-tractor-remolque-en-torrance\/\">Accidentes de camiones<\/a>:<\/b><span style=\"font-weight: 400;\"> Investigamos y encontramos a las partes responsables cuando un cami\u00f3n grande causa lesiones.<\/span><\/li>\n<li style=\"font-weight: 400;\" aria-level=\"1\"><b><a href=\"https:\/\/belalhamidehlaw.com\/es\/abogado-de-resbalones-y-caidas-en-torrance\/\">Accidentes de resbalones y ca\u00eddas<\/a>:<\/b><span style=\"font-weight: 400;\"> Solicitamos indemnizaci\u00f3n por da\u00f1os sufridos dentro de la propiedad de otra persona.<\/span><\/li>\n<li style=\"font-weight: 400;\" aria-level=\"1\"><b><a href=\"https:\/\/belalhamidehlaw.com\/es\/accidente-de-construccion-en-torrance\/\">Accidentes de construcci\u00f3n<\/a>:<\/b><span style=\"font-weight: 400;\"> Representamos demandas por lesiones personales contra empresas negligentes por accidentes en lugares de construcci\u00f3n.<\/span><\/li>\n<li style=\"font-weight: 400;\" aria-level=\"1\"><b><a href=\"https:\/\/belalhamidehlaw.com\/es\/abogado-de-accidentes-de-uber-en-torrance\/\">Accidentes de Uber<\/a>:<\/b><span style=\"font-weight: 400;\"> Ayudamos a pasajeros o conductores a realizar reclamos contra las p\u00f3lizas de seguro de las empresas de transporte compartido.<\/span><\/li>\n<li style=\"font-weight: 400;\" aria-level=\"1\"><b><a href=\"https:\/\/belalhamidehlaw.com\/es\/abogado-de-muerte-por-negligencia-en-torrance\/\">Muerte por negligencia<\/a>:<\/b><span style=\"font-weight: 400;\"> Representamos con determinaci\u00f3n casos que buscan compensaci\u00f3n por la p\u00e9rdida de un ser querido.<\/span><\/li>\n<li style=\"font-weight: 400;\" aria-level=\"1\"><a href=\"https:\/\/belalhamidehlaw.com\/es\/abogado-de-compensacion-laboral-en-torrance\/\"><strong>Compensaci\u00f3n para trabajadores<\/strong><\/a><b>:<\/b><span style=\"font-weight: 400;\"> Abogamos por trabajadores lesionados para asegurar la compensaci\u00f3n que merecen.<\/span><\/li>\n<li style=\"font-weight: 400;\" aria-level=\"1\"><b><a href=\"https:\/\/belalhamidehlaw.com\/es\/abogado-de-despido-injustificado-en-torrance\/\">Despido injustificado<\/a>:<\/b><span style=\"font-weight: 400;\"> Luchamos contra despidos ilegales para recuperar la m\u00e1xima compensaci\u00f3n.<\/span><\/li>\n<\/ul>\n<h2>De la Confusi\u00f3n a la Acci\u00f3n: Gu\u00eda Paso a Paso Tras un Accidente en Torrance<\/h2>\n<ul>\n<li aria-level=\"1\"><b>No abandone la escena:<\/b><span style=\"font-weight: 400;\"> Nunca se retire del lugar de un accidente. Si el otro conductor lo hace, documente su n\u00famero de placa con fotos o v\u00eddeos.<\/span><\/li>\n<\/ul>\n<ul>\n<li aria-level=\"1\"><b>Mantenga la calma:<\/b><span style=\"font-weight: 400;\"> Trate de permanecer tranquilo. Aseg\u00farese de que nadie est\u00e9 herido, revise su veh\u00edculo por da\u00f1os y haga prioridad la seguridad de todos.<\/span><\/li>\n<\/ul>\n<ul>\n<li aria-level=\"1\"><b>Llame al 911:<\/b><span style=\"font-weight: 400;\"> Si est\u00e1 fuera de peligro, llame al 911. Pida recibir atenci\u00f3n m\u00e9dica incluso si no parece que alguien est\u00e9 gravemente herido.<\/span><\/li>\n<\/ul>\n<ul>\n<li aria-level=\"1\"><b>Re\u00fana informaci\u00f3n:<\/b><span style=\"font-weight: 400;\"> Obtenga informaci\u00f3n de todos los conductores involucrados, incluidos nombres, placas, detalles del seguro y n\u00fameros de p\u00f3liza.<\/span><\/li>\n<\/ul>\n<ul>\n<li aria-level=\"1\"><b>Documente todo lo que pueda:<\/b><span style=\"font-weight: 400;\"> Tome fotograf\u00edas de los da\u00f1os del veh\u00edculo, la escena del accidente, las lesiones y otros detalles relevantes. Documente detalles sobre testigos, pasajeros, veh\u00edculos y la escena del accidente. Evite disculparse con el otro conductor.<\/span><\/li>\n<\/ul>\n<h2><b>Accidentes en Torrance: Conf\u00eda tu Caso a la Experiencia de Belal Hamideh<\/b><\/h2>\n<p><span style=\"font-weight: 400;\">Belal Hamideh es un abogado experto que maneja una amplia gama de casos de lesiones y derecho laboral. Con una tasa de \u00e9xito del 99%, ha recuperado millones en compensaciones para sus clientes. Graduado de UCLA y Pepperdine School of Law, la dedicaci\u00f3n del Sr. Hamideh al \u00e9xito de sus clientes es evidente por sus reconocimientos.<\/span><\/p>\n<p><span style=\"font-weight: 400;\">Reconocido por AIOPIA por su desempe\u00f1o excepcional, su trayectoria garantiza que sus clientes reciban el mejor servicio. Operando de forma contingente, el equipo de Belal Hamideh firma de abogados har\u00e1 todo lo posible para asegurar una compensaci\u00f3n justa a sus clientes.<\/span><\/p>\n<h3><b>Act\u00faa con Rapidez: Consideraciones para tu Demanda Por Accidente Automovil\u00edstico en Torrance<\/b><\/h3>\n<p><span style=\"font-weight: 400;\">Si vas a presentar una demanda por accidente automovil\u00edstico, es mejor hacerlo lo antes posible.<\/span><\/p>\n<ul>\n<li style=\"font-weight: 400;\" aria-level=\"1\"><span style=\"font-weight: 400;\">Notifique al DMV de California dentro de los diez d\u00edas si el accidente caus\u00f3 lesiones, muertes o m\u00e1s de $1,000 en da\u00f1os materiales.<\/span><\/li>\n<li style=\"font-weight: 400;\" aria-level=\"1\"><span style=\"font-weight: 400;\">Tiene dos a\u00f1os para presentar una demanda por lesiones y tres a\u00f1os para presentar una demanda por da\u00f1os a la propiedad.<\/span><\/li>\n<li style=\"font-weight: 400;\" aria-level=\"1\"><span style=\"font-weight: 400;\">La participaci\u00f3n de una entidad gubernamental brinda una ventana de 6 meses para presentar su reclamo; as\u00ed como 6 meses para presentar una demanda despu\u00e9s de su rechazo.<\/span><\/li>\n<li style=\"font-weight: 400;\" aria-level=\"1\"><span style=\"font-weight: 400;\">Otras lesiones, como negligencia m\u00e9dica, tienen un plazo de prescripci\u00f3n de un a\u00f1o.<\/span><\/li>\n<\/ul>\n<h2><b>Conduce con Conocimiento: Causas Comunes de Accidentes en Torrance<\/b><\/h2>\n<p><span style=\"font-weight: 400;\">Diferentes factores contribuyen o son causa de accidentes vehiculares en Torrance, entre ellos se incluyen:<\/span><\/p>\n<ul>\n<li style=\"font-weight: 400;\" aria-level=\"1\"><b>Exceso de velocidad:<\/b><span style=\"font-weight: 400;\"> Manejar por encima del l\u00edmite de velocidad reduce el tiempo de reacci\u00f3n y aumenta la gravedad de una colisi\u00f3n.<\/span><\/li>\n<li style=\"font-weight: 400;\" aria-level=\"1\"><b>Conducir bajo la influencia del alcohol o drogas:<\/b><span style=\"font-weight: 400;\"> Las sustancias que alteran la percepci\u00f3n y el juicio son extremadamente peligrosas y una causa directa de muchos accidentes.<\/span><\/li>\n<li style=\"font-weight: 400;\" aria-level=\"1\"><b>Conducir distra\u00eddo:<\/b><span style=\"font-weight: 400;\"> Desviar la vista de la carretera para utilizar el tel\u00e9fono o comer disminuye la concentraci\u00f3n y aumenta el riesgo de sufrir un accidente.<\/span><\/li>\n<li style=\"font-weight: 400;\" aria-level=\"1\"><b>Defectos en el veh\u00edculo:<\/b><span style=\"font-weight: 400;\"> Las fallas mec\u00e1nicas o los neum\u00e1ticos desgastados pueden convertirse en peligros inesperados al momento de conducir.<\/span><\/li>\n<\/ul>\n<h2><b>\u00bfC\u00f3mo Se Determina La Responsabilidad Legal en Un Accidente Automovil\u00edstico en Torrance?<\/b><\/h2>\n<p><span style=\"font-weight: 400;\">La responsabilidad legal puede variar, con m\u00faltiples partes potencialmente responsables de sus lesiones. M\u00e1s all\u00e1 del otro conductor, los empleadores, los propietarios de veh\u00edculos, los responsables de marketing, las empresas de transporte y los fabricantes pueden ser considerados responsables.<\/span><\/p>\n<p><span style=\"font-weight: 400;\">Incluso si usted comparte parte de la culpa, nuestra obligaci\u00f3n es identificar a todas las partes implicadas para asegurar la m\u00e1xima compensaci\u00f3n.<\/span><\/p>\n<p><b>Lesiones Comunes por Accidentes en Torrance Y Compensaci\u00f3n<\/b><\/p>\n<p><span style=\"font-weight: 400;\">Si ha sido v\u00edctima de un accidente, puede recibir una compensaci\u00f3n econ\u00f3mica y no econ\u00f3mica por sus lesiones. El tipo de lesiones pueden variar, incluyendo latigazo cervical, huesos rotos, raspaduras, lesiones de espalda, lesiones de cabeza y cuello, lesiones cerebrales traum\u00e1ticas y estr\u00e9s emocional. La compensaci\u00f3n depende de factores como la gravedad de las lesiones y la determinaci\u00f3n de la culpa.<\/span><\/p>\n<p><span style=\"font-weight: 400;\">Usted puede tener derecho a beneficios como el pago de gastos m\u00e9dicos, atenci\u00f3n m\u00e9dica futura, compensaci\u00f3n por dolor y da\u00f1o emocional, reparaci\u00f3n de veh\u00edculos, reembolso de gastos adicionales y recuperaci\u00f3n de salarios ca\u00eddos.<\/span><\/p>\n<p><span style=\"font-weight: 400;\">Perm\u00edtanos representarlo tenazmente para garantizar la m\u00e1xima compensaci\u00f3n por su sufrimiento.<\/span><\/p>\n<h2><b>Un Vistazo a la Seguridad Vial: Estad\u00edsticas de Accidentes en Torrance<\/b><\/h2>\n<p><span style=\"font-weight: 400;\">En 2021, Torrance tuvo un registro de 616 accidentes que resultaron en lesiones o muertes, 59 de los cuales involucraron alcohol. La ciudad tiene una alta tasa de arrestos por conducir bajo la influencia (DUI). Enfatizamos la importancia de conducir de manera segura y sobria, pero si usted se convierte en una v\u00edctima, Belal Hamideh y su equipo est\u00e1n listos para ayudarlo.<\/span><\/p>\n<p><span style=\"font-weight: 400;\">Belal Hamideh tiene un historial comprobado de litigios ganados. Ha recuperado m\u00e1s de $100 millones en indemnizaciones para sus clientes, lo que le ha valido el reconocimiento como uno de los 40 mejores abogados menores de 40 a\u00f1os por parte de The National Trial Lawyers.<\/span><\/p>\n<p><span style=\"font-weight: 400;\">Convierta su lesi\u00f3n en una victoria personal. Agende ahora una evaluaci\u00f3n gratuita de su caso con Belal firma de abogados. Puede comunicarse a trav\u00e9s de nuestro sitio web o por tel\u00e9fono.\u00a0<\/span><\/p>\n<h3>Justicia a tu Alcance: Agenda Ahora tu Evaluaci\u00f3n Gratuita con Belal Hamideh<\/h3>\n<p><span style=\"font-weight: 400;\">Cada d\u00eda que pasa despu\u00e9s de una lesi\u00f3n es crucial para proteger tus derechos. No esperes m\u00e1s para tomar acci\u00f3n. Contacta a Belal Hamideh Law hoy mismo. Nuestro equipo de expertos legales est\u00e1 listo para analizar tu situaci\u00f3n, responder a tus preguntas y luchar por la m\u00e1xima indemnizaci\u00f3n posible. <\/span><\/p>\n<p><span style=\"font-weight: 400;\">El primer paso hacia la justicia est\u00e1 a solo un clic de distancia.<\/span><\/p>\n","protected":false},"excerpt":{"rendered":"<p>Abogado de Accidentes en Torrance Los accidentes en Torrance ocurren con demasiada frecuencia, dejando a las v\u00edctimas con lesiones, dolor y p\u00e9rdidas financieras. Si has sufrido un accidente debido a la negligencia de alguien m\u00e1s, Belal Hamideh, un abogado de accidentes en Torrance con un historial comprobado de \u00e9xito, puede luchar por tus derechos. Con&#8230; <\/p>\n<p class=\"excerpt-read-more-container pull-right\"><a class=\"excerpt-read-more btn btn-primary\" href=\"https:\/\/belalhamidehlaw.com\/es\/oficinas-bhl-en-torrance\/\" title=\"Read OFICINAS BHL EN TORRANCE\">Leer M\u00e1s<\/a><\/p>\n","protected":false},"author":25,"featured_media":0,"parent":0,"menu_order":0,"comment_status":"closed","ping_status":"closed","template":"template-location.php","meta":{"footnotes":""},"class_list":["post-30864","page","type-page","status-publish","hentry"],"_links":{"self":[{"href":"https:\/\/belalhamidehlaw.com\/es\/wp-json\/wp\/v2\/pages\/30864","targetHints":{"allow":["GET"]}}],"collection":[{"href":"https:\/\/belalhamidehlaw.com\/es\/wp-json\/wp\/v2\/pages"}],"about":[{"href":"https:\/\/belalhamidehlaw.com\/es\/wp-json\/wp\/v2\/types\/page"}],"author":[{"embeddable":true,"href":"https:\/\/belalhamidehlaw.com\/es\/wp-json\/wp\/v2\/users\/25"}],"replies":[{"embeddable":true,"href":"https:\/\/belalhamidehlaw.com\/es\/wp-json\/wp\/v2\/comments?post=30864"}],"version-history":[{"count":0,"href":"https:\/\/belalhamidehlaw.com\/es\/wp-json\/wp\/v2\/pages\/30864\/revisions"}],"wp:attachment":[{"href":"https:\/\/belalhamidehlaw.com\/es\/wp-json\/wp\/v2\/media?parent=30864"}],"curies":[{"name":"wp","href":"https:\/\/api.w.org\/{rel}","templated":true}]}}