{"id":20058,"date":"2026-03-05T01:36:40","date_gmt":"2026-03-05T09:36:40","guid":{"rendered":"https:\/\/belal2023.iseo.biz\/abogado-de-accidentes-de-construccion-en-long-beach\/"},"modified":"2026-03-16T11:57:43","modified_gmt":"2026-03-16T18:57:43","slug":"abogado-de-accidentes-de-construccion-en-long-beach","status":"publish","type":"page","link":"https:\/\/belalhamidehlaw.com\/es\/abogado-de-accidentes-de-construccion-en-long-beach\/","title":{"rendered":"Abogado de accidentes de construcci\u00f3n en Los Angeles"},"content":{"rendered":"<p><img loading=\"lazy\" decoding=\"async\" class=\"alignnone wp-image-41125 size-full\" title=\"Abogado de Accidentes de Construcci\u00f3n en California\" src=\"https:\/\/belalhamidehlaw.com\/es\/wp-content\/uploads\/sites\/3\/2026\/03\/abogado-de-accidentes-de-construccion.jpg\" alt=\"abogado de accidentes de construccion\" width=\"1200\" height=\"628\" srcset=\"https:\/\/belalhamidehlaw.com\/es\/wp-content\/uploads\/sites\/3\/2026\/03\/abogado-de-accidentes-de-construccion.jpg 1200w, https:\/\/belalhamidehlaw.com\/es\/wp-content\/uploads\/sites\/3\/2026\/03\/abogado-de-accidentes-de-construccion-300x157.jpg 300w, https:\/\/belalhamidehlaw.com\/es\/wp-content\/uploads\/sites\/3\/2026\/03\/abogado-de-accidentes-de-construccion-1024x536.jpg 1024w, https:\/\/belalhamidehlaw.com\/es\/wp-content\/uploads\/sites\/3\/2026\/03\/abogado-de-accidentes-de-construccion-768x402.jpg 768w\" sizes=\"auto, (max-width: 1200px) 100vw, 1200px\" \/><\/p>\n<h2>Un defensor incansable para los trabajadores lesionados<\/h2>\n<p><span style=\"font-weight: 400;\">En las Oficinas Legal de Belal Hamideh, entendemos el impacto devastador que un accidente de construcci\u00f3n puede tener en la vida de un trabajador y su familia. Las lesiones sufridas en estas situaciones a menudo son graves, resultando en dolor cr\u00f3nico, discapacidad e incluso la p\u00e9rdida de la vida. Si usted o un ser querido ha sufrido lesiones personales en un accidente en una obra de construcci\u00f3n en Los Angeles, sepa que no est\u00e1 solo. Nuestro equipo de abogados, liderados por el abogado de accidentes de construcci\u00f3n Belal Hamideh, est\u00e1 aqu\u00ed para ofrecerle la gu\u00eda y el apoyo que necesita en este momento dif\u00edcil.<\/span><\/p>\n<h2>Accidentes de construcci\u00f3n: causas y consecuencias<\/h2>\n<p><span style=\"font-weight: 400;\">A pesar de las regulaciones de seguridad y los esfuerzos de prevenci\u00f3n, las obras de construcci\u00f3n en Los \u00c1ngeles son entornos din\u00e1micos y complejos. Los trabajadores se enfrentan a una multitud de peligros cada d\u00eda. Estos incidentes a menudo son causados por la negligencia de empleadores o contratistas. Pueden resultar en lesiones personales devastadoras que cambian la vida de los trabajadores y sus familias para siempre.<\/span><\/p>\n<p><span style=\"font-weight: 400;\">Comprender las causas m\u00e1s comunes de estos accidentes y sus consecuencias es fundamental para evitar m\u00e1s lesiones personales. A continuaci\u00f3n detallamos algunos ejemplos de situaciones peligrosas que pueden dar lugar a accidentes.<\/span><\/p>\n<table style=\"width: 100%; border-collapse: collapse; margin: 30px 0; font-size: 20px; line-height: 1.5; background: #000; color: #fff;\">\n<thead>\n<tr>\n<th style=\"border: 1px solid #444; padding: 18px; background: #000; color: #fff; font-size: 22px; text-align: left;\">CAUSA<\/th>\n<th style=\"border: 1px solid #444; padding: 18px; background: #000; color: #fff; font-size: 22px; text-align: left;\">ACCIDENTE<\/th>\n<th style=\"border: 1px solid #444; padding: 18px; background: #000; color: #fff; font-size: 22px; text-align: left;\">CONSECUENCIA<\/th>\n<\/tr>\n<\/thead>\n<tbody>\n<tr>\n<td style=\"border: 1px solid #444; padding: 18px;\">Andamios, escaleras o techos sin medidas de seguridad<\/td>\n<td style=\"border: 1px solid #444; padding: 18px;\">Ca\u00edda grave<\/td>\n<td style=\"border: 1px solid #444; padding: 18px;\">Fracturas, lesiones traum\u00e1ticas, m\u00e9dula espinal, muerte<\/td>\n<\/tr>\n<tr>\n<td style=\"border: 1px solid #444; padding: 18px;\">Cables el\u00e9ctricos expuestos, herramientas defectuosas<\/td>\n<td style=\"border: 1px solid #444; padding: 18px;\">Electrocuci\u00f3n<\/td>\n<td style=\"border: 1px solid #444; padding: 18px;\">Quemaduras leves, paro card\u00edaco, muerte<\/td>\n<\/tr>\n<tr>\n<td style=\"border: 1px solid #444; padding: 18px;\">Golpes por objetos que caen<\/td>\n<td style=\"border: 1px solid #444; padding: 18px;\">Desde golpe leve hasta accidente catastr\u00f3fico<\/td>\n<td style=\"border: 1px solid #444; padding: 18px;\">Conmoci\u00f3n, huesos rotos, contusi\u00f3n, muerte<\/td>\n<\/tr>\n<tr>\n<td style=\"border: 1px solid #444; padding: 18px;\">Quedar atrapado<\/td>\n<td style=\"border: 1px solid #444; padding: 18px;\">Lesi\u00f3n por aplastamiento<\/td>\n<td style=\"border: 1px solid #444; padding: 18px;\">Fracturas, conmoci\u00f3n, contusi\u00f3n, muerte<\/td>\n<\/tr>\n<tr>\n<td style=\"border: 1px solid #444; padding: 18px;\">Accidentes con maquinaria<\/td>\n<td style=\"border: 1px solid #444; padding: 18px;\">Lesi\u00f3n por aplastamiento<\/td>\n<td style=\"border: 1px solid #444; padding: 18px;\">Fracturas, conmoci\u00f3n, amputaci\u00f3n, muerte<\/td>\n<\/tr>\n<tr>\n<td style=\"border: 1px solid #444; padding: 18px;\">Exposici\u00f3n a sustancias peligrosas<\/td>\n<td style=\"border: 1px solid #444; padding: 18px;\">Contacto o inhalaci\u00f3n de qu\u00edmicos t\u00f3xicos<\/td>\n<td style=\"border: 1px solid #444; padding: 18px;\">Enfermedades respiratorias, c\u00e1ncer<\/td>\n<\/tr>\n<\/tbody>\n<\/table>\n<p><img loading=\"lazy\" decoding=\"async\" class=\"aligncenter wp-image-22832 size-full\" title=\"Abogado de Accidentes de Construcci\u00f3n en California\" src=\"https:\/\/belalhamidehlaw.com\/wp-content\/uploads\/sites\/3\/2023\/12\/indemnizacion-por-muerte-2.jpg\" alt=\"indemnizacion por muerte \" width=\"1000\" height=\"500\" srcset=\"https:\/\/belalhamidehlaw.com\/es\/wp-content\/uploads\/sites\/3\/2023\/12\/indemnizacion-por-muerte-2.jpg 1000w, https:\/\/belalhamidehlaw.com\/es\/wp-content\/uploads\/sites\/3\/2023\/12\/indemnizacion-por-muerte-2-300x150.jpg 300w, https:\/\/belalhamidehlaw.com\/es\/wp-content\/uploads\/sites\/3\/2023\/12\/indemnizacion-por-muerte-2-768x384.jpg 768w\" sizes=\"auto, (max-width: 1000px) 100vw, 1000px\" \/><\/p>\n<h2>Consecuencias a largo plazo: m\u00e1s all\u00e1 del dolor f\u00edsico<\/h2>\n<p><span style=\"font-weight: 400;\">Es crucial comprender que las lesiones personales sufridas en un accidente de construcci\u00f3n a menudo tienen consecuencias que van m\u00e1s all\u00e1 del dolor f\u00edsico inmediato. Muchas de estas lesiones pueden resultar en discapacidades permanentes. Estas discapacidades limitan la capacidad de una persona para trabajar. Tambi\u00e9n dificultan disfrutar de actividades diarias y mantener la independencia.<\/span><\/p>\n<h3>Ejemplos de las consecuencias a largo plazo:<\/h3>\n<ul>\n<li style=\"font-weight: 400;\" aria-level=\"1\"><b>Lesiones cerebrales traum\u00e1ticas:<\/b> <a href=\"https:\/\/medlineplus.gov\/spanish\/traumaticbraininjury.html\" target=\"_blank\" rel=\"noopener\"><span style=\"font-weight: 400;\">Pueden causar<\/span><\/a><span style=\"font-weight: 400;\"> problemas de memoria, dificultades de concentraci\u00f3n, cambios de personalidad y problemas emocionales que afectan las relaciones personales y la calidad de vida.<\/span><\/li>\n<li style=\"font-weight: 400;\" aria-level=\"1\"><b>Lesiones de la m\u00e9dula espinal:<\/b> <a href=\"https:\/\/www.mayoclinic.org\/es\/diseases-conditions\/spinal-cord-injury\/symptoms-causes\/syc-20377890\" target=\"_blank\" rel=\"noopener\"><span style=\"font-weight: 400;\">Pueden resultar<\/span><\/a><span style=\"font-weight: 400;\"> en par\u00e1lisis parcial o completa, requiriendo cuidados m\u00e9dicos constantes, adaptaciones en el hogar y el uso de dispositivos de asistencia.<\/span><\/li>\n<li style=\"font-weight: 400;\" aria-level=\"1\"><b>Fracturas y lesiones musculoesquel\u00e9ticas:<\/b><span style=\"font-weight: 400;\"> Pueden causar dolor cr\u00f3nico, limitaci\u00f3n de la movilidad y la necesidad de cirug\u00edas y terapias de rehabilitaci\u00f3n.<\/span><\/li>\n<li style=\"font-weight: 400;\" aria-level=\"1\"><b>Amputaciones:<\/b><span style=\"font-weight: 400;\"> Conllevan un impacto psicol\u00f3gico y f\u00edsico significativo, requiriendo pr\u00f3tesis, terapia ocupacional y adaptaciones para realizar tareas cotidianas.<\/span><\/li>\n<\/ul>\n<p><span style=\"font-weight: 400;\">Adem\u00e1s del impacto f\u00edsico y emocional, los accidentes de construcci\u00f3n tambi\u00e9n generan una carga econ\u00f3mica considerable para las v\u00edctimas y sus familias. Los\u00a0<\/span><a href=\"https:\/\/www.osha.gov\/safetypays\/background\" target=\"_blank\" rel=\"noopener\"><span style=\"font-weight: 400;\">gastos m\u00e9dicos, la p\u00e9rdida de ingresos y los costos de rehabilitaci\u00f3n<\/span><\/a><span style=\"font-weight: 400;\"> pueden ser abrumadores.<\/span><\/p>\n<h2>\u00bfQu\u00e9 debo hacer despu\u00e9s de un accidente de construcci\u00f3n?<\/h2>\n<ol>\n<li style=\"font-weight: 400;\" aria-level=\"1\"><b>Busque atenci\u00f3n m\u00e9dica:<\/b><span style=\"font-weight: 400;\"> lo primero es su salud. Aunque la lesi\u00f3n sea leve, es el momento de ser revisado por un m\u00e9dico para evaluar sus lesiones personales. Si sufre una lesi\u00f3n grave, llame al 911 de inmediato.<\/span><\/li>\n<li style=\"font-weight: 400;\" aria-level=\"1\"><b>Guarde todos los documentos:<\/b><span style=\"font-weight: 400;\"> en cuanto pueda, escriba los detalles de su accidente y guarde todo lo relacionado (facturas, fotograf\u00edas de sus lesiones, del lugar del accidente, informaci\u00f3n de contacto de testigos, etc.)<\/span><\/li>\n<li style=\"font-weight: 400;\" aria-level=\"1\"><b>Reporte el accidente a su empleador: <\/b><span style=\"font-weight: 400;\">antes de 30 d\u00edas, informe a su empleador de todos los detalles del accidente incluyendo sus lesiones personales y llene el formulario DWC-1 proporcionado por su empleador -es obligatorio.<\/span><\/li>\n<li style=\"font-weight: 400;\" aria-level=\"1\"><b>Busque representaci\u00f3n legal: <\/b><span style=\"font-weight: 400;\">evite cometer errores costosos. Los abogados de lesiones personales como Belal Hamideh son especialistas en accidentes<\/span><\/li>\n<\/ol>\n<h2>\u00bfQu\u00e9 beneficios podr\u00eda recibir por mis lesiones de accidente de construcci\u00f3n?<\/h2>\n<h3>Beneficios por discapacidad temporal:<\/h3>\n<p><span style=\"font-weight: 400;\">Estos beneficios aplican si su lesi\u00f3n le impide trabajar temporalmente, y reemplazan una parte de sus salarios perdidos mientras se recupera de sus lesiones personales. La cantidad que recibir\u00e1 depender\u00e1 de su salario promedio semanal y la gravedad de su discapacidad.<\/span><\/p>\n<h3>Beneficios por discapacidad permanente:<\/h3>\n<p><span style=\"font-weight: 400;\">Estos beneficios aplican si su lesi\u00f3n causa una discapacidad permanente. Se clasifican en diferentes categor\u00edas, dependiendo de la gravedad de su discapacidad y su capacidad para realizar su trabajo anterior o cualquier otro trabajo.<\/span><\/p>\n<h3>Beneficios por compensaci\u00f3n laboral:<\/h3>\n<p><a href=\"https:\/\/www.statefundca.com\/es\/conceptos-basicos-de-compensacion-laboral\/what-does-workers-comp-cover\/\" target=\"_blank\" rel=\"noopener\"><span style=\"font-weight: 400;\">La compensaci\u00f3n laboral cubre<\/span><\/a><span style=\"font-weight: 400;\"> todos los gastos m\u00e9dicos razonables y necesarios relacionados con su lesi\u00f3n laboral. Esto incluye visitas al m\u00e9dico, hospitalizaci\u00f3n, medicamentos, terapia f\u00edsica y equipo m\u00e9dico.<\/span><\/p>\n<h3>Beneficios por muerte:<\/h3>\n<p><span style=\"font-weight: 400;\">Si un trabajador fallece como resultado de una lesi\u00f3n o enfermedad laboral, sus dependientes pueden tener derecho a beneficios por muerte. Estos beneficios incluyen un pago \u00fanico por gastos funerarios y pagos semanales para los dependientes elegibles, como el c\u00f3nyuge e hijos.<\/span><\/p>\n<h2>\u00bfQui\u00e9n es responsable de lesiones por accidente de construcci\u00f3n en Los Angeles?<\/h2>\n<p><span style=\"font-weight: 400;\">En Los \u00c1ngeles, y en California en general, la gran mayor\u00eda de trabajadores que sufren lesiones personales en la construcci\u00f3n reciben beneficios a trav\u00e9s del<\/span><a href=\"https:\/\/www.insurance.ca.gov\/01-consumers\/105-type\/95-guides\/09-comm\/WorkersCompensation.cfm?utm_source=chatgpt.com\" target=\"_blank\" rel=\"noopener\"> <span style=\"font-weight: 400;\">sistema de compensaci\u00f3n laboral<\/span><\/a><span style=\"font-weight: 400;\">. Este sistema, llamado <\/span><i><span style=\"font-weight: 400;\">Workers&#8217; Comp<\/span><\/i><span style=\"font-weight: 400;\"> en ingl\u00e9s, es obligatorio para los empleadores. No exige probar culpa y cubre los gastos m\u00e9dicos y una parte de los salarios perdidos.<\/span><\/p>\n<p><span style=\"font-weight: 400;\">Sin embargo, la compensaci\u00f3n laboral puede no ser suficiente para cubrir todos los da\u00f1os sufridos. En muchos casos, es posible presentar una demanda por negligencia contra terceros que puedan haber contribuido al accidente, como:<\/span><\/p>\n<ul>\n<li style=\"font-weight: 400;\" aria-level=\"1\"><b>Contratistas generales:<\/b><span style=\"font-weight: 400;\"> Que no proporcionaron un entorno de trabajo seguro.<\/span><\/li>\n<li style=\"font-weight: 400;\" aria-level=\"1\"><b>Subcontratistas:<\/b><span style=\"font-weight: 400;\"> Que no cumplieron con las normas de seguridad.<\/span><\/li>\n<li style=\"font-weight: 400;\" aria-level=\"1\"><b>Fabricantes de equipos:<\/b><span style=\"font-weight: 400;\"> Que produjeron maquinaria defectuosa.<\/span><\/li>\n<li style=\"font-weight: 400;\" aria-level=\"1\"><b>Propietarios de la propiedad:<\/b><span style=\"font-weight: 400;\"> Que no mantuvieron las instalaciones en condiciones seguras.<\/span><\/li>\n<\/ul>\n<p><span style=\"font-weight: 400;\">Los\u00a0<\/span><a href=\"https:\/\/belalhamidehlaw.com\/es\/\"><span style=\"font-weight: 400;\">abogados de lesiones personales<\/span><\/a><span style=\"font-weight: 400;\"> con experiencia en accidentes de construcci\u00f3n de <\/span><span style=\"font-weight: 400;\">Oficinas Legal de Belal Hamideh<\/span><span style=\"font-weight: 400;\"> pueden ayudarle a determinar si tiene derecho a presentar una demanda por negligencia. Tambi\u00e9n pueden ayudarle a obtener la m\u00e1xima compensaci\u00f3n por sus da\u00f1os.<\/span><\/p>\n<h3>Desaf\u00edos frecuentes en reclamos de compensaci\u00f3n:<\/h3>\n<p><span style=\"font-weight: 400;\">Reclamar la compensaci\u00f3n laboral puede ser un proceso complejo, y los trabajadores lesionados a menudo enfrentan desaf\u00edos al lidiar con las compa\u00f1\u00edas de seguros. Algunas de las dificultades comunes incluyen:<\/span><\/p>\n<ul>\n<li style=\"font-weight: 400;\" aria-level=\"1\"><b>Denegaci\u00f3n de la reclamaci\u00f3n:<\/b><span style=\"font-weight: 400;\"> La compa\u00f1\u00eda de seguros puede denegar su reclamaci\u00f3n por diversas razones, como argumentar que su lesi\u00f3n no est\u00e1 relacionada con el trabajo o que no es lo suficientemente grave.<\/span><\/li>\n<li style=\"font-weight: 400;\" aria-level=\"1\"><b>Disputas sobre la clasificaci\u00f3n de la discapacidad:<\/b><span style=\"font-weight: 400;\"> La compa\u00f1\u00eda de seguros puede clasificar su discapacidad de manera incorrecta, lo que puede afectar la cantidad de beneficios que recibe.<\/span><\/li>\n<li style=\"font-weight: 400;\" aria-level=\"1\"><b>Retrasos en los pagos:<\/b><span style=\"font-weight: 400;\"> La compa\u00f1\u00eda de seguros puede retrasar los pagos de sus beneficios, lo que puede generar dificultades financieras.<\/span><\/li>\n<\/ul>\n<p><span style=\"font-weight: 400;\">Frente a tantas posibles dificultades, los abogados de lesiones personales con experiencia en compensaci\u00f3n laboral,<\/span><a href=\"https:\/\/belalhamidehlaw.com\/es\/abogado-de-accidentes-de-trabajo-de-long-beach\/\"> <span style=\"font-weight: 400;\">como Belal Hamideh<\/span><\/a><span style=\"font-weight: 400;\">, pueden ayudarle a superar estos desaf\u00edos. Ellos saben c\u00f3mo negociar con la compa\u00f1\u00eda de seguros y proteger sus derechos.<\/span><\/p>\n<h3>\u00bfNecesito un abogado para mi caso de accidente de construcci\u00f3n?<\/h3>\n<p><span style=\"font-weight: 400;\">Si bien no es obligatorio tener un abogado, es altamente recomendable. Los <\/span><b>abogados de accidentes de construcci\u00f3n de <\/b><a href=\"https:\/\/belalhamidehlaw.com\/es\/abogados\/\"><b>Oficinas Legal de Belal Hamideh<\/b><\/a><span style=\"font-weight: 400;\"> pueden:<\/span><\/p>\n<ul>\n<li style=\"font-weight: 400;\" aria-level=\"1\"><b>Proteger sus derechos<\/b><span style=\"font-weight: 400;\"> y asegurarse de que reciba todos los beneficios a los que tiene derecho.<\/span><\/li>\n<li style=\"font-weight: 400;\" aria-level=\"1\"><b>Investigar el accidente<\/b><span style=\"font-weight: 400;\"> y reunir pruebas para respaldar su reclamo.<\/span><\/li>\n<li style=\"font-weight: 400;\" aria-level=\"1\"><b>Negociar con las compa\u00f1\u00edas de seguros<\/b><span style=\"font-weight: 400;\"> para obtener un acuerdo justo.<\/span><\/li>\n<li style=\"font-weight: 400;\" aria-level=\"1\"><b>Representarlo en la corte<\/b><span style=\"font-weight: 400;\"> si es necesario.<\/span><\/li>\n<\/ul>\n<p><span style=\"font-weight: 400;\">En las Oficinas Legales de Belal Hamideh, estamos comprometidos a ayudarlo a obtener la justicia y la compensaci\u00f3n que se merece.<\/span><a href=\"https:\/\/belalhamidehlaw.com\/es\/contacto\/\"> <span style=\"font-weight: 400;\">Cont\u00e1ctenos hoy mismo para una consulta gratuita<\/span><\/a><span style=\"font-weight: 400;\"> y confidencial.<\/span><\/p>\n<h3>\u00bfC\u00f3mo pueden ayudarle las Oficinas Legales de Belal Hamideh?<\/h3>\n<p><span style=\"font-weight: 400;\">Los <\/span><b>abogados de <\/b><a href=\"https:\/\/belalhamidehlaw.com\/es\/abogado-de-accidentes-de-trabajo\/\"><b>Oficinas Legal de Belal Hamideh<\/b><\/a><span style=\"font-weight: 400;\">, especialistas en lesiones personales en Los Angeles y toda California, tienen amplia experiencia en la representaci\u00f3n de trabajadores que han sufrido lesiones personales. Su compromiso, y el de todo su equipo, es brindarle un servicio legal personalizado y compasivo. Estar\u00e1n con usted en cada paso del proceso y luchando incansablemente por sus derechos.<\/span><\/p>\n<p><b>Lo que nos distingue:<\/b><\/p>\n<ul>\n<li style=\"font-weight: 400;\" aria-level=\"1\"><b>Experiencia y conocimiento:<\/b><span style=\"font-weight: 400;\"> Hemos manejado con \u00e9xito una amplia gama de casos de accidentes de construcci\u00f3n, obteniendo resultados favorables para nuestros clientes.<\/span><\/li>\n<li style=\"font-weight: 400;\" aria-level=\"1\"><b>Representaci\u00f3n agresiva:<\/b><span style=\"font-weight: 400;\"> Negociamos con las compa\u00f1\u00edas de seguros y, si es necesario, llevamos su caso a juicio para obtener la m\u00e1xima compensaci\u00f3n que usted merece.<\/span><\/li>\n<li style=\"font-weight: 400;\" aria-level=\"1\"><b>Enfoque centrado en el cliente:<\/b><span style=\"font-weight: 400;\"> Entendemos que cada caso es \u00fanico y nos dedicamos a brindarle la atenci\u00f3n individualizada que necesita.<\/span><\/li>\n<li style=\"font-weight: 400;\" aria-level=\"1\"><b>Comunicaci\u00f3n constante:<\/b><span style=\"font-weight: 400;\"> Lo mantenemos informado sobre el progreso de su caso y respondemos a todas sus preguntas de manera clara y oportuna.<\/span><\/li>\n<\/ul>\n<p><span style=\"font-weight: 400;\">Si usted o un ser querido ha sufrido lesiones en un accidente de construcci\u00f3n en Los Angeles, no dude en contactarnos para una <\/span><b>consulta gratuita<\/b><span style=\"font-weight: 400;\">.<\/span><a href=\"https:\/\/belalhamidehlaw.com\/es\/testimonios\/\"> <span style=\"font-weight: 400;\">Nuestros clientes lo confirman<\/span><\/a><span style=\"font-weight: 400;\">: estamos aqu\u00ed para ayudarlo a obtener la justicia y la compensaci\u00f3n que se merece.<\/span><\/p>\n<h2>Preguntas frecuentes sobre accidentes de construcci\u00f3n<\/h2>\n<p><span style=\"font-weight: 400;\">Sabemos que enfrentar un accidente de construcci\u00f3n y sus consecuencias legales puede ser abrumador. Por eso, hemos recopilado algunas de las preguntas m\u00e1s frecuentes que recibimos de nuestros clientes:<\/span><\/p>\n<h3>1. \u00bfCu\u00e1nto tiempo tengo para presentar un reclamo?<\/h3>\n<p><span style=\"font-weight: 400;\">En California, existen plazos legales estrictos para presentar un reclamo por compensaci\u00f3n laboral o una demanda por negligencia. En general, tiene <\/span><a href=\"https:\/\/www.insurance.ca.gov\/01-consumers\/105-type\/95-guides\/09-comm\/WorkersCompensation.cfm?\" target=\"_blank\" rel=\"noopener\"><b>30 d\u00edas para reportar su lesi\u00f3n<\/b><\/a><b> a su empleador<\/b><span style=\"font-weight: 400;\"> y <\/span><b>un a\u00f1o para presentar una reclamaci\u00f3n de compensaci\u00f3n laboral.<\/b><span style=\"font-weight: 400;\"> Los plazos para las demandas por negligencia pueden variar, por lo que es crucial contactar a un abogado lo antes posible.<\/span><\/p>\n<h3>2. \u00bfQu\u00e9 tipo de compensaci\u00f3n puedo recibir?<\/h3>\n<p><span style=\"font-weight: 400;\">La compensaci\u00f3n que puede recibir depender\u00e1 de la gravedad de sus lesiones personales, de su capacidad para regresar al trabajo y de otros factores. Puede incluir:<\/span><\/p>\n<ul>\n<li style=\"font-weight: 400;\" aria-level=\"1\"><b>Gastos m\u00e9dicos pasados y futuros<\/b><\/li>\n<li style=\"font-weight: 400;\" aria-level=\"1\"><b>Salarios perdidos<\/b><\/li>\n<li style=\"font-weight: 400;\" aria-level=\"1\"><b>P\u00e9rdida de ganancia futura<\/b><\/li>\n<li style=\"font-weight: 400;\" aria-level=\"1\"><b>Dolor y sufrimiento<\/b><\/li>\n<li style=\"font-weight: 400;\" aria-level=\"1\"><b>Da\u00f1os punitivos<\/b><span style=\"font-weight: 400;\"> (en casos de negligencia grave)<\/span><\/li>\n<\/ul>\n<h3>3. \u00bfCu\u00e1nto cuesta un abogado de accidentes de construcci\u00f3n en Los Angeles?<\/h3>\n<p><span style=\"font-weight: 400;\">Los abogados de lesiones personales de Oficinas Legal de Belal Hamideh suelen cobrar \u00fanicamente cuando su caso se resuelve con \u00e9xito. Esto se llama un acuerdo de contingencia, y es el caso de Belal Hamideh:<\/span><span style=\"font-weight: 400;\"> solo cobramos si usted lo hace.<\/span><span style=\"font-weight: 400;\"> Este arreglo elimina los costos iniciales y permite a la persona lesionada concentrarse en su recuperaci\u00f3n, en lugar de preocuparse por facturas y gastos.<\/span><\/p>\n<p><span style=\"font-weight: 400;\">Si usted o un ser querido ha sufrido un accidente de construcci\u00f3n en Los Angeles, no dude en contactar las <\/span><b>Oficinas Legales de<\/b> <b>Belal Hamideh Law<\/b><span style=\"font-weight: 400;\">. Nuestro equipo legal est\u00e1 listo para brindarle la gu\u00eda y el apoyo que necesita en este momento dif\u00edcil.<\/span><\/p>\n<p><span style=\"font-weight: 400;\">Llame o complete<\/span><a href=\"https:\/\/belalhamidehlaw.com\/es\/contacto\/\"> <span style=\"font-weight: 400;\">nuestro formulario de contacto en l\u00ednea<\/span><\/a><span style=\"font-weight: 400;\"> para programar una consulta gratuita y confidencial. <\/span><b>\u00a1Estamos aqu\u00ed para ayudarlo!<\/b><\/p>\n","protected":false},"excerpt":{"rendered":"<p>Un defensor incansable para los trabajadores lesionados En las Oficinas Legal de Belal Hamideh, entendemos el impacto devastador que un accidente de construcci\u00f3n puede tener en la vida de un trabajador y su familia. Las lesiones sufridas en estas situaciones a menudo son graves, resultando en dolor cr\u00f3nico, discapacidad e incluso la p\u00e9rdida de la&#8230; <\/p>\n<p class=\"excerpt-read-more-container pull-right\"><a class=\"excerpt-read-more btn btn-primary\" href=\"https:\/\/belalhamidehlaw.com\/es\/abogado-de-accidentes-de-construccion-en-long-beach\/\" title=\"Read Abogado de accidentes de construcci\u00f3n en Los Angeles\">Leer M\u00e1s<\/a><\/p>\n","protected":false},"author":25,"featured_media":41125,"parent":0,"menu_order":0,"comment_status":"closed","ping_status":"closed","template":"template-service.php","meta":{"footnotes":""},"class_list":["post-20058","page","type-page","status-publish","has-post-thumbnail","hentry"],"_links":{"self":[{"href":"https:\/\/belalhamidehlaw.com\/es\/wp-json\/wp\/v2\/pages\/20058","targetHints":{"allow":["GET"]}}],"collection":[{"href":"https:\/\/belalhamidehlaw.com\/es\/wp-json\/wp\/v2\/pages"}],"about":[{"href":"https:\/\/belalhamidehlaw.com\/es\/wp-json\/wp\/v2\/types\/page"}],"author":[{"embeddable":true,"href":"https:\/\/belalhamidehlaw.com\/es\/wp-json\/wp\/v2\/users\/25"}],"replies":[{"embeddable":true,"href":"https:\/\/belalhamidehlaw.com\/es\/wp-json\/wp\/v2\/comments?post=20058"}],"version-history":[{"count":6,"href":"https:\/\/belalhamidehlaw.com\/es\/wp-json\/wp\/v2\/pages\/20058\/revisions"}],"predecessor-version":[{"id":41207,"href":"https:\/\/belalhamidehlaw.com\/es\/wp-json\/wp\/v2\/pages\/20058\/revisions\/41207"}],"wp:featuredmedia":[{"embeddable":true,"href":"https:\/\/belalhamidehlaw.com\/es\/wp-json\/wp\/v2\/media\/41125"}],"wp:attachment":[{"href":"https:\/\/belalhamidehlaw.com\/es\/wp-json\/wp\/v2\/media?parent=20058"}],"curies":[{"name":"wp","href":"https:\/\/api.w.org\/{rel}","templated":true}]}}