{"id":20056,"date":"2023-07-19T15:36:40","date_gmt":"2023-07-19T22:36:40","guid":{"rendered":"https:\/\/belal2023.iseo.biz\/abogado-de-lesiones-personales\/"},"modified":"2026-04-17T08:43:51","modified_gmt":"2026-04-17T15:43:51","slug":"abogado-de-lesiones-personales","status":"publish","type":"page","link":"https:\/\/belalhamidehlaw.com\/es\/abogado-de-lesiones-personales\/","title":{"rendered":"Abogado de Lesiones Personales Los Angeles"},"content":{"rendered":"<h2><strong>Abogado de Lesiones Personales en Los \u00c1ngeles<\/strong><\/h2>\n<p><img loading=\"lazy\" decoding=\"async\" class=\"aligncenter size-full wp-image-20855\" src=\"https:\/\/belalhamidehlaw.com\/wp-content\/uploads\/sites\/3\/2023\/08\/abogado-de-danos-personales.jpg\" alt=\"Abogado de Da\u00f1os Personales\" width=\"1000\" height=\"500\" srcset=\"https:\/\/belalhamidehlaw.com\/es\/wp-content\/uploads\/sites\/3\/2023\/08\/abogado-de-danos-personales.jpg 1000w, https:\/\/belalhamidehlaw.com\/es\/wp-content\/uploads\/sites\/3\/2023\/08\/abogado-de-danos-personales-300x150.jpg 300w, https:\/\/belalhamidehlaw.com\/es\/wp-content\/uploads\/sites\/3\/2023\/08\/abogado-de-danos-personales-768x384.jpg 768w\" sizes=\"auto, (max-width: 1000px) 100vw, 1000px\" \/><\/p>\n<h2><strong>\u00bfVale la pena contratar a un abogado de lesiones personales?<\/strong><\/h2>\n<p><span style=\"font-weight: 400;\">Su caso tiene muchas m\u00e1s posibilidades con un<\/span><b> abogado experimentado en lesiones personales de Los Angeles<\/b><span style=\"font-weight: 400;\">\u00a0de tu lado. Un abogado con experiencia sabe c\u00f3mo funciona el sistema judicial, conoce las leyes y, m\u00e1s espec\u00edficamente, conoce las leyes de lesiones personales. <\/span><\/p>\n<p><span style=\"font-weight: 400;\">Un abogado experimentado puede informarle cu\u00e1nto vale su reclamo para que pueda presentar todos los da\u00f1os para los que podr\u00eda calificar: punitivos, econ\u00f3micos, da\u00f1os relacionados con la p\u00e9rdida emocional, y m\u00e1s. Un abogado le ahorrar\u00e1 mucho tiempo y lo ayudar\u00e1 a concentrarse m\u00e1s en su recuperaci\u00f3n.<\/span><\/p>\n<h2><strong>\u00bfQu\u00e9 casos maneja un abogado de lesiones personales?<\/strong><\/h2>\n<p><span style=\"font-weight: 400;\">Muchos de los casos que maneja un abogado de lesiones personales son accidentes vehiculares. Incluyen:\u00a0<\/span><\/p>\n<ul>\n<li style=\"font-weight: 400;\" aria-level=\"1\"><a href=\"https:\/\/belalhamidehlaw.com\/es\/abogado-de-accidentes-de-auto\/\" target=\"_blank\" rel=\"noopener\">Accidentes automovil\u00edsticos<\/a><\/li>\n<\/ul>\n<p><span style=\"font-weight: 400;\">\u00a0Los conductores tienen el \u00abdeber de diligencia\u00bb en la carretera. Si violan eso al operar su veh\u00edculo de manera imprudente y\/o negligente y provocarle lesiones, usted merece ser compensado por ello. <\/span><\/p>\n<ul>\n<li style=\"font-weight: 400;\" aria-level=\"1\"><a href=\"https:\/\/belalhamidehlaw.com\/es\/accidente-peatonal\/\" target=\"_blank\" rel=\"noopener\">Accidentes de peatones<\/a><\/li>\n<\/ul>\n<p><span style=\"font-weight: 400;\">No tienes que estar en un veh\u00edculo para que te atropelle uno. Mereces ser compensado cuando alguien desobedece las reglas de tr\u00e1nsito y te golpea con su veh\u00edculo. <\/span><\/p>\n<ul>\n<li style=\"font-weight: 400;\" aria-level=\"1\"><span style=\"font-weight: 400;\">Accidentes de bicicleta\u00a0<\/span><\/li>\n<\/ul>\n<p><span style=\"font-weight: 400;\">Los carriles para bicicletas est\u00e1n protegidos por una raz\u00f3n. Las bicicletas tienen mucha, mucha menos protecci\u00f3n que un veh\u00edculo, por lo que cuando te golpean y te lesionan, es muy posible que tengas un caso. <\/span><\/p>\n<ul>\n<li style=\"font-weight: 400;\" aria-level=\"1\"><span style=\"font-weight: 400;\"><a href=\"https:\/\/belalhamidehlaw.com\/es\/abogado-de-accidentes-de-motocicleta\/\" target=\"_blank\" rel=\"noopener\"> Accidentes de motocicleta<\/a>\u00a0<\/span><\/li>\n<\/ul>\n<p><span style=\"font-weight: 400;\">La mayor\u00eda de las veces, cuando una motocicleta choca contra otro tipo de veh\u00edculo, el motociclista no tiene la culpa. Hemos representado a personas lesionadas en accidentes de motocicleta durante a\u00f1os, ayud\u00e1ndolos a obtener lo que se merecen. <\/span><\/p>\n<ul>\n<li style=\"font-weight: 400;\" aria-level=\"1\"><span style=\"font-weight: 400;\">Accidentes de camiones grandes<\/span><\/li>\n<\/ul>\n<p><span style=\"font-weight: 400;\">Cuando un cami\u00f3n grande o semirremolque golpea y lesiona a alguien, podr\u00eda ser culpa del conductor, el fabricante, el propietario del cami\u00f3n, quienes cargaron el cami\u00f3n y otros. . Encontramos la verdad. <\/span><\/p>\n<ul>\n<li style=\"font-weight: 400;\" aria-level=\"1\"><span style=\"font-weight: 400;\">Lesiones por mordida de perro<\/span><\/li>\n<\/ul>\n<p><span style=\"font-weight: 400;\">Incluso una peque\u00f1a mordedura de perro puede provocar da\u00f1os permanentes, infecciones y cosas peores. <\/span><\/p>\n<ul>\n<li style=\"font-weight: 400;\" aria-level=\"1\"><span style=\"font-weight: 400;\">Accidentes por resbalones y ca\u00eddas\u00a0<\/span><\/li>\n<\/ul>\n<p><span style=\"font-weight: 400;\">Si est\u00e1 en la propiedad de otra persona y se resbala, se cae y se lesiona, puede calificar para da\u00f1os y compensaci\u00f3n. <\/span><\/p>\n<ul>\n<li style=\"font-weight: 400;\" aria-level=\"1\"><a href=\"https:\/\/belalhamidehlaw.com\/es\/abogado-de-accidentes-de-construccion-en-long-beach\/\" target=\"_blank\" rel=\"noopener\"><span style=\"font-weight: 400;\">Accidentes de construcci\u00f3n<\/span><\/a><\/li>\n<\/ul>\n<p><span style=\"font-weight: 400;\">Si se lesion\u00f3 en un sitio de construcci\u00f3n debido a las acciones negligentes de un empleado de otra compa\u00f1\u00eda, puede presentar un reclamo por lesiones personales contra esa otra compa\u00f1\u00eda por sus lesiones.&lt;\/ lapso&gt;<\/span><\/p>\n<ul>\n<li style=\"font-weight: 400;\" aria-level=\"1\"><span style=\"font-weight: 400;\"><a href=\"https:\/\/belalhamidehlaw.com\/es\/accidentes-de-pasajeros\/\" target=\"_blank\" rel=\"noopener\">Accidentes de Uber\/Lyft<\/a>\u00a0<\/span><\/li>\n<\/ul>\n<p><span style=\"font-weight: 400;\">Si usted era el pasajero o conductor de un veh\u00edculo de Uber o Lyft que tuvo un accidente, puede presentar un reclamo contra la p\u00f3liza de seguro de Uber o Lyft, que cubre hasta $1,000,000 en da\u00f1os y perjuicios si el accidente ocurri\u00f3 mientras te transportaban en un Uber\/Lyft. <\/span><\/p>\n<ul>\n<li style=\"font-weight: 400;\" aria-level=\"1\"><span style=\"font-weight: 400;\"><a href=\"https:\/\/belalhamidehlaw.com\/es\/abogado-de-muerte-por-negligencia-en-california\/\" target=\"_blank\" rel=\"noopener\">Muerte por Negligencia<\/a>\u00a0<\/span><\/li>\n<\/ul>\n<p><span style=\"font-weight: 400;\">Ninguna cantidad de compensaci\u00f3n puede compensar la p\u00e9rdida de un ser querido. Podemos representar su caso de manera agresiva, trabajando para asegurarnos de que reciba da\u00f1os por todo lo que ha pasado. <\/span><\/p>\n<h3><img loading=\"lazy\" decoding=\"async\" class=\"aligncenter size-full wp-image-30984\" src=\"https:\/\/belalhamidehlaw.com\/wp-content\/uploads\/sites\/3\/2023\/07\/abogado-accidentes-recomiendan.webp\" alt=\"abogado accidentes recomiendan\" width=\"1000\" height=\"668\" srcset=\"https:\/\/belalhamidehlaw.com\/es\/wp-content\/uploads\/sites\/3\/2023\/07\/abogado-accidentes-recomiendan.webp 1000w, https:\/\/belalhamidehlaw.com\/es\/wp-content\/uploads\/sites\/3\/2023\/07\/abogado-accidentes-recomiendan-300x200.webp 300w, https:\/\/belalhamidehlaw.com\/es\/wp-content\/uploads\/sites\/3\/2023\/07\/abogado-accidentes-recomiendan-768x513.webp 768w\" sizes=\"auto, (max-width: 1000px) 100vw, 1000px\" \/><\/h3>\n<h3><b>\u00bfQu\u00e9 debe hacer si sufre alguno de estos accidentes?<\/b><\/h3>\n<p><span style=\"font-weight: 400;\">Paso uno: en la medida de lo posible, mantenga la calma. Aseg\u00farate de estar a salvo. Eso podr\u00eda significar llevar su veh\u00edculo a un lugar seguro, podr\u00eda significar alejarse de otros peligros. Llamar a la polic\u00eda es una buena idea, pero antes de hacerlo, verifique que no haya heridos. De esa manera, puede determinar si los servicios m\u00e9dicos de emergencia son necesarios. <\/span><\/p>\n<p><span style=\"font-weight: 400;\">En la medida en que sea f\u00edsicamente capaz, documente la mayor cantidad posible de lo que sucedi\u00f3. Intercambie informaci\u00f3n de contacto y seguro con las otras partes involucradas y tome tantas fotograf\u00edas como pueda. Comprobar si hay testigos. Si es as\u00ed, obt\u00e9n su informaci\u00f3n tambi\u00e9n. Importante pero a menudo olvidado: no digas \u201ces mi culpa\u201d, \u201clo siento\u201d, ni nada por el estilo. No hunda su caso antes de que comience. <\/span><\/p>\n<h2><strong>\u00bfCu\u00e1nto cuesta un abogado de lesiones personales?<\/strong><\/h2>\n<p><span style=\"font-weight: 400;\">Respuesta breve: Trabajamos con una tarifa de contingencia sin ning\u00fan costo inicial. No tendr\u00e1 que pagar de su bolsillo para que Belal Hamideh sea su abogado de lesiones personales. En cambio, se le pagar\u00e1 sobre la base de una \u00abtarifa de contingencia\u00bb. <\/span><\/p>\n<p><span style=\"font-weight: 400;\">Lo que eso significa es que su pago sale de la compensaci\u00f3n que usted recibe, su liquidaci\u00f3n\/ganancias eventuales. Entonces, literalmente, no nos pagan si perdemos su caso. Tenemos todos los incentivos para seguir su caso de la manera m\u00e1s agresiva posible.<\/span><\/p>\n<h3><b>\u00bfCu\u00e1nto vale un arreglo t\u00edpico por lesiones personales?<\/b><\/h3>\n<p><span style=\"font-weight: 400;\">No existe una f\u00f3rmula establecida para el valor de un acuerdo por lesiones personales. Todas las lesiones y casos son diferentes. Dicho esto, aqu\u00ed en Belal Hamideh Law, hemos recuperado millones para nuestros clientes. El valor de su liquidaci\u00f3n depende de sus facturas m\u00e9dicas, p\u00e9rdida de ingresos y dolor &amp; amp; sufrimiento que atraves\u00f3 despu\u00e9s del accidente. Lo que podemos decirle es que trabajaremos para garantizar que obtenga la cantidad m\u00e1xima por sus lesiones. Puede programar una consulta gratuita con nosotros al (323) 827-7313. <\/span><\/p>\n<h3><b>\u00bfCu\u00e1nto tarda un caso de lesiones personales?<\/b><\/h3>\n<p><span style=\"font-weight: 400;\">Negociar con una compa\u00f1\u00eda de seguros puede, en promedio, llevar de una a doce semanas. Si hacen una gran oferta antes, el reclamo se resuelve m\u00e1s r\u00e1pido. Si intentan \u201cbajarnos\u201d, discutiremos con usted si aceptamos su oferta m\u00e1s alta o los llevamos a los tribunales. Solo el dos por ciento de los casos van a juicio, ya que las compa\u00f1\u00edas de seguros saben que les conviene llegar a un acuerdo con nosotros antes. Si tenemos que presentar una demanda, su reclamo puede resolverse en cualquier momento antes del juicio. <\/span><\/p>\n<h3><b>\u00bfA qui\u00e9n puedo demandar por mi lesi\u00f3n?<\/b><\/h3>\n<p><span style=\"font-weight: 400;\">Puede demandar a quien sea responsable de sus lesiones. Podemos utilizar nuestros recursos para investigar su accidente de manera exhaustiva, determinando as\u00ed exactamente qui\u00e9n es responsable y demandarlo. En su mayor parte, a menudo los responsables pueden incluir conductores negligentes\/imprudentes, empleadores, propietarios de veh\u00edculos, propietarios de locales (tiendas\/hogares\/etc.), servicios de reparaci\u00f3n, entidades p\u00fablicas, fabricantes de productos, dise\u00f1adores y similares. <\/span><\/p>\n<h4><b>\u00bfPuedo recibir compensaci\u00f3n si fui parcialmente responsable del accidente?<\/b><\/h4>\n<p><span style=\"font-weight: 400;\">Incluso si tuviste parte de la culpa, es posible que a\u00fan puedas recibir una compensaci\u00f3n. A trav\u00e9s de lo que se denomina \u201c<a href=\"https:\/\/www.justia.com\/trials-litigation\/docs\/caci\/400\/405\/\" target=\"_blank\" rel=\"noopener\">negligencia comparativa<\/a>, \u201d su compensaci\u00f3n reflejar\u00e1 y ser\u00e1 proporcional a su porcentaje de responsabilidad por el accidente. Para usar una analog\u00eda, si usted fuera el 25% responsable de su accidente de motocicleta, a\u00fan tendr\u00eda la oportunidad de recibir el 75% de la compensaci\u00f3n que se le otorg\u00f3. <\/span><\/p>\n<h3><\/h3>\n<h2><strong>El abogado de lesiones personales de Los Angeles, Belal Hamideh, est\u00e1 aqu\u00ed para ayudarlo<\/strong><\/h2>\n<p><span style=\"font-weight: 400;\">Lidiar con una lesi\u00f3n personal puede ser uno de los desaf\u00edos m\u00e1s dif\u00edciles que jam\u00e1s enfrentar\u00e1. Al tener un abogado con experiencia en lesiones personales de su lado, podr\u00e1 recibir la compensaci\u00f3n que merece mientras se recupera. Programe una consulta gratuita con Belal Hamideh al <a href=\"tel:3238277313\">(323) 827-7313<\/a>. <\/span><\/p>\n<p>&nbsp;<\/p>\n","protected":false},"excerpt":{"rendered":"<p>Abogado de Lesiones Personales en Los \u00c1ngeles \u00bfVale la pena contratar a un abogado de lesiones personales? Su caso tiene muchas m\u00e1s posibilidades con un abogado experimentado en lesiones personales de Los Angeles\u00a0de tu lado. Un abogado con experiencia sabe c\u00f3mo funciona el sistema judicial, conoce las leyes y, m\u00e1s espec\u00edficamente, conoce las leyes de&#8230; <\/p>\n<p class=\"excerpt-read-more-container pull-right\"><a class=\"excerpt-read-more btn btn-primary\" href=\"https:\/\/belalhamidehlaw.com\/es\/abogado-de-lesiones-personales\/\" title=\"Read Abogado de Lesiones Personales Los Angeles\">Leer M\u00e1s<\/a><\/p>\n","protected":false},"author":25,"featured_media":20855,"parent":0,"menu_order":0,"comment_status":"closed","ping_status":"closed","template":"template-service.php","meta":{"footnotes":""},"class_list":["post-20056","page","type-page","status-publish","has-post-thumbnail","hentry"],"_links":{"self":[{"href":"https:\/\/belalhamidehlaw.com\/es\/wp-json\/wp\/v2\/pages\/20056","targetHints":{"allow":["GET"]}}],"collection":[{"href":"https:\/\/belalhamidehlaw.com\/es\/wp-json\/wp\/v2\/pages"}],"about":[{"href":"https:\/\/belalhamidehlaw.com\/es\/wp-json\/wp\/v2\/types\/page"}],"author":[{"embeddable":true,"href":"https:\/\/belalhamidehlaw.com\/es\/wp-json\/wp\/v2\/users\/25"}],"replies":[{"embeddable":true,"href":"https:\/\/belalhamidehlaw.com\/es\/wp-json\/wp\/v2\/comments?post=20056"}],"version-history":[{"count":1,"href":"https:\/\/belalhamidehlaw.com\/es\/wp-json\/wp\/v2\/pages\/20056\/revisions"}],"predecessor-version":[{"id":41217,"href":"https:\/\/belalhamidehlaw.com\/es\/wp-json\/wp\/v2\/pages\/20056\/revisions\/41217"}],"wp:featuredmedia":[{"embeddable":true,"href":"https:\/\/belalhamidehlaw.com\/es\/wp-json\/wp\/v2\/media\/20855"}],"wp:attachment":[{"href":"https:\/\/belalhamidehlaw.com\/es\/wp-json\/wp\/v2\/media?parent=20056"}],"curies":[{"name":"wp","href":"https:\/\/api.w.org\/{rel}","templated":true}]}}