{"id":20016,"date":"2026-03-05T01:36:40","date_gmt":"2026-03-05T09:36:40","guid":{"rendered":"https:\/\/belal2023.iseo.biz\/abogado-de-accidente-de-lyft\/"},"modified":"2026-03-16T12:02:32","modified_gmt":"2026-03-16T19:02:32","slug":"abogado-de-accidentes-de-lyft-en-california","status":"publish","type":"page","link":"https:\/\/belalhamidehlaw.com\/es\/abogado-de-accidentes-de-lyft-en-california\/","title":{"rendered":"Abogado de accidentes de Lyft en Los Angeles"},"content":{"rendered":"\r\n<figure class=\"wp-block-image size-full\"><img loading=\"lazy\" decoding=\"async\" class=\"alignnone wp-image-41122 size-full\" title=\"Abogado de Accidentes de Lyft\" src=\"https:\/\/belalhamidehlaw.com\/es\/wp-content\/uploads\/sites\/3\/2026\/03\/abogado-de-accidentes-de-lyft-en-los-angeles.png\" alt=\"abogado de accidentes de lyft en los angeles\" width=\"1200\" height=\"628\" srcset=\"https:\/\/belalhamidehlaw.com\/es\/wp-content\/uploads\/sites\/3\/2026\/03\/abogado-de-accidentes-de-lyft-en-los-angeles.png 1200w, https:\/\/belalhamidehlaw.com\/es\/wp-content\/uploads\/sites\/3\/2026\/03\/abogado-de-accidentes-de-lyft-en-los-angeles-300x157.png 300w, https:\/\/belalhamidehlaw.com\/es\/wp-content\/uploads\/sites\/3\/2026\/03\/abogado-de-accidentes-de-lyft-en-los-angeles-1024x536.png 1024w, https:\/\/belalhamidehlaw.com\/es\/wp-content\/uploads\/sites\/3\/2026\/03\/abogado-de-accidentes-de-lyft-en-los-angeles-768x402.png 768w\" sizes=\"auto, (max-width: 1200px) 100vw, 1200px\" \/><\/figure>\r\n\r\n\r\n\r\n<h2>\u00bfAccidente de Lyft en Los Angeles?<\/h2>\r\n<p><span style=\"font-weight: 400;\">\u00bfTuvo un accidente de auto con un Lyft en Los \u00c1ngeles?<\/span><span style=\"font-weight: 400;\"><br \/><\/span><span style=\"font-weight: 400;\"> \u00bfIba de pasajero cuando su Lyft tuvo un accidente?<\/span><span style=\"font-weight: 400;\"><br \/><\/span><span style=\"font-weight: 400;\">\u00bfManejaba un Lyft cuando su veh\u00edculo choc\u00f3?<\/span><\/p>\r\n<p><span style=\"font-weight: 400;\">Si era conductor o pasajero de Lyft, o de otro veh\u00edculo envuelto en un accidente de Lyft en Los Angeles, podr\u00eda tener derecho a una compensaci\u00f3n -incluso como peat\u00f3n.<\/span><\/p>\r\n<p><span style=\"font-weight: 400;\">Los <\/span><a href=\"https:\/\/belalhamidehlaw.com\/es\/abogado-de-accidentes-de-lyft-en-california\/\"><b>abogados de accidentes de Lyft de Oficinas Legal de Belal Hamideh<\/b><\/a><span style=\"font-weight: 400;\"> en Los Angeles han ayudado a muchas personas implicadas en un accidente con Lyft a recibir la compensaci\u00f3n que les corresponde.<\/span><\/p>\r\n<p><span style=\"font-weight: 400;\">Lyft es uno de los servicios de transporte compartido m\u00e1s populares por diversas razones, utilizado por miles de personas a diario. Sin embargo, incluso los conductores de Lyft m\u00e1s expertos pueden sufrir un accidente.<\/span><\/p>\r\n<p><span style=\"font-weight: 400;\">Las lesiones personales de un accidente de Lyft podr\u00edan dificultarle -incluso impedirle- trabajar de nuevo. Tambi\u00e9n podr\u00edan generar facturas m\u00e9dicas exorbitantes, una rehabilitaci\u00f3n prolongada y consecuencias a\u00fan peores.<\/span><\/p>\r\n<p><span style=\"font-weight: 400;\">Con a\u00f1os de experiencia en estos casos,<\/span> <span style=\"font-weight: 400;\">Belal Hamideh y su equipo<\/span><span style=\"font-weight: 400;\"> pueden ayudarle a recibir compensaci\u00f3n por todo eso y m\u00e1s.<\/span><\/p>\r\n<h2>\u00bfQu\u00e9 debo hacer en caso de accidente con un Lyft en Los Angeles?<\/h2>\r\n<h3><span style=\"font-weight: 400;\">Como pasajero:<\/span><\/h3>\r\n<ol>\r\n<li style=\"font-weight: 400;\" aria-level=\"1\"><span style=\"font-weight: 400;\">Su prioridad debe ser su seguridad. Encienda de inmediato las luces de emergencia y d\u00edgale a su conductor que mueva el veh\u00edculo a un lugar seguro. Eval\u00fae sus lesiones personales y si puede, las lesiones personales de las dem\u00e1s personas involucradas en el accidente.<\/span><\/li>\r\n<li style=\"font-weight: 400;\" aria-level=\"1\"><span style=\"font-weight: 400;\">Si el veh\u00edculo no se puede mover, qu\u00e9dese en \u00e9l con su cintur\u00f3n de seguridad abrochado. Si hay humo, salga del veh\u00edculo con cuidado y sit\u00faese en un lugar seguro y visible.<\/span><\/li>\r\n<li style=\"font-weight: 400;\" aria-level=\"1\"><span style=\"font-weight: 400;\">Llame al 911 y explique la situaci\u00f3n. Pida una ambulancia si alguna lesi\u00f3n parece ser algo seria. Es posible que est\u00e9 en estado de shock y no lo sepa, por lo que buscar atenci\u00f3n m\u00e9dica es imperativo. Cuando llegue la polic\u00eda y tras hacer su<\/span><a href=\"https:\/\/www.lapdonline.org\/office-of-the-chief-of-police\/office-of-special-operations\/transit-services-bureau\/file-a-traffic-collision-report\/\" target=\"_blank\" rel=\"noopener\"> <span style=\"font-weight: 400;\">informe, p\u00eddales una copia<\/span><\/a><span style=\"font-weight: 400;\"> que le ser\u00e1 de gran ayuda para reforzar su caso m\u00e1s tarde.<\/span><\/li>\r\n<li style=\"font-weight: 400;\" aria-level=\"1\"><span style=\"font-weight: 400;\">Documente todo lo que pueda: Si puede, obtenga la informaci\u00f3n de otros involucrados en el accidente, ya sean conductores, pasajeros o testigos. Tome fotograf\u00edas de los veh\u00edculos, los da\u00f1os, sus lesiones personales, cualquier otra lesi\u00f3n y aseg\u00farese de tomar fotos del entorno tambi\u00e9n (si puede hacerlo). No admita culpa, ni pida perd\u00f3n por nada. Su \u00fanico intercambio con otras personas del accidente es para intercambiar informaci\u00f3n de seguro.<\/span><\/li>\r\n<li style=\"font-weight: 400;\" aria-level=\"1\"><span style=\"font-weight: 400;\">Usted o su abogado deber\u00e1n presentar un reporte del accidente al Departamento de Veh\u00edculos de Motor (DMV) de California, con el<\/span><a href=\"https:\/\/www.dmv.ca.gov\/portal\/file\/report-of-traffic-accident-occurring-in-california-spanish-sr-1a-sp-pdf\/\" target=\"_blank\" rel=\"noopener\"> <span style=\"font-weight: 400;\">formulario SR-1<\/span><\/a><span style=\"font-weight: 400;\">. El plazo para reportar es de 10 d\u00edas si hubo lesiones o da\u00f1os superiores a $1,000.<\/span><\/li>\r\n<\/ol>\r\n<h3>Como conductor de Lyft:<\/h3>\r\n<p><span style=\"font-weight: 400;\">Despu\u00e9s de seguir todos los mencionados anteriormente, reporte el accidente a<\/span><a href=\"https:\/\/www.lyft.com\/arow\" target=\"_blank\" rel=\"noopener\"> <span style=\"font-weight: 400;\">Lyft trav\u00e9s de su app o en l\u00ednea<\/span><\/a><span style=\"font-weight: 400;\">, y contacte de inmediato a un abogado.\u00a0<\/span><\/p>\r\n<p><span style=\"font-weight: 400;\">Desafortunadamente, como han demostrado el Proyecto de Ley 5 de la Asamblea de California y otras acciones, la compa\u00f1\u00eda Lyft no tiene a sus conductores en su lista de prioridades. Lyft har\u00e1 todo lo posible para asegurarse de que el resultado de su caso sea \u00abresponsabilidad negada\u00bb y usted reciba poca o ninguna compensaci\u00f3n. As\u00ed evitar\u00e1n hacer frente a la compensaci\u00f3n justa que usted merece. Por eso es tan importante contactar a un<\/span><a href=\"https:\/\/belalhamidehlaw.com\/es\/abogado-de-lesiones-personales\/\"> <span style=\"font-weight: 400;\">abogado que tenga experiencia en tratar con Lyft<\/span><\/a><span style=\"font-weight: 400;\">.<\/span><\/p>\r\n<p><span style=\"font-weight: 400;\">Ponerse en contacto con un abogado con experiencia, de hecho, deber\u00eda ser su primer paso despu\u00e9s de seguir todos los mencionados anteriormente.<\/span><\/p>\r\n<h3>Como peat\u00f3n:<\/h3>\r\n<p><span style=\"font-weight: 400;\">En primer lugar, la <\/span><b>seguridad <\/b><span style=\"font-weight: 400;\">es siempre lo m\u00e1s importante. Siga los pasos anteriores para ponerse a salvo, obtener la informaci\u00f3n del conductor de Lyft, comunicarse con las autoridades, etc. Si lo atropella un Lyft, entonces tiene los mismos derechos que un pasajero de Lyft cuyo veh\u00edculo se estrell\u00f3.<\/span><\/p>\r\n<p><span style=\"font-weight: 400;\">No podemos enfatizar lo suficiente la importancia de <\/span><b>recibir atenci\u00f3n m\u00e9dica<\/b><span style=\"font-weight: 400;\">, incluso si sus lesiones parecen no requerir cuidados inmediatos. En casos de accidentes automovil\u00edsticos, es frecuente que la v\u00edctima se de cuenta de la gravedad de sus lesiones personales. Esto se debe a la adrenalina, que evita sentir el dolor real producido por el impacto, y tambi\u00e9n al deseo de minimizar la situaci\u00f3n. Sin embargo, con demasiada frecuencia, las lesiones empeoran con el tiempo sin el tratamiento m\u00e9dico adecuado. Una vez que haya recibido atenci\u00f3n m\u00e9dica, comun\u00edquese con los <\/span><b>abogados de accidentes de Lyft de Oficinas Legal de Belal Hamideh<\/b><span style=\"font-weight: 400;\">, <\/span><a href=\"https:\/\/belalhamidehlaw.com\/es\/abogado-de-lesiones-personales\/\"><span style=\"font-weight: 400;\">especialistas en lesiones personales<\/span><\/a><span style=\"font-weight: 400;\"> en Los Angeles.<\/span><\/p>\r\n<h2>\u00bfC\u00f3mo funciona la p\u00f3liza de seguro de Lyft y la responsabilidad?<\/h2>\r\n<p><a href=\"https:\/\/www.lyft.com\/driver\/insurance\" target=\"_blank\" rel=\"noopener\"><span style=\"font-weight: 400;\">La p\u00f3liza que Lyft utiliza<\/span><\/a><span style=\"font-weight: 400;\"> para sus conductores establece diferencias, seg\u00fan si el conductor estaba en el Periodo 1, Periodo 2, Periodo 3 o \u00abFuera de l\u00ednea\u00bb, lo que significa que no estaba conectado a la aplicaci\u00f3n. Sin importar lo que haya sucedido en su accidente, tenga en cuenta que Lyft, muy probablemente, intentar\u00e1 dar menos a las v\u00edctimas de accidentes, incluso negando la responsabilidad y su derecho de lesiones personales. Los <\/span><b>abogados de accidentes de Lyft de Oficinas Legal de Belal Hamideh<\/b><span style=\"font-weight: 400;\"> trabajar\u00e1n para asegurarse de que eso no suceda y que usted sea tratado o tratada con justicia.<\/span><\/p>\r\n<h3>Fuera de l\u00ednea<\/h3>\r\n<p><span style=\"font-weight: 400;\">Si el conductor no est\u00e1 conectado a Lyft cuando ocurre el accidente, entonces el accidente est\u00e1 cubierto por el seguro personal del conductor.<\/span><\/p>\r\n<h3>Per\u00edodo 1<\/h3>\r\n<p><span style=\"font-weight: 400;\">Durante este per\u00edodo, el conductor de Lyft est\u00e1 conectado a la aplicaci\u00f3n, pero a\u00fan no ha aceptado un viaje. Los l\u00edmites de la p\u00f3liza de seguro para este per\u00edodo son:<\/span><\/p>\r\n<ul>\r\n<li style=\"font-weight: 400;\" aria-level=\"1\"><span style=\"font-weight: 400;\">$100,000 de cobertura de responsabilidad por lesiones corporales por accidente<\/span><\/li>\r\n<li style=\"font-weight: 400;\" aria-level=\"1\"><span style=\"font-weight: 400;\">$50,000 de cobertura de responsabilidad por lesiones corporales por persona lesionada en un accidente<\/span><\/li>\r\n<li style=\"font-weight: 400;\" aria-level=\"1\"><span style=\"font-weight: 400;\">$30,000 de cobertura de responsabilidad por da\u00f1os a la propiedad por accidente.<\/span><\/li>\r\n<\/ul>\r\n<h3>Per\u00edodos 2 y 3<\/h3>\r\n<p><span style=\"font-weight: 400;\">El Per\u00edodo 2 en Lyft es cuando el conductor acepta un viaje y el Per\u00edodo 3 es cuando el conductor recoge a un pasajero. Durante estos per\u00edodos, los l\u00edmites de Lyft son:<\/span><\/p>\r\n<ul>\r\n<li style=\"font-weight: 400;\" aria-level=\"1\"><span style=\"font-weight: 400;\">$1 mill\u00f3n en cobertura de seguro para conductor no asegurado\/con seguro insuficiente<\/span><\/li>\r\n<li style=\"font-weight: 400;\" aria-level=\"1\"><span style=\"font-weight: 400;\">$1 mill\u00f3n en seguro de auto comercial<\/span><\/li>\r\n<\/ul>\r\n<p><span style=\"font-weight: 400;\">Una diferencia significativa a tener en cuenta: en el Per\u00edodo 2, Lyft tambi\u00e9n proporciona $50,000 para cobertura de lesiones corporales.<\/span><\/p>\r\n<h2>\u00bfCu\u00e1ndo debo presentar un reclamo de Lyft?<\/h2>\r\n<p><span style=\"font-weight: 400;\">B\u00e1sicamente,<\/span><a href=\"https:\/\/www.insurance.ca.gov\/01-consumers\/105-type\/95-guides\/01-auto\/hadaccident.cfm\" target=\"_blank\" rel=\"noopener\"> <span style=\"font-weight: 400;\">cuanto antes, mejor<\/span><\/a><span style=\"font-weight: 400;\">. Comunicarse con un abogado lo antes posible le brinda la mejor oportunidad de recibir la compensaci\u00f3n que se merece mucho m\u00e1s r\u00e1pido.<\/span><\/p>\r\n<p><span style=\"font-weight: 400;\">El estado de California le otorga dos a\u00f1os desde la fecha del accidente en Los Angeles para presentar un reclamo por lesiones personales. Sin embargo, tiene seis meses para hacerlo si un veh\u00edculo federal\/estatal\/municipal estuvo involucrado en el accidente en cualquier forma.<\/span><\/p>\r\n<h2>\u00bfCu\u00e1nto vale mi accidente de Lyft?<\/h2>\r\n<p><span style=\"font-weight: 400;\">Varios factores determinan esto. Ning\u00fan accidente es igual a otro y existen da\u00f1os econ\u00f3micos y da\u00f1os no econ\u00f3micos. Bajo la ley de California, su reclamo puede cubrir la compensaci\u00f3n por ambos.<\/span><\/p>\r\n<p><span style=\"font-weight: 400;\">Los factores m\u00e1s prominentes que determinan sus <\/span><span style=\"font-weight: 400;\">da\u00f1os econ\u00f3micos<\/span><span style=\"font-weight: 400;\"> incluyen:<\/span><\/p>\r\n<ul>\r\n<li style=\"font-weight: 400;\" aria-level=\"1\"><span style=\"font-weight: 400;\">el nivel de atenci\u00f3n m\u00e9dica necesita, justo despu\u00e9s del accidente y tambi\u00e9n los tratamientos m\u00e9dicos que requiera en el futuro<\/span><\/li>\r\n<li style=\"font-weight: 400;\" aria-level=\"1\"><span style=\"font-weight: 400;\">la gravedad de sus lesiones<\/span><\/li>\r\n<li style=\"font-weight: 400;\" aria-level=\"1\"><span style=\"font-weight: 400;\">el dolor y el sufrimiento que ha tenido que soportar<\/span><\/li>\r\n<li style=\"font-weight: 400;\" aria-level=\"1\"><span style=\"font-weight: 400;\">la duraci\u00f3n de su tiempo de recuperaci\u00f3n<\/span><\/li>\r\n<li style=\"font-weight: 400;\" aria-level=\"1\"><span style=\"font-weight: 400;\">qu\u00e9 nivel de recuperaci\u00f3n ha podido alcanzar<\/span><\/li>\r\n<li style=\"font-weight: 400;\" aria-level=\"1\"><span style=\"font-weight: 400;\">c\u00f3mo se vio afectada negativamente su capacidad de ganancia -y mucho m\u00e1s.<\/span><\/li>\r\n<\/ul>\r\n<p><span style=\"font-weight: 400;\">Los <\/span><span style=\"font-weight: 400;\">da\u00f1os no econ\u00f3micos<\/span><span style=\"font-weight: 400;\">, por otro lado, incluyen:<\/span><\/p>\r\n<ul>\r\n<li style=\"font-weight: 400;\" aria-level=\"1\"><span style=\"font-weight: 400;\">su dolor y su sufrimiento<\/span><\/li>\r\n<li style=\"font-weight: 400;\" aria-level=\"1\"><span style=\"font-weight: 400;\">cualquier discapacidad que pueda haber sufrido<\/span><\/li>\r\n<li style=\"font-weight: 400;\" aria-level=\"1\"><span style=\"font-weight: 400;\">trauma emocional, angustia,<\/span><\/li>\r\n<li style=\"font-weight: 400;\" aria-level=\"1\"><span style=\"font-weight: 400;\">no poder participar en actividades que disfrutaba,<\/span><\/li>\r\n<li style=\"font-weight: 400;\" aria-level=\"1\"><span style=\"font-weight: 400;\">cambios negativos en su vida debido al accidente,<\/span><\/li>\r\n<li style=\"font-weight: 400;\" aria-level=\"1\"><span style=\"font-weight: 400;\">lesiones f\u00edsicas o incluso desfiguraci\u00f3n permanente.<\/span><\/li>\r\n<\/ul>\r\n<p><span style=\"font-weight: 400;\">Si ha resultado herido en un accidente de Lyft en Los Angeles debido a las acciones de otra persona, merece ser compensado de manera justa. Representamos a nuestros clientes de manera agresiva para lograrlo.<\/span><\/p>\r\n<p><img loading=\"lazy\" decoding=\"async\" class=\"alignnone wp-image-19550 size-full\" title=\"Abogado de Accidentes de Lyft\" src=\"https:\/\/belalhamidehlaw.com\/wp-content\/uploads\/sites\/3\/2023\/03\/belal-lyft-accident-2.jpg\" alt=\"Abogado de Accidentes de Lyft\" width=\"1000\" height=\"500\" \/><\/p>\r\n<h3>\u00bfC\u00f3mo pueden ayudarle las Oficinas Legales de Belal Hamideh en su accidente de Lyft?<\/h3>\r\n<p><span style=\"font-weight: 400;\">Lyft es una excelente manera de moverse, pero las lesiones personales en un accidente de autom\u00f3vil en Los Angeles pueden ser devastadoras. Usted no deber\u00eda tener que enfrentarse a las compa\u00f1\u00edas de seguros sin una ayuda experimentada que luche por sus derechos. Nosotros podemos acompa\u00f1arle durante todo el proceso, y asegurarnos de que reciba la compensaci\u00f3n que tiene todo el derecho a recibir.<\/span><\/p>\r\n<p><span style=\"font-weight: 400;\">Los abogados de accidentes de Lyft de <\/span><span style=\"font-weight: 400;\">Oficinas Legal de Belal Hamideh<\/span><span style=\"font-weight: 400;\"> en Los \u00c1ngeles han ayudado a muchos que han resultado heridos. Como trabajamos con honorarios de contingencia, no tiene que pagar a menos que ganemos.<\/span><\/p>\r\n<p><b>Lo que nos distingue:<\/b><\/p>\r\n<ul>\r\n<li style=\"font-weight: 400;\" aria-level=\"1\"><b>Experiencia y conocimiento:<\/b><span style=\"font-weight: 400;\"> Hemos manejado con \u00e9xito una amplia gama de casos de accidentes de construcci\u00f3n, obteniendo resultados favorables para nuestros clientes.<\/span><\/li>\r\n<li style=\"font-weight: 400;\" aria-level=\"1\"><b>Representaci\u00f3n agresiva:<\/b><span style=\"font-weight: 400;\"> Negociamos con las compa\u00f1\u00edas de seguros y, si es necesario, llevamos su caso a juicio para obtener la m\u00e1xima compensaci\u00f3n que usted merece.<\/span><\/li>\r\n<li style=\"font-weight: 400;\" aria-level=\"1\"><b>Enfoque centrado en el cliente:<\/b><span style=\"font-weight: 400;\"> Entendemos que cada caso es \u00fanico y nos dedicamos a brindarle la atenci\u00f3n individualizada que necesita.<\/span><\/li>\r\n<li style=\"font-weight: 400;\" aria-level=\"1\"><b>Comunicaci\u00f3n constante:<\/b><span style=\"font-weight: 400;\"> Lo mantenemos informado sobre el progreso de su caso y respondemos a todas sus preguntas de manera clara y oportuna.<\/span><\/li>\r\n<\/ul>\r\n<p><span style=\"font-weight: 400;\">Para programar una <\/span><b>consulta gratuita<\/b><span style=\"font-weight: 400;\"> con Belal Hamideh y su equipo,<\/span><a href=\"https:\/\/belalhamidehlaw.com\/es\/contacto\/\"> <span style=\"font-weight: 400;\">env\u00edenos un mensaje a trav\u00e9s de la p\u00e1gina web<\/span><\/a><span style=\"font-weight: 400;\"> o<\/span><a href=\"https:\/\/belalhamidehlaw.com\/es\/contacto\/\"> <span style=\"font-weight: 400;\">llame<\/span><\/a><span style=\"font-weight: 400;\"> al <a href=\"tel:3238277313\">(323) 827-7313<\/a>.<\/span><\/p>\r\n<h2>\u00bfCu\u00e1nto cuesta un abogado de accidentes de Lyft en Los Angeles?<\/h2>\r\n<p><span style=\"font-weight: 400;\">En las Oficinas Legales de Belal Hamideh, trabajamos con un acuerdo de contingencia:<\/span><span style=\"font-weight: 400;\"> solo cobramos si usted lo hace.<\/span><span style=\"font-weight: 400;\"> Este arreglo elimina los costos iniciales y permite a la persona lesionada concentrarse en su recuperaci\u00f3n, en lugar de preocuparse por facturas y gastos.<\/span><\/p>\r\n<p><span style=\"font-weight: 400;\">Si usted o un ser querido ha sufrido un accidente de Lyft en Los Angeles, no dude en contactar con las <\/span><b>Oficinas Legales de<\/b> <b>Belal Hamideh<\/b><span style=\"font-weight: 400;\">. Nuestro equipo legal est\u00e1 listo para brindarle la gu\u00eda y el apoyo que necesita en este momento dif\u00edcil.<\/span><\/p>\r\n<p><span style=\"font-weight: 400;\">Llame o complete<\/span><a href=\"https:\/\/belalhamidehlaw.com\/es\/contacto\/\"> <span style=\"font-weight: 400;\">nuestro formulario de contacto en l\u00ednea<\/span><\/a><span style=\"font-weight: 400;\"> para programar una consulta gratuita y confidencial. <\/span><b>\u00a1Estamos aqu\u00ed para ayudarlo!<\/b><\/p>\r\n\r\n\r\n\r\n\r\n","protected":false},"excerpt":{"rendered":"<p>\u00bfAccidente de Lyft en Los Angeles? \u00bfTuvo un accidente de auto con un Lyft en Los \u00c1ngeles? \u00bfIba de pasajero cuando su Lyft tuvo un accidente?\u00bfManejaba un Lyft cuando su veh\u00edculo choc\u00f3? Si era conductor o pasajero de Lyft, o de otro veh\u00edculo envuelto en un accidente de Lyft en Los Angeles, podr\u00eda tener derecho&#8230; <\/p>\n<p class=\"excerpt-read-more-container pull-right\"><a class=\"excerpt-read-more btn btn-primary\" href=\"https:\/\/belalhamidehlaw.com\/es\/abogado-de-accidentes-de-lyft-en-california\/\" title=\"Read Abogado de accidentes de Lyft en Los Angeles\">Leer M\u00e1s<\/a><\/p>\n","protected":false},"author":25,"featured_media":41122,"parent":0,"menu_order":0,"comment_status":"closed","ping_status":"closed","template":"template-service.php","meta":{"footnotes":""},"class_list":["post-20016","page","type-page","status-publish","has-post-thumbnail","hentry"],"_links":{"self":[{"href":"https:\/\/belalhamidehlaw.com\/es\/wp-json\/wp\/v2\/pages\/20016","targetHints":{"allow":["GET"]}}],"collection":[{"href":"https:\/\/belalhamidehlaw.com\/es\/wp-json\/wp\/v2\/pages"}],"about":[{"href":"https:\/\/belalhamidehlaw.com\/es\/wp-json\/wp\/v2\/types\/page"}],"author":[{"embeddable":true,"href":"https:\/\/belalhamidehlaw.com\/es\/wp-json\/wp\/v2\/users\/25"}],"replies":[{"embeddable":true,"href":"https:\/\/belalhamidehlaw.com\/es\/wp-json\/wp\/v2\/comments?post=20016"}],"version-history":[{"count":5,"href":"https:\/\/belalhamidehlaw.com\/es\/wp-json\/wp\/v2\/pages\/20016\/revisions"}],"predecessor-version":[{"id":41121,"href":"https:\/\/belalhamidehlaw.com\/es\/wp-json\/wp\/v2\/pages\/20016\/revisions\/41121"}],"wp:featuredmedia":[{"embeddable":true,"href":"https:\/\/belalhamidehlaw.com\/es\/wp-json\/wp\/v2\/media\/41122"}],"wp:attachment":[{"href":"https:\/\/belalhamidehlaw.com\/es\/wp-json\/wp\/v2\/media?parent=20016"}],"curies":[{"name":"wp","href":"https:\/\/api.w.org\/{rel}","templated":true}]}}