{"id":12222,"date":"2026-02-05T01:37:02","date_gmt":"2026-02-05T09:37:02","guid":{"rendered":"https:\/\/belalhamidehlaw.com\/?page_id=12222"},"modified":"2026-04-17T08:40:13","modified_gmt":"2026-04-17T15:40:13","slug":"compensacion-laboral","status":"publish","type":"page","link":"https:\/\/belalhamidehlaw.com\/es\/compensacion-laboral\/","title":{"rendered":"Abogado de compensaci\u00f3n laboral en Los Angeles"},"content":{"rendered":"<p>&nbsp;<\/p>\n<p><img loading=\"lazy\" decoding=\"async\" class=\"alignnone wp-image-41111 size-full\" src=\"https:\/\/belalhamidehlaw.com\/es\/wp-content\/uploads\/sites\/3\/2026\/03\/abogado-de-compensacion-laboral-en-los-angeles.png\" alt=\"abogado de compensacion laboral en los angeles\" width=\"1200\" height=\"628\" srcset=\"https:\/\/belalhamidehlaw.com\/es\/wp-content\/uploads\/sites\/3\/2026\/03\/abogado-de-compensacion-laboral-en-los-angeles.png 1200w, https:\/\/belalhamidehlaw.com\/es\/wp-content\/uploads\/sites\/3\/2026\/03\/abogado-de-compensacion-laboral-en-los-angeles-300x157.png 300w, https:\/\/belalhamidehlaw.com\/es\/wp-content\/uploads\/sites\/3\/2026\/03\/abogado-de-compensacion-laboral-en-los-angeles-1024x536.png 1024w, https:\/\/belalhamidehlaw.com\/es\/wp-content\/uploads\/sites\/3\/2026\/03\/abogado-de-compensacion-laboral-en-los-angeles-768x402.png 768w\" sizes=\"auto, (max-width: 1200px) 100vw, 1200px\" \/><\/p>\n<h2>\u00bfSUFRI\u00d3 UN ACCIDENTE LABORAL EN LOS ANGELES?<\/h2>\n<p><span style=\"font-weight: 400;\">Sufrir una lesi\u00f3n en el trabajo puede ser una experiencia devastadora. Adem\u00e1s del dolor f\u00edsico, se enfrenta a la incertidumbre sobre su futuro, sus finanzas y su capacidad para mantener a su familia.<\/span><\/p>\n<p><span style=\"font-weight: 400;\">En California, la compensaci\u00f3n laboral, o <\/span><i><span style=\"font-weight: 400;\">Workers\u2019 Compensation<\/span><\/i><span style=\"font-weight: 400;\"> en ingl\u00e9s, est\u00e1 dise\u00f1ada para protegerlo en estos momentos dif\u00edciles. Un abogado de compensaci\u00f3n laboral en Los Angeles puede ser su mejor aliado para navegar el sistema y obtener los beneficios que merece.<\/span><\/p>\n<p><span style=\"font-weight: 400;\">Su abogado se encargar\u00e1 de evaluar su accidente laboral de la manera m\u00e1s objetiva posible, comunic\u00e1ndose con la compa\u00f1\u00eda aseguradora de su empleador y protegi\u00e9ndolo a lo largo de todo el proceso. La ley de California <\/span><a href=\"https:\/\/leginfo.legislature.ca.gov\/faces\/codes_displayText.xhtml?lawCode=LAB&amp;division=4.&amp;title=&amp;part=1.&amp;chapter=1.&amp;article=\" target=\"_blank\" rel=\"noopener\"><b>(C\u00f3digo Laboral, Secci\u00f3n 3200 y siguientes)<\/b><\/a><span style=\"font-weight: 400;\"> establece un sistema de <\/span><a href=\"https:\/\/edd.ca.gov\/es\/disability\/Employer_Workers_Compensation_Espanol\/#:~:text=La%20Compensaci%C3%B3n%20para%20Trabajadores%20provee,incapacidades%20temporales%20o%20discapacidades%20permanentes.\" target=\"_blank\" rel=\"noopener\"><span style=\"font-weight: 400;\">compensaci\u00f3n laboral<\/span><\/a> <b>\u00absin culpa\u00bb<\/b><span style=\"font-weight: 400;\">, lo que significa que, en la mayor\u00eda de los casos, usted puede recibir beneficios <\/span><b>independientemente de qui\u00e9n haya tenido la culpa del accidente<\/b><span style=\"font-weight: 400;\">.<\/span><\/p>\n<h2>COMPENSACI\u00d3N LABORAL Y LA IMPORTANCIA DE DOCUMENTAR<\/h2>\n<p><span style=\"font-weight: 400;\">Despu\u00e9s de un accidente laboral, es muy importante que documente la situaci\u00f3n de inmediato, registrando cada detalle que recuerde. Es vital adquirir evidencia en video y entrevistar a los testigos que pueda para apoyar su caso. Un estudio del <\/span><b><i>California Workers\u2019 Compensation Institute<\/i><\/b><b> (CWCI)<\/b><span style=\"font-weight: 400;\"> encontr\u00f3 que los casos con <\/span><b>documentaci\u00f3n completa y precisa<\/b><span style=\"font-weight: 400;\"> tienen una <\/span><b>mayor probabilidad de ser aprobados<\/b><span style=\"font-weight: 400;\"> y resultan en <\/span><b>una mayor indemnizaci\u00f3n por accidente de trabajo<\/b><span style=\"font-weight: 400;\"> para los trabajadores lesionados.<\/span><\/p>\n<p><span style=\"font-weight: 400;\">Habiendo dicho esto, todav\u00eda puede recolectar informaci\u00f3n incluso si se march\u00f3 del lugar del accidente. Tomar fotos y videos de sus heridas tambi\u00e9n puede ayudarle. En cualquier caso, nosotros le ayudamos a desarrollar su caso de compensaci\u00f3n laboral -o <\/span><i><span style=\"font-weight: 400;\">Workers Compensation<\/span><\/i><span style=\"font-weight: 400;\">&#8211; aun sin tener esta evidencia. Recuerde que, seg\u00fan la ley de California, tiene <\/span><b>30 d\u00edas para reportar su lesi\u00f3n a su empleador<\/b> <b>(C\u00f3digo Laboral, Secci\u00f3n 5402)<\/b><span style=\"font-weight: 400;\">. No espere demasiado para buscar ayuda legal.<\/span><\/p>\n<h3>\u00bfQU\u00c9 HACER DESPU\u00c9S DE UN ACCIDENTE?<\/h3>\n<p><span style=\"font-weight: 400;\">Despu\u00e9s de sufrir un accidente con lesiones en el trabajo, es fundamental tomar medidas r\u00e1pidas y decisivas para proteger sus derechos y obtener los beneficios de indemnizaci\u00f3n por accidente de trabajo que merece.<\/span><\/p>\n<p><span style=\"font-weight: 400;\">Pasos a Seguir:<\/span><\/p>\n<ol>\n<li style=\"font-weight: 400;\" aria-level=\"1\"><b>Busque atenci\u00f3n m\u00e9dica:<\/b><span style=\"font-weight: 400;\"> Su salud es lo m\u00e1s importante. Busque atenci\u00f3n m\u00e9dica de inmediato, incluso si cree que su lesi\u00f3n no es grave. Informe a su m\u00e9dico que sufri\u00f3 la lesi\u00f3n en el trabajo. Seg\u00fan un<\/span><a href=\"https:\/\/www.claimsjournal.com\/news\/national\/2024\/10\/03\/326553.htm\" target=\"_blank\" rel=\"noopener\"> <span style=\"font-weight: 400;\">estudio del California Workers\u2019 Compensation Institute (CWCI)<\/span><\/a><span style=\"font-weight: 400;\">, los trabajadores que reciben atenci\u00f3n m\u00e9dica temprana tras sufrir un accidente laboral obtienen mejores resultados en su recuperaci\u00f3n y regresan al trabajo m\u00e1s r\u00e1pido.<\/span><\/li>\n<li style=\"font-weight: 400;\" aria-level=\"1\"><b>Reporte el accidente a su empleador:<\/b><span style=\"font-weight: 400;\"> Tan pronto como sea posible, notifique a su supervisor sus lesiones personales. La ley de California (<\/span><a href=\"https:\/\/leginfo.legislature.ca.gov\/faces\/codes_displaySection.xhtml?lawCode=LAB&amp;sectionNum=5402\" target=\"_blank\" rel=\"noopener\"><span style=\"font-weight: 400;\">C\u00f3digo Laboral, Secci\u00f3n 5402<\/span><\/a><span style=\"font-weight: 400;\">) requiere que reporte la lesi\u00f3n a su empleador dentro de los 30 d\u00edas posteriores al accidente. No hacerlo puede afectar su derecho a recibir indemnizaci\u00f3n por accidente de trabajo.<\/span><\/li>\n<li style=\"font-weight: 400;\" aria-level=\"1\"><b>Presente un reclamo de compensaci\u00f3n laboral:<\/b><span style=\"font-weight: 400;\"> Para recibir beneficios, debe<\/span><a href=\"https:\/\/www.dir.ca.gov\/dwc\/Spanish\/FileAClaim.htm\" target=\"_blank\" rel=\"noopener\"> <span style=\"font-weight: 400;\">presentar un reclamo<\/span><\/a><span style=\"font-weight: 400;\"> ante la Divisi\u00f3n de Compensaci\u00f3n de Trabajadores de California (DWC). Puede obtener el formulario de reclamo en el sitio web de la DWC o en la oficina de su empleador. Es importante presentar su reclamo de indemnizaci\u00f3n laboral lo antes posible.<\/span><\/li>\n<li style=\"font-weight: 400;\" aria-level=\"1\"><b>Coopere con la investigaci\u00f3n:<\/b><span style=\"font-weight: 400;\"> La compa\u00f1\u00eda de seguros de su empleador investigar\u00e1 su reclamo. Coopere con la investigaci\u00f3n y proporcione toda la informaci\u00f3n y documentaci\u00f3n que le soliciten, incluyendo facturas m\u00e9dicas.<\/span><\/li>\n<li style=\"font-weight: 400;\" aria-level=\"1\"><b>Consulte con un abogado:<\/b><span style=\"font-weight: 400;\"> Un abogado de lesiones personales puede guiarlo a trav\u00e9s del proceso, proteger sus derechos, y ayudarlo a obtener la m\u00e1xima compensaci\u00f3n posible. Seg\u00fan un estudio de la <\/span><i><span style=\"font-weight: 400;\">American Bar Association<\/span><\/i><span style=\"font-weight: 400;\">, los trabajadores lesionados en un accidente de trabajo que son representados por abogados de lesiones reciben significativamente m\u00e1s beneficios que aquellos que no lo son.<\/span><\/li>\n<\/ol>\n<h3>\u00bfCU\u00c1LES SON MIS DERECHOS COMO TRABAJADOR LESIONADO?<\/h3>\n<p><span style=\"font-weight: 400;\">Si usted ha sufrido una lesi\u00f3n o enfermedad en el trabajo, tiene derechos importantes bajo la ley de compensaci\u00f3n laboral de California. Estos derechos est\u00e1n dise\u00f1ados para protegerlo y ayudarlo a recuperarse de su lesi\u00f3n.<\/span><\/p>\n<p><span style=\"font-weight: 400;\">Algunos de sus derechos clave incluyen:<\/span><\/p>\n<ul>\n<li style=\"font-weight: 400;\" aria-level=\"1\"><b>Derecho a recibir atenci\u00f3n m\u00e9dica:<\/b><span style=\"font-weight: 400;\"> Tiene derecho a recibir <\/span><a href=\"https:\/\/www.dir.ca.gov\/dwc\/spanish\/MedicalCare.htm\" target=\"_blank\" rel=\"noopener\"><span style=\"font-weight: 400;\">atenci\u00f3n m\u00e9dica<\/span><\/a><span style=\"font-weight: 400;\"> para su lesi\u00f3n o enfermedad, incluyendo tratamiento m\u00e9dico, medicamentos, terapia f\u00edsica, y cirug\u00eda, si es necesario. Seg\u00fan la Divisi\u00f3n de Compensaci\u00f3n de Trabajadores de California (DWC), los trabajadores lesionados tienen derecho a elegir a su propio m\u00e9dico despu\u00e9s de 30 d\u00edas de haber reportado la lesi\u00f3n a su empleador.<\/span><\/li>\n<li style=\"font-weight: 400;\" aria-level=\"1\"><b>Derecho a recibir beneficios por discapacidad:<\/b><span style=\"font-weight: 400;\"> Si sus lesiones laborales le impiden trabajar, tiene derecho a recibir <\/span><a href=\"https:\/\/www.dir.ca.gov\/dwc\/spanish\/WorkersCompensationBenefits.htm\" target=\"_blank\" rel=\"noopener\"><span style=\"font-weight: 400;\">beneficios por discapacidad<\/span><\/a><span style=\"font-weight: 400;\"> para reemplazar una parte de sus salarios perdidos. La cantidad de beneficios que reciba depender\u00e1 de su salario promedio y de la gravedad de su discapacidad.<\/span><\/li>\n<li style=\"font-weight: 400;\" aria-level=\"1\"><b>Derecho a la rehabilitaci\u00f3n vocacional:<\/b><span style=\"font-weight: 400;\"> Si sus lesiones personales le impiden regresar a su trabajo, tiene derecho a recibir rehabilitaci\u00f3n vocacional para ayudarlo a aprender nuevas habilidades y encontrar un nuevo trabajo. La rehabilitaci\u00f3n vocacional puede incluir capacitaci\u00f3n laboral, asesor\u00eda profesional y asistencia para la b\u00fasqueda de empleo.<\/span><\/li>\n<li style=\"font-weight: 400;\" aria-level=\"1\"><b>Derecho a un lugar de trabajo seguro:<\/b><span style=\"font-weight: 400;\"> Tiene derecho a regresar a un lugar de trabajo seguro despu\u00e9s de su lesi\u00f3n. Su empleador debe tomar medidas para prevenir futuras lesiones y adaptar su trabajo a sus limitaciones, si es necesario.<\/span><\/li>\n<li style=\"font-weight: 400;\" aria-level=\"1\"><b>Derecho a estar libre de represalias:<\/b><span style=\"font-weight: 400;\"> Su empleador no puede tomar represalias contra usted por presentar un reclamo de compensaci\u00f3n laboral. Las represalias pueden incluir despido, degradaci\u00f3n, o cualquier otra acci\u00f3n adversa. Si cree que ha sido v\u00edctima de represalias, puede presentar una queja ante la Divisi\u00f3n de Cumplimiento de Normas Laborales de California (DLSE).<\/span><\/li>\n<\/ul>\n<p><b>Es importante comprender sus derechos como trabajador lesionado.<\/b><span style=\"font-weight: 400;\"> Si tiene alguna pregunta o inquietud, no dude en consultar con un abogado de compensaci\u00f3n laboral.<\/span><\/p>\n<p><span style=\"font-weight: 400;\">Adem\u00e1s, el DIR o Departamento de Relaciones Industriales de California publica una<\/span><a href=\"https:\/\/www.dir.ca.gov\/InjuredWorkerGuidebook\/Spanish\/InjuredWorkerGuidebook.html\" target=\"_blank\" rel=\"noopener\"> <span style=\"font-weight: 400;\">Gu\u00eda Para Trabajadores Lesionados<\/span><\/a><span style=\"font-weight: 400;\"> que le podr\u00eda ser de gran utilidad cuando busque una indemnizaci\u00f3n por accidente de trabajo.<\/span><\/p>\n<h3>TIPOS DE BENEFICIOS DE COMPENSACI\u00d3N LABORAL<\/h3>\n<p><span style=\"font-weight: 400;\">Si usted sufre una lesi\u00f3n o enfermedad laboral en el \u00e1rea de Los Angeles, tiene derecho a recibir <\/span><b>beneficios de compensaci\u00f3n laboral<\/b><span style=\"font-weight: 400;\"> que lo ayuden a recuperarse y a cubrir los gastos relacionados con su lesi\u00f3n. Estos beneficios se dividen en tres categor\u00edas principales:<\/span><\/p>\n<h4><b>1. Beneficios M\u00e9dicos:<\/b><\/h4>\n<ul>\n<li style=\"font-weight: 400;\" aria-level=\"1\"><span style=\"font-weight: 400;\">La indemnizaci\u00f3n por accidente laboral cubre <\/span><b>todos las facturas m\u00e9dicas razonables y necesarias<\/b><span style=\"font-weight: 400;\"> relacionadas con su lesi\u00f3n o enfermedad, incluyendo:<\/span>\n<ul>\n<li style=\"font-weight: 400;\" aria-level=\"2\"><span style=\"font-weight: 400;\">Visitas al m\u00e9dico<\/span><\/li>\n<li style=\"font-weight: 400;\" aria-level=\"2\"><span style=\"font-weight: 400;\">Hospitalizaci\u00f3n<\/span><\/li>\n<li style=\"font-weight: 400;\" aria-level=\"2\"><span style=\"font-weight: 400;\">Medicamentos<\/span><\/li>\n<li style=\"font-weight: 400;\" aria-level=\"2\"><span style=\"font-weight: 400;\">Terapia f\u00edsica<\/span><\/li>\n<li style=\"font-weight: 400;\" aria-level=\"2\"><span style=\"font-weight: 400;\">Cirug\u00eda<\/span><\/li>\n<li style=\"font-weight: 400;\" aria-level=\"2\"><span style=\"font-weight: 400;\">Equipo m\u00e9dico<\/span><\/li>\n<\/ul>\n<\/li>\n<\/ul>\n<h4><b>2. Beneficios por Discapacidad:<\/b><\/h4>\n<ul>\n<li style=\"font-weight: 400;\" aria-level=\"1\"><span style=\"font-weight: 400;\">Si sus lesiones personales le impiden trabajar, puede recibir <\/span><b>beneficios por discapacidad<\/b><span style=\"font-weight: 400;\"> para reemplazar una parte de sus <\/span><b>salarios perdidos<\/b><span style=\"font-weight: 400;\">.<\/span><\/li>\n<li style=\"font-weight: 400;\" aria-level=\"1\"><span style=\"font-weight: 400;\">Existen <\/span><b>diferentes tipos de beneficios por discapacidad<\/b><span style=\"font-weight: 400;\">, dependiendo de la gravedad de su lesi\u00f3n y de su capacidad para trabajar:<\/span>\n<ul>\n<li style=\"font-weight: 400;\" aria-level=\"2\"><b>Discapacidad temporal total (TTD):<\/b><span style=\"font-weight: 400;\"> Se paga mientras usted no puede trabajar en absoluto.<\/span><\/li>\n<li style=\"font-weight: 400;\" aria-level=\"2\"><b>Discapacidad temporal parcial (TPD):<\/b><span style=\"font-weight: 400;\"> Se paga si puede trabajar, pero con limitaciones.<\/span><\/li>\n<li style=\"font-weight: 400;\" aria-level=\"2\"><b>Discapacidad permanente total (PTD):<\/b><span style=\"font-weight: 400;\"> Se paga si su lesi\u00f3n le impide trabajar de forma permanente.<\/span><\/li>\n<li style=\"font-weight: 400;\" aria-level=\"2\"><b>Discapacidad permanente parcial (PPD):<\/b><span style=\"font-weight: 400;\"> Se paga por una discapacidad permanente que limita su capacidad para trabajar.<\/span><\/li>\n<\/ul>\n<\/li>\n<li style=\"font-weight: 400;\" aria-level=\"1\"><span style=\"font-weight: 400;\">La cantidad de beneficios que reciba depender\u00e1 de su salario promedio y del tipo de discapacidad. Seg\u00fan la Divisi\u00f3n de Compensaci\u00f3n de Trabajadores de California (DWC), los beneficios por discapacidad se calculan como dos tercios de su salario promedio semanal, hasta un m\u00e1ximo establecido por la ley.<\/span><\/li>\n<\/ul>\n<h4><b>3. Beneficios por muerte:<\/b><\/h4>\n<ul>\n<li style=\"font-weight: 400;\" aria-level=\"1\"><span style=\"font-weight: 400;\">Si un trabajador fallece como resultado de una lesi\u00f3n o enfermedad laboral, sus familiares pueden tener derecho a recibir beneficios por muerte.<\/span><\/li>\n<li style=\"font-weight: 400;\" aria-level=\"1\"><span style=\"font-weight: 400;\">Estos beneficios pueden incluir:<\/span>\n<ul>\n<li style=\"font-weight: 400;\" aria-level=\"2\"><b>Gastos funerarios<\/b><\/li>\n<li style=\"font-weight: 400;\" aria-level=\"2\"><b>Pagos semanales<\/b><span style=\"font-weight: 400;\"> a los dependientes del trabajador fallecido<\/span><\/li>\n<\/ul>\n<\/li>\n<li style=\"font-weight: 400;\" aria-level=\"1\"><span style=\"font-weight: 400;\">La cantidad de beneficios por muerte en un accidente de trabajo var\u00eda seg\u00fan el n\u00famero de dependientes y los ingresos del trabajador fallecido. La DWC proporciona informaci\u00f3n detallada sobre los requisitos de elegibilidad y el proceso de reclamo para los beneficios por muerte.<\/span><\/li>\n<\/ul>\n<h5><b>Es importante comprender los diferentes tipos de beneficios de compensaci\u00f3n laboral para asegurarse de que est\u00e1 recibiendo todo lo que le corresponde.<\/b><\/h5>\n<h3>\u00bfPOR QU\u00c9 NECESITO UN ABOGADO DE COMPENSACI\u00d3N LABORAL?<\/h3>\n<p><span style=\"font-weight: 400;\">Si bien el sistema de compensaci\u00f3n laboral de California est\u00e1 dise\u00f1ado para proteger a los trabajadores lesionados, navegar por el proceso puede ser complicado y estresante. Las compa\u00f1\u00edas de seguros a menudo buscan minimizar los pagos, y los empleadores pueden no ser conscientes de sus obligaciones.<\/span><\/p>\n<p><span style=\"font-weight: 400;\">Un abogado de indemnizaci\u00f3n laboral puede ser su mejor aliado para proteger sus derechos y obtener la m\u00e1xima compensaci\u00f3n posible.<\/span><\/p>\n<p><span style=\"font-weight: 400;\">\u00bfC\u00f3mo puede ayudarlo un abogado?<\/span><\/p>\n<ul>\n<li style=\"font-weight: 400;\" aria-level=\"1\"><b>Comprender sus derechos:<\/b><span style=\"font-weight: 400;\"> Un abogado puede explicarle las leyes de compensaci\u00f3n laboral y c\u00f3mo se aplican a su caso espec\u00edfico. Le ayudar\u00e1 a comprender los beneficios a los que tiene derecho y el proceso para obtenerlos.<\/span><\/li>\n<li style=\"font-weight: 400;\" aria-level=\"1\"><b>Presentar su reclamo:<\/b><span style=\"font-weight: 400;\"> Un abogado puede ayudarle a recopilar la documentaci\u00f3n necesaria y presentar un reclamo completo y preciso. Esto puede aumentar sus posibilidades de que su reclamo sea aprobado.<\/span><\/li>\n<li style=\"font-weight: 400;\" aria-level=\"1\"><b>Negociar con la compa\u00f1\u00eda de seguros:<\/b><span style=\"font-weight: 400;\"> Un abogado puede negociar con la compa\u00f1\u00eda de seguros en su nombre para obtener un acuerdo justo que cubra sus gastos m\u00e9dicos, salarios perdidos, y otros da\u00f1os.<\/span><\/li>\n<li style=\"font-weight: 400;\" aria-level=\"1\"><b>Representarlo en audiencias: <\/b><span style=\"font-weight: 400;\">Si su reclamo es denegado o disputado, un abogado puede lo representar en audiencias ante la Junta de Apelaciones de Compensaci\u00f3n para Trabajadores (WCAB).<\/span><\/li>\n<li style=\"font-weight: 400;\" aria-level=\"1\"><b>Apelar decisiones: <\/b><span style=\"font-weight: 400;\">Si no est\u00e1 satisfecho con la decisi\u00f3n de la WCAB, un abogado puede ayudarlo a apelar la decisi\u00f3n a un tribunal superior.<\/span><\/li>\n<li style=\"font-weight: 400;\" aria-level=\"1\"><b>Protegerlo de represalias:<\/b><span style=\"font-weight: 400;\"> Un abogado puede protegerlo de las represalias de su empleador por presentar un reclamo de compensaci\u00f3n laboral.<\/span><\/li>\n<\/ul>\n<p><b>No se arriesgue a perder los beneficios que merece.<\/b><span style=\"font-weight: 400;\"> Contacte a un abogado de accidente de trabajo hoy mismo.<\/span><\/p>\n<h2>Defensa legal sin riesgos financieros para usted<\/h2>\n<p><span style=\"font-weight: 400;\">No enfrente este proceso solo. Contar con un abogado con experiencia puede marcar la diferencia para <\/span><b>proteger sus derechos y obtener la compensaci\u00f3n que merece<\/b><span style=\"font-weight: 400;\">. En las Oficinas Legales de Belal Hamideh, entendemos lo importante que es para usted no asumir costos adicionales en un momento dif\u00edcil. Por eso,<\/span><a href=\"https:\/\/belalhamidehlaw.com\/es\/solo-cobramos-si-usted-lo-hace\/\"> <b>no cobramos honorarios a menos que ganemos su caso<\/b><\/a><span style=\"font-weight: 400;\">. Nuestro compromiso no termina hasta que usted reciba la compensaci\u00f3n que le corresponde. Somos reconocidos por una <\/span><b>negociaci\u00f3n firme y estrat\u00e9gica<\/b><span style=\"font-weight: 400;\">, siempre defendiendo los intereses de nuestros clientes desde el primer momento. Adem\u00e1s, durante todo el proceso estaremos disponibles para acompa\u00f1arlo, responder sus dudas y brindarle el apoyo que necesita.<\/span><\/p>\n","protected":false},"excerpt":{"rendered":"<p>&nbsp; \u00bfSUFRI\u00d3 UN ACCIDENTE LABORAL EN LOS ANGELES? Sufrir una lesi\u00f3n en el trabajo puede ser una experiencia devastadora. Adem\u00e1s del dolor f\u00edsico, se enfrenta a la incertidumbre sobre su futuro, sus finanzas y su capacidad para mantener a su familia. En California, la compensaci\u00f3n laboral, o Workers\u2019 Compensation en ingl\u00e9s, est\u00e1 dise\u00f1ada para protegerlo&#8230; <\/p>\n<p class=\"excerpt-read-more-container pull-right\"><a class=\"excerpt-read-more btn btn-primary\" href=\"https:\/\/belalhamidehlaw.com\/es\/compensacion-laboral\/\" title=\"Read Abogado de compensaci\u00f3n laboral en Los Angeles\">Leer M\u00e1s<\/a><\/p>\n","protected":false},"author":25,"featured_media":41111,"parent":0,"menu_order":0,"comment_status":"closed","ping_status":"closed","template":"template-service.php","meta":{"footnotes":""},"class_list":["post-12222","page","type-page","status-publish","has-post-thumbnail","hentry"],"_links":{"self":[{"href":"https:\/\/belalhamidehlaw.com\/es\/wp-json\/wp\/v2\/pages\/12222","targetHints":{"allow":["GET"]}}],"collection":[{"href":"https:\/\/belalhamidehlaw.com\/es\/wp-json\/wp\/v2\/pages"}],"about":[{"href":"https:\/\/belalhamidehlaw.com\/es\/wp-json\/wp\/v2\/types\/page"}],"author":[{"embeddable":true,"href":"https:\/\/belalhamidehlaw.com\/es\/wp-json\/wp\/v2\/users\/25"}],"replies":[{"embeddable":true,"href":"https:\/\/belalhamidehlaw.com\/es\/wp-json\/wp\/v2\/comments?post=12222"}],"version-history":[{"count":5,"href":"https:\/\/belalhamidehlaw.com\/es\/wp-json\/wp\/v2\/pages\/12222\/revisions"}],"predecessor-version":[{"id":41115,"href":"https:\/\/belalhamidehlaw.com\/es\/wp-json\/wp\/v2\/pages\/12222\/revisions\/41115"}],"wp:featuredmedia":[{"embeddable":true,"href":"https:\/\/belalhamidehlaw.com\/es\/wp-json\/wp\/v2\/media\/41111"}],"wp:attachment":[{"href":"https:\/\/belalhamidehlaw.com\/es\/wp-json\/wp\/v2\/media?parent=12222"}],"curies":[{"name":"wp","href":"https:\/\/api.w.org\/{rel}","templated":true}]}}